{"id":417,"date":"2020-07-29T17:07:09","date_gmt":"2020-07-29T15:07:09","guid":{"rendered":"https:\/\/meetsafe.hu\/?page_id=417"},"modified":"2020-12-16T13:44:52","modified_gmt":"2020-12-16T12:44:52","slug":"multi-city-and-location","status":"publish","type":"page","link":"https:\/\/meetsafe.hu\/en\/hibrid-rendezvenyek\/multi-city-and-location\/","title":{"rendered":"Multi-City and Multi-Location"},"content":{"rendered":"<div data-elementor-type=\"wp-page\" data-elementor-id=\"417\" class=\"elementor elementor-417\" data-elementor-post-type=\"page\">\n\t\t\t\t\t\t<section class=\"elementor-section elementor-top-section elementor-element elementor-element-45bf99a9 elementor-section-content-top elementor-section-full_width elementor-section-height-default elementor-section-height-default\" data-id=\"45bf99a9\" data-element_type=\"section\">\n\t\t\t\t\t\t<div class=\"elementor-container elementor-column-gap-default\">\n\t\t\t\t\t<div class=\"elementor-column elementor-col-100 elementor-top-column elementor-element elementor-element-62c01668\" data-id=\"62c01668\" data-element_type=\"column\">\n\t\t\t<div class=\"elementor-widget-wrap elementor-element-populated\">\n\t\t\t\t\t\t<div class=\"elementor-element elementor-element-7b1d0a6f animated-slow elementor-widget elementor-widget-heading\" data-id=\"7b1d0a6f\" data-element_type=\"widget\" data-settings=\"{&quot;_animation&quot;:&quot;none&quot;,&quot;_animation_delay&quot;:0}\" data-widget_type=\"heading.default\">\n\t\t\t\t<div class=\"elementor-widget-container\">\n\t\t\t<h2 class=\"elementor-heading-title elementor-size-default\">HYBRID EVENTS<\/h2>\t\t<\/div>\n\t\t\t\t<\/div>\n\t\t\t\t<div class=\"elementor-element elementor-element-2ce1666d animated-slow elementor-widget elementor-widget-heading\" data-id=\"2ce1666d\" data-element_type=\"widget\" data-settings=\"{&quot;_animation&quot;:&quot;none&quot;,&quot;_animation_delay&quot;:100}\" data-widget_type=\"heading.default\">\n\t\t\t\t<div class=\"elementor-widget-container\">\n\t\t\t<h2 class=\"elementor-heading-title elementor-size-default\">Multi-City events<br>Multi-Location events<\/h2>\t\t<\/div>\n\t\t\t\t<\/div>\n\t\t\t\t\t<\/div>\n\t\t<\/div>\n\t\t\t\t\t<\/div>\n\t\t<\/section>\n\t\t\t\t<section class=\"elementor-section elementor-top-section elementor-element elementor-element-684e661 elementor-section-full_width elementor-section-height-default elementor-section-height-default\" data-id=\"684e661\" data-element_type=\"section\">\n\t\t\t\t\t\t<div class=\"elementor-container elementor-column-gap-wide\">\n\t\t\t\t\t<div class=\"elementor-column elementor-col-50 elementor-top-column elementor-element elementor-element-18fb65f\" data-id=\"18fb65f\" data-element_type=\"column\">\n\t\t\t<div class=\"elementor-widget-wrap elementor-element-populated\">\n\t\t\t\t\t\t<div class=\"elementor-element elementor-element-6b05a2d animated-slow elementor-widget elementor-widget-text-editor\" data-id=\"6b05a2d\" data-element_type=\"widget\" data-settings=\"{&quot;_animation&quot;:&quot;none&quot;,&quot;_animation_delay&quot;:200}\" data-widget_type=\"text-editor.default\">\n\t\t\t\t<div class=\"elementor-widget-container\">\n\t\t\t\t\t\t\t<p class=\" translation-block\">Both concepts are based on the similar principle to organize smaller events <strong>in different cities at the same time, to ensure a higher overall participation<\/strong>. In the short run attendees will travel more likely within their home or to neighboring countries rather than to farther destinations. In a given region the regulations are probably very similar, therefore similar restrictions may apply upon departure to or returning home from a foreign country. Individual car travel or a quick flight to nearby locations will be an easier choice, just as easy to return home if any problem arises.<\/p>\t\t\t\t\t\t<\/div>\n\t\t\t\t<\/div>\n\t\t\t\t\t<\/div>\n\t\t<\/div>\n\t\t\t\t<div class=\"elementor-column elementor-col-50 elementor-top-column elementor-element elementor-element-1fc99ed\" data-id=\"1fc99ed\" data-element_type=\"column\">\n\t\t\t<div class=\"elementor-widget-wrap elementor-element-populated\">\n\t\t\t\t\t\t<div class=\"elementor-element elementor-element-a1f3d73 elementor-align-center elementor-widget elementor-widget-lottie\" data-id=\"a1f3d73\" data-element_type=\"widget\" data-settings=\"{&quot;source_json&quot;:{&quot;url&quot;:&quot;https:\\\/\\\/meetsafe.hu\\\/wp-content\\\/uploads\\\/2020\\\/09\\\/multycity_outlined_gold.json&quot;,&quot;id&quot;:1300,&quot;size&quot;:&quot;&quot;},&quot;loop&quot;:&quot;yes&quot;,&quot;source&quot;:&quot;media_file&quot;,&quot;caption_source&quot;:&quot;none&quot;,&quot;link_to&quot;:&quot;none&quot;,&quot;trigger&quot;:&quot;arriving_to_viewport&quot;,&quot;viewport&quot;:{&quot;unit&quot;:&quot;%&quot;,&quot;size&quot;:&quot;&quot;,&quot;sizes&quot;:{&quot;start&quot;:0,&quot;end&quot;:100}},&quot;play_speed&quot;:{&quot;unit&quot;:&quot;px&quot;,&quot;size&quot;:1,&quot;sizes&quot;:[]},&quot;start_point&quot;:{&quot;unit&quot;:&quot;%&quot;,&quot;size&quot;:0,&quot;sizes&quot;:[]},&quot;end_point&quot;:{&quot;unit&quot;:&quot;%&quot;,&quot;size&quot;:100,&quot;sizes&quot;:[]},&quot;renderer&quot;:&quot;svg&quot;}\" data-widget_type=\"lottie.default\">\n\t\t\t\t<div class=\"elementor-widget-container\">\n\t\t\t<div class=\"e-lottie__container\"><div class=\"e-lottie__animation\"><\/div><\/div>\t\t<\/div>\n\t\t\t\t<\/div>\n\t\t\t\t\t<\/div>\n\t\t<\/div>\n\t\t\t\t\t<\/div>\n\t\t<\/section>\n\t\t\t\t<section class=\"elementor-section elementor-top-section elementor-element elementor-element-0d55b35 elementor-section-full_width elementor-hidden-desktop elementor-hidden-tablet elementor-section-height-default elementor-section-height-default\" data-id=\"0d55b35\" data-element_type=\"section\">\n\t\t\t\t\t\t<div class=\"elementor-container elementor-column-gap-wide\">\n\t\t\t\t\t<div class=\"elementor-column elementor-col-50 elementor-top-column elementor-element elementor-element-408a134\" data-id=\"408a134\" data-element_type=\"column\">\n\t\t\t<div class=\"elementor-widget-wrap elementor-element-populated\">\n\t\t\t\t\t\t<div class=\"elementor-element elementor-element-251f244 animated-slow elementor-widget elementor-widget-text-editor\" data-id=\"251f244\" data-element_type=\"widget\" data-settings=\"{&quot;_animation&quot;:&quot;none&quot;,&quot;_animation_delay&quot;:200}\" data-widget_type=\"text-editor.default\">\n\t\t\t\t<div class=\"elementor-widget-container\">\n\t\t\t\t\t\t\t<p class=\" translation-block\"><strong>In case of multi-location occasions, larger local events are split into smaller groups at various venues within the same city. <\/strong><\/p>\t\t\t\t\t\t<\/div>\n\t\t\t\t<\/div>\n\t\t\t\t<div class=\"elementor-element elementor-element-780b606 elementor-align-center elementor-widget elementor-widget-lottie\" data-id=\"780b606\" data-element_type=\"widget\" data-settings=\"{&quot;source_json&quot;:{&quot;url&quot;:&quot;https:\\\/\\\/meetsafe.hu\\\/wp-content\\\/uploads\\\/2020\\\/09\\\/multilocation_outline_gold.json&quot;,&quot;id&quot;:1301,&quot;size&quot;:&quot;&quot;},&quot;loop&quot;:&quot;yes&quot;,&quot;source&quot;:&quot;media_file&quot;,&quot;caption_source&quot;:&quot;none&quot;,&quot;link_to&quot;:&quot;none&quot;,&quot;trigger&quot;:&quot;arriving_to_viewport&quot;,&quot;viewport&quot;:{&quot;unit&quot;:&quot;%&quot;,&quot;size&quot;:&quot;&quot;,&quot;sizes&quot;:{&quot;start&quot;:0,&quot;end&quot;:100}},&quot;play_speed&quot;:{&quot;unit&quot;:&quot;px&quot;,&quot;size&quot;:1,&quot;sizes&quot;:[]},&quot;start_point&quot;:{&quot;unit&quot;:&quot;%&quot;,&quot;size&quot;:0,&quot;sizes&quot;:[]},&quot;end_point&quot;:{&quot;unit&quot;:&quot;%&quot;,&quot;size&quot;:100,&quot;sizes&quot;:[]},&quot;renderer&quot;:&quot;svg&quot;}\" data-widget_type=\"lottie.default\">\n\t\t\t\t<div class=\"elementor-widget-container\">\n\t\t\t<div class=\"e-lottie__container\"><div class=\"e-lottie__animation\"><\/div><\/div>\t\t<\/div>\n\t\t\t\t<\/div>\n\t\t\t\t\t<\/div>\n\t\t<\/div>\n\t\t\t\t<div class=\"elementor-column elementor-col-50 elementor-top-column elementor-element elementor-element-9190323\" data-id=\"9190323\" data-element_type=\"column\">\n\t\t\t<div class=\"elementor-widget-wrap\">\n\t\t\t\t\t\t\t<\/div>\n\t\t<\/div>\n\t\t\t\t\t<\/div>\n\t\t<\/section>\n\t\t\t\t<section class=\"elementor-section elementor-top-section elementor-element elementor-element-00976b3 elementor-section-full_width elementor-hidden-phone elementor-section-height-default elementor-section-height-default\" data-id=\"00976b3\" data-element_type=\"section\">\n\t\t\t\t\t\t<div class=\"elementor-container elementor-column-gap-wide\">\n\t\t\t\t\t<div class=\"elementor-column elementor-col-50 elementor-top-column elementor-element elementor-element-4c48778\" data-id=\"4c48778\" data-element_type=\"column\">\n\t\t\t<div class=\"elementor-widget-wrap elementor-element-populated\">\n\t\t\t\t\t\t<div class=\"elementor-element elementor-element-78b9606 elementor-align-center elementor-widget elementor-widget-lottie\" data-id=\"78b9606\" data-element_type=\"widget\" data-settings=\"{&quot;source_json&quot;:{&quot;url&quot;:&quot;https:\\\/\\\/meetsafe.hu\\\/wp-content\\\/uploads\\\/2020\\\/09\\\/multilocation_outline_gold.json&quot;,&quot;id&quot;:1301,&quot;size&quot;:&quot;&quot;},&quot;loop&quot;:&quot;yes&quot;,&quot;source&quot;:&quot;media_file&quot;,&quot;caption_source&quot;:&quot;none&quot;,&quot;link_to&quot;:&quot;none&quot;,&quot;trigger&quot;:&quot;arriving_to_viewport&quot;,&quot;viewport&quot;:{&quot;unit&quot;:&quot;%&quot;,&quot;size&quot;:&quot;&quot;,&quot;sizes&quot;:{&quot;start&quot;:0,&quot;end&quot;:100}},&quot;play_speed&quot;:{&quot;unit&quot;:&quot;px&quot;,&quot;size&quot;:1,&quot;sizes&quot;:[]},&quot;start_point&quot;:{&quot;unit&quot;:&quot;%&quot;,&quot;size&quot;:0,&quot;sizes&quot;:[]},&quot;end_point&quot;:{&quot;unit&quot;:&quot;%&quot;,&quot;size&quot;:100,&quot;sizes&quot;:[]},&quot;renderer&quot;:&quot;svg&quot;}\" data-widget_type=\"lottie.default\">\n\t\t\t\t<div class=\"elementor-widget-container\">\n\t\t\t<div class=\"e-lottie__container\"><div class=\"e-lottie__animation\"><\/div><\/div>\t\t<\/div>\n\t\t\t\t<\/div>\n\t\t\t\t\t<\/div>\n\t\t<\/div>\n\t\t\t\t<div class=\"elementor-column elementor-col-50 elementor-top-column elementor-element elementor-element-81283b6\" data-id=\"81283b6\" data-element_type=\"column\">\n\t\t\t<div class=\"elementor-widget-wrap elementor-element-populated\">\n\t\t\t\t\t\t<div class=\"elementor-element elementor-element-ec79762 animated-slow elementor-widget elementor-widget-text-editor\" data-id=\"ec79762\" data-element_type=\"widget\" data-settings=\"{&quot;_animation&quot;:&quot;none&quot;,&quot;_animation_delay&quot;:200}\" data-widget_type=\"text-editor.default\">\n\t\t\t\t<div class=\"elementor-widget-container\">\n\t\t\t\t\t\t\t<p class=\" translation-block\"><strong>In case of multi-location occasions, larger local events are split into smaller groups at various venues within the same city. <\/strong><\/p>\t\t\t\t\t\t<\/div>\n\t\t\t\t<\/div>\n\t\t\t\t\t<\/div>\n\t\t<\/div>\n\t\t\t\t\t<\/div>\n\t\t<\/section>\n\t\t\t\t<section class=\"elementor-section elementor-top-section elementor-element elementor-element-cb35f08 elementor-section-full_width elementor-section-height-default elementor-section-height-default\" data-id=\"cb35f08\" data-element_type=\"section\">\n\t\t\t\t\t\t<div class=\"elementor-container elementor-column-gap-default\">\n\t\t\t\t\t<div class=\"elementor-column elementor-col-100 elementor-top-column elementor-element elementor-element-3d3ddaa\" data-id=\"3d3ddaa\" data-element_type=\"column\">\n\t\t\t<div class=\"elementor-widget-wrap elementor-element-populated\">\n\t\t\t\t\t\t<div class=\"elementor-element elementor-element-23e9646 elementor-widget elementor-widget-heading\" data-id=\"23e9646\" data-element_type=\"widget\" data-widget_type=\"heading.default\">\n\t\t\t\t<div class=\"elementor-widget-container\">\n\t\t\t<h2 class=\"elementor-heading-title elementor-size-default\">Two solutions with the same advantage<\/h2>\t\t<\/div>\n\t\t\t\t<\/div>\n\t\t\t\t<div class=\"elementor-element elementor-element-4d0fee8 elementor-widget elementor-widget-text-editor\" data-id=\"4d0fee8\" data-element_type=\"widget\" data-widget_type=\"text-editor.default\">\n\t\t\t\t<div class=\"elementor-widget-container\">\n\t\t\t\t\t\t\t<p>Larger audience can participate, while both attendees and presenters have a better sense of safety if they travel to a closer destination and meet people from the same region. Thanks to the smaller number of participants in each location, guests enjoy a more convenient and manageable environment with a more intimate atmosphere. Participants will have more trust and willingness to attend such events in person.<\/p>\t\t\t\t\t\t<\/div>\n\t\t\t\t<\/div>\n\t\t\t\t\t<\/div>\n\t\t<\/div>\n\t\t\t\t\t<\/div>\n\t\t<\/section>\n\t\t\t\t<section class=\"elementor-section elementor-top-section elementor-element elementor-element-6d482ff elementor-section-full_width elementor-section-height-default elementor-section-height-default\" data-id=\"6d482ff\" data-element_type=\"section\" data-no-translation=\"\">\n\t\t\t\t\t\t<div class=\"elementor-container elementor-column-gap-default\">\n\t\t\t\t\t<div class=\"elementor-column elementor-col-100 elementor-top-column elementor-element elementor-element-fb3c345\" data-id=\"fb3c345\" data-element_type=\"column\">\n\t\t\t<div class=\"elementor-widget-wrap elementor-element-populated\">\n\t\t\t\t\t\t<div class=\"elementor-element elementor-element-8f6a7c3 elementor-blockquote--skin-border elementor-blockquote--button-color-official elementor-widget elementor-widget-blockquote\" data-id=\"8f6a7c3\" data-element_type=\"widget\" data-widget_type=\"blockquote.default\">\n\t\t\t\t<div class=\"elementor-widget-container\">\n\t\t\t\t\t<blockquote class=\"elementor-blockquote\">\n\t\t\t<p class=\"elementor-blockquote__content\">\n\t\t\t\tIt is very important to engage and interactively involve online participants, too, as well as ensure their personal contribution to the overall community experience. Solutions for enhanced visual experience, interactive tools, content and technology developments are listed under <a href=\"https:\/\/meetsafe.hu\/en\/virtualis-rendezvenymegoldasok\/\" target=\"_self\"><span style=\"color: #c09353;\">'VIRTUAL EVENT SOLUTIONS'<\/a><\/span>.\t\t\t<\/p>\n\t\t\t\t\t<\/blockquote>\n\t\t\t\t<\/div>\n\t\t\t\t<\/div>\n\t\t\t\t\t<\/div>\n\t\t<\/div>\n\t\t\t\t\t<\/div>\n\t\t<\/section>\n\t\t\t\t<section class=\"elementor-section elementor-top-section elementor-element elementor-element-2f0316ed elementor-section-full_width elementor-section-content-top elementor-section-height-default elementor-section-height-default\" data-id=\"2f0316ed\" data-element_type=\"section\">\n\t\t\t\t\t\t<div class=\"elementor-container elementor-column-gap-default\">\n\t\t\t\t\t<div class=\"elementor-column elementor-col-100 elementor-top-column elementor-element elementor-element-d2002f5\" data-id=\"d2002f5\" data-element_type=\"column\">\n\t\t\t<div class=\"elementor-widget-wrap elementor-element-populated\">\n\t\t\t\t\t\t<div class=\"elementor-element elementor-element-f8ae53a animated-slow elementor-widget elementor-widget-text-editor\" data-id=\"f8ae53a\" data-element_type=\"widget\" data-settings=\"{&quot;_animation&quot;:&quot;none&quot;,&quot;_animation_delay&quot;:200}\" data-widget_type=\"text-editor.default\">\n\t\t\t\t<div class=\"elementor-widget-container\">\n\t\t\t\t\t\t\t<p>Guests can follow some program elements only via streaming, yet enjoy the personal presence at the respective venue. Presentations from all locations in all cities are cross-streamed therefore the entire event content is available to every attendee, while local programs provide the unique live experience for onsite guests.<\/p>\t\t\t\t\t\t<\/div>\n\t\t\t\t<\/div>\n\t\t\t\t\t<\/div>\n\t\t<\/div>\n\t\t\t\t\t<\/div>\n\t\t<\/section>\n\t\t\t\t<section class=\"elementor-section elementor-top-section elementor-element elementor-element-553b16cf elementor-section-content-middle elementor-section-full_width elementor-section-height-default elementor-section-height-default\" data-id=\"553b16cf\" data-element_type=\"section\" data-settings=\"{&quot;background_background&quot;:&quot;classic&quot;}\">\n\t\t\t\t\t\t<div class=\"elementor-container elementor-column-gap-no\">\n\t\t\t\t\t<div class=\"elementor-column elementor-col-100 elementor-top-column elementor-element elementor-element-6634bf4b\" data-id=\"6634bf4b\" data-element_type=\"column\">\n\t\t\t<div class=\"elementor-widget-wrap elementor-element-populated\">\n\t\t\t\t\t\t<div class=\"elementor-element elementor-element-279613b4 elementor-widget elementor-widget-heading\" data-id=\"279613b4\" data-element_type=\"widget\" data-widget_type=\"heading.default\">\n\t\t\t\t<div class=\"elementor-widget-container\">\n\t\t\t<div class=\"elementor-heading-title elementor-size-default\">\u00a9 SPECIAL EFFECTS ltd. <br>kraftwerk design &amp; production llc.<br>all rights reserved. 2020<\/div>\t\t<\/div>\n\t\t\t\t<\/div>\n\t\t\t\t\t<\/div>\n\t\t<\/div>\n\t\t\t\t\t<\/div>\n\t\t<\/section>\n\t\t\t\t<\/div>","protected":false},"excerpt":{"rendered":"<p>A HIBRID RENDEZV\u00c9NYEK\u00c9 A J\u00d6V\u0150! Multi-City rendezv\u00e9nyek Multi-Location rendezv\u00e9nyek A k\u00e9t, hasonl\u00f3 elven alapul\u00f3 rendezv\u00e9nyforma k\u00f6z\u00fcl az els\u0151n\u00e9l egy id\u0151ben, k\u00fcl\u00f6nb\u00f6z\u0151 v\u00e1rosokban, kisebb l\u00e9tsz\u00e1m\u00fa esem\u00e9nyeket szervez\u00fcnk meg, ezzel biztos\u00edtva a nagyobb szem\u00e9lyes r\u00e9szv\u00e9telt. A k\u00f6zelj\u00f6v\u0151ben sokkal nagyobb val\u00f3sz\u00edn\u0171s\u00e9ggel utaznak az emberek orsz\u00e1gon bel\u00fcl \u00e9s\/vagy szomsz\u00e9dos orsz\u00e1gokba, mint t\u00e1volabbi helyekre. Egy adott r\u00e9gi\u00f3ban nagyon hasonl\u00f3ak a [&hellip;]<\/p>","protected":false},"author":1,"featured_media":0,"parent":20,"menu_order":0,"comment_status":"closed","ping_status":"closed","template":"","meta":{"footnotes":""},"class_list":["post-417","page","type-page","status-publish","hentry"],"yoast_head":"<!-- This site is optimized with the Yoast SEO plugin v23.6 - https:\/\/yoast.com\/wordpress\/plugins\/seo\/ -->\n<title>Multi-City \u00e9s Multi-Location - Meet Safe<\/title>\n<meta name=\"robots\" content=\"index, follow, max-snippet:-1, max-image-preview:large, max-video-preview:-1\" \/>\n<link rel=\"canonical\" href=\"https:\/\/meetsafe.hu\/en\/hibrid-rendezvenyek\/multi-city-and-location\/\" \/>\n<meta property=\"og:locale\" content=\"en_US\" \/>\n<meta property=\"og:type\" content=\"article\" \/>\n<meta property=\"og:title\" content=\"Multi-City \u00e9s Multi-Location - Meet Safe\" \/>\n<meta property=\"og:description\" content=\"A HIBRID RENDEZV\u00c9NYEK\u00c9 A J\u00d6V\u0150! Multi-City rendezv\u00e9nyek Multi-Location rendezv\u00e9nyek A k\u00e9t, hasonl\u00f3 elven alapul\u00f3 rendezv\u00e9nyforma k\u00f6z\u00fcl az els\u0151n\u00e9l egy id\u0151ben, k\u00fcl\u00f6nb\u00f6z\u0151 v\u00e1rosokban, kisebb l\u00e9tsz\u00e1m\u00fa esem\u00e9nyeket szervez\u00fcnk meg, ezzel biztos\u00edtva a nagyobb szem\u00e9lyes r\u00e9szv\u00e9telt. A k\u00f6zelj\u00f6v\u0151ben sokkal nagyobb val\u00f3sz\u00edn\u0171s\u00e9ggel utaznak az emberek orsz\u00e1gon bel\u00fcl \u00e9s\/vagy szomsz\u00e9dos orsz\u00e1gokba, mint t\u00e1volabbi helyekre. Egy adott r\u00e9gi\u00f3ban nagyon hasonl\u00f3ak a [&hellip;]\" \/>\n<meta property=\"og:url\" content=\"https:\/\/meetsafe.hu\/en\/hibrid-rendezvenyek\/multi-city-and-location\/\" \/>\n<meta property=\"og:site_name\" content=\"Meet Safe\" \/>\n<meta property=\"article:publisher\" content=\"https:\/\/www.facebook.com\/meetsafe.speceffects\" \/>\n<meta property=\"article:modified_time\" content=\"2020-12-16T12:44:52+00:00\" \/>\n<meta name=\"twitter:card\" content=\"summary_large_image\" \/>\n<meta name=\"twitter:label1\" content=\"Est. reading time\" \/>\n\t<meta name=\"twitter:data1\" content=\"3 minutes\" \/>\n<script type=\"application\/ld+json\" class=\"yoast-schema-graph\">{\"@context\":\"https:\/\/schema.org\",\"@graph\":[{\"@type\":\"WebPage\",\"@id\":\"https:\/\/meetsafe.hu\/hu\/hibrid-rendezvenyek\/multi-city-and-location\/\",\"url\":\"https:\/\/meetsafe.hu\/hu\/hibrid-rendezvenyek\/multi-city-and-location\/\",\"name\":\"Multi-City \u00e9s Multi-Location - Meet Safe\",\"isPartOf\":{\"@id\":\"https:\/\/meetsafe.hu\/hu\/#website\"},\"datePublished\":\"2020-07-29T15:07:09+00:00\",\"dateModified\":\"2020-12-16T12:44:52+00:00\",\"breadcrumb\":{\"@id\":\"https:\/\/meetsafe.hu\/hu\/hibrid-rendezvenyek\/multi-city-and-location\/#breadcrumb\"},\"inLanguage\":\"en-US\",\"potentialAction\":[{\"@type\":\"ReadAction\",\"target\":[\"https:\/\/meetsafe.hu\/hu\/hibrid-rendezvenyek\/multi-city-and-location\/\"]}]},{\"@type\":\"BreadcrumbList\",\"@id\":\"https:\/\/meetsafe.hu\/hu\/hibrid-rendezvenyek\/multi-city-and-location\/#breadcrumb\",\"itemListElement\":[{\"@type\":\"ListItem\",\"position\":1,\"name\":\"Home\",\"item\":\"https:\/\/meetsafe.hu\/hu\/\"},{\"@type\":\"ListItem\",\"position\":2,\"name\":\"Hibrid Rendezv\u00e9nyek\",\"item\":\"https:\/\/meetsafe.hu\/hu\/hibrid-rendezvenyek\/\"},{\"@type\":\"ListItem\",\"position\":3,\"name\":\"Multi-City \u00e9s Multi-Location\"}]},{\"@type\":\"WebSite\",\"@id\":\"https:\/\/meetsafe.hu\/hu\/#website\",\"url\":\"https:\/\/meetsafe.hu\/hu\/\",\"name\":\"Meet Safe\",\"description\":\"SE\",\"potentialAction\":[{\"@type\":\"SearchAction\",\"target\":{\"@type\":\"EntryPoint\",\"urlTemplate\":\"https:\/\/meetsafe.hu\/hu\/?s={search_term_string}\"},\"query-input\":{\"@type\":\"PropertyValueSpecification\",\"valueRequired\":true,\"valueName\":\"search_term_string\"}}],\"inLanguage\":\"en-US\"}]}<\/script>\n<!-- \/ Yoast SEO plugin. -->","yoast_head_json":{"title":"Multi-City \u00e9s Multi-Location - Meet Safe","robots":{"index":"index","follow":"follow","max-snippet":"max-snippet:-1","max-image-preview":"max-image-preview:large","max-video-preview":"max-video-preview:-1"},"canonical":"https:\/\/meetsafe.hu\/en\/hibrid-rendezvenyek\/multi-city-and-location\/","og_locale":"en_US","og_type":"article","og_title":"Multi-City \u00e9s Multi-Location - Meet Safe","og_description":"A HIBRID RENDEZV\u00c9NYEK\u00c9 A J\u00d6V\u0150! Multi-City rendezv\u00e9nyek Multi-Location rendezv\u00e9nyek A k\u00e9t, hasonl\u00f3 elven alapul\u00f3 rendezv\u00e9nyforma k\u00f6z\u00fcl az els\u0151n\u00e9l egy id\u0151ben, k\u00fcl\u00f6nb\u00f6z\u0151 v\u00e1rosokban, kisebb l\u00e9tsz\u00e1m\u00fa esem\u00e9nyeket szervez\u00fcnk meg, ezzel biztos\u00edtva a nagyobb szem\u00e9lyes r\u00e9szv\u00e9telt. A k\u00f6zelj\u00f6v\u0151ben sokkal nagyobb val\u00f3sz\u00edn\u0171s\u00e9ggel utaznak az emberek orsz\u00e1gon bel\u00fcl \u00e9s\/vagy szomsz\u00e9dos orsz\u00e1gokba, mint t\u00e1volabbi helyekre. Egy adott r\u00e9gi\u00f3ban nagyon hasonl\u00f3ak a [&hellip;]","og_url":"https:\/\/meetsafe.hu\/en\/hibrid-rendezvenyek\/multi-city-and-location\/","og_site_name":"Meet Safe","article_publisher":"https:\/\/www.facebook.com\/meetsafe.speceffects","article_modified_time":"2020-12-16T12:44:52+00:00","twitter_card":"summary_large_image","twitter_misc":{"Est. reading time":"3 minutes"},"schema":{"@context":"https:\/\/schema.org","@graph":[{"@type":"WebPage","@id":"https:\/\/meetsafe.hu\/hu\/hibrid-rendezvenyek\/multi-city-and-location\/","url":"https:\/\/meetsafe.hu\/hu\/hibrid-rendezvenyek\/multi-city-and-location\/","name":"Multi-City \u00e9s Multi-Location - Meet Safe","isPartOf":{"@id":"https:\/\/meetsafe.hu\/hu\/#website"},"datePublished":"2020-07-29T15:07:09+00:00","dateModified":"2020-12-16T12:44:52+00:00","breadcrumb":{"@id":"https:\/\/meetsafe.hu\/hu\/hibrid-rendezvenyek\/multi-city-and-location\/#breadcrumb"},"inLanguage":"en-US","potentialAction":[{"@type":"ReadAction","target":["https:\/\/meetsafe.hu\/hu\/hibrid-rendezvenyek\/multi-city-and-location\/"]}]},{"@type":"BreadcrumbList","@id":"https:\/\/meetsafe.hu\/hu\/hibrid-rendezvenyek\/multi-city-and-location\/#breadcrumb","itemListElement":[{"@type":"ListItem","position":1,"name":"Home","item":"https:\/\/meetsafe.hu\/hu\/"},{"@type":"ListItem","position":2,"name":"Hibrid Rendezv\u00e9nyek","item":"https:\/\/meetsafe.hu\/hu\/hibrid-rendezvenyek\/"},{"@type":"ListItem","position":3,"name":"Multi-City \u00e9s Multi-Location"}]},{"@type":"WebSite","@id":"https:\/\/meetsafe.hu\/hu\/#website","url":"https:\/\/meetsafe.hu\/hu\/","name":"Meet Safe","description":"SE","potentialAction":[{"@type":"SearchAction","target":{"@type":"EntryPoint","urlTemplate":"https:\/\/meetsafe.hu\/hu\/?s={search_term_string}"},"query-input":{"@type":"PropertyValueSpecification","valueRequired":true,"valueName":"search_term_string"}}],"inLanguage":"en-US"}]}},"_links":{"self":[{"href":"https:\/\/meetsafe.hu\/en\/wp-json\/wp\/v2\/pages\/417"}],"collection":[{"href":"https:\/\/meetsafe.hu\/en\/wp-json\/wp\/v2\/pages"}],"about":[{"href":"https:\/\/meetsafe.hu\/en\/wp-json\/wp\/v2\/types\/page"}],"author":[{"embeddable":true,"href":"https:\/\/meetsafe.hu\/en\/wp-json\/wp\/v2\/users\/1"}],"replies":[{"embeddable":true,"href":"https:\/\/meetsafe.hu\/en\/wp-json\/wp\/v2\/comments?post=417"}],"version-history":[{"count":47,"href":"https:\/\/meetsafe.hu\/en\/wp-json\/wp\/v2\/pages\/417\/revisions"}],"predecessor-version":[{"id":2647,"href":"https:\/\/meetsafe.hu\/en\/wp-json\/wp\/v2\/pages\/417\/revisions\/2647"}],"up":[{"embeddable":true,"href":"https:\/\/meetsafe.hu\/en\/wp-json\/wp\/v2\/pages\/20"}],"wp:attachment":[{"href":"https:\/\/meetsafe.hu\/en\/wp-json\/wp\/v2\/media?parent=417"}],"curies":[{"name":"wp","href":"https:\/\/api.w.org\/{rel}","templated":true}]}}