{"id":421,"date":"2020-07-29T17:12:12","date_gmt":"2020-07-29T15:12:12","guid":{"rendered":"https:\/\/meetsafe.hu\/?page_id=421"},"modified":"2020-12-15T12:58:38","modified_gmt":"2020-12-15T11:58:38","slug":"multi-venue","status":"publish","type":"page","link":"https:\/\/meetsafe.hu\/en\/hibrid-rendezvenyek\/multi-venue\/","title":{"rendered":"Multi-Venue"},"content":{"rendered":"<div data-elementor-type=\"wp-page\" data-elementor-id=\"421\" class=\"elementor elementor-421\" data-elementor-post-type=\"page\">\n\t\t\t\t\t\t<section class=\"elementor-section elementor-top-section elementor-element elementor-element-1d127003 elementor-section-content-top elementor-section-full_width elementor-section-height-default elementor-section-height-default\" data-id=\"1d127003\" data-element_type=\"section\">\n\t\t\t\t\t\t<div class=\"elementor-container elementor-column-gap-default\">\n\t\t\t\t\t<div class=\"elementor-column elementor-col-100 elementor-top-column elementor-element elementor-element-53d79028\" data-id=\"53d79028\" data-element_type=\"column\">\n\t\t\t<div class=\"elementor-widget-wrap elementor-element-populated\">\n\t\t\t\t\t\t<div class=\"elementor-element elementor-element-5053cce animated-slow elementor-widget elementor-widget-heading\" data-id=\"5053cce\" data-element_type=\"widget\" data-settings=\"{&quot;_animation&quot;:&quot;none&quot;,&quot;_animation_delay&quot;:0}\" data-widget_type=\"heading.default\">\n\t\t\t\t<div class=\"elementor-widget-container\">\n\t\t\t<h2 class=\"elementor-heading-title elementor-size-default\">HYBRID EVENTS<\/h2>\t\t<\/div>\n\t\t\t\t<\/div>\n\t\t\t\t<div class=\"elementor-element elementor-element-a7d1ce7 animated-slow elementor-widget elementor-widget-heading\" data-id=\"a7d1ce7\" data-element_type=\"widget\" data-settings=\"{&quot;_animation&quot;:&quot;none&quot;,&quot;_animation_delay&quot;:100}\" data-widget_type=\"heading.default\">\n\t\t\t\t<div class=\"elementor-widget-container\">\n\t\t\t<h2 class=\"elementor-heading-title elementor-size-default\">Multi-Venue events<\/h2>\t\t<\/div>\n\t\t\t\t<\/div>\n\t\t\t\t\t<\/div>\n\t\t<\/div>\n\t\t\t\t\t<\/div>\n\t\t<\/section>\n\t\t\t\t<section class=\"elementor-section elementor-top-section elementor-element elementor-element-f2bf983 elementor-section-full_width elementor-section-height-default elementor-section-height-default\" data-id=\"f2bf983\" data-element_type=\"section\">\n\t\t\t\t\t\t<div class=\"elementor-container elementor-column-gap-default\">\n\t\t\t\t\t<div class=\"elementor-column elementor-col-50 elementor-top-column elementor-element elementor-element-d0eba0d\" data-id=\"d0eba0d\" data-element_type=\"column\">\n\t\t\t<div class=\"elementor-widget-wrap elementor-element-populated\">\n\t\t\t\t\t\t<div class=\"elementor-element elementor-element-577449cb animated-slow elementor-widget elementor-widget-text-editor\" data-id=\"577449cb\" data-element_type=\"widget\" data-settings=\"{&quot;_animation&quot;:&quot;none&quot;,&quot;_animation_delay&quot;:200}\" data-widget_type=\"text-editor.default\">\n\t\t\t\t<div class=\"elementor-widget-container\">\n\t\t\t\t\t\t\t<p class=\" translation-block\">The presentations take place <strong>in several meeting rooms at the same venue<\/strong>, ensuring a larger on-site audience, which is completed by the online participants.<\/p><p>Despite the wider participation, we can provide the highest level of safety and comfort, making the personal attendance more compelling.<\/p>\t\t\t\t\t\t<\/div>\n\t\t\t\t<\/div>\n\t\t\t\t\t<\/div>\n\t\t<\/div>\n\t\t\t\t<div class=\"elementor-column elementor-col-50 elementor-top-column elementor-element elementor-element-20c0340\" data-id=\"20c0340\" data-element_type=\"column\">\n\t\t\t<div class=\"elementor-widget-wrap elementor-element-populated\">\n\t\t\t\t\t\t<div class=\"elementor-element elementor-element-d81405e elementor-align-center elementor-widget elementor-widget-lottie\" data-id=\"d81405e\" data-element_type=\"widget\" data-settings=\"{&quot;source_json&quot;:{&quot;url&quot;:&quot;https:\\\/\\\/meetsafe.hu\\\/wp-content\\\/uploads\\\/2020\\\/09\\\/multivenue_outlined_gold.json&quot;,&quot;id&quot;:1309,&quot;size&quot;:&quot;&quot;},&quot;loop&quot;:&quot;yes&quot;,&quot;source&quot;:&quot;media_file&quot;,&quot;caption_source&quot;:&quot;none&quot;,&quot;link_to&quot;:&quot;none&quot;,&quot;trigger&quot;:&quot;arriving_to_viewport&quot;,&quot;viewport&quot;:{&quot;unit&quot;:&quot;%&quot;,&quot;size&quot;:&quot;&quot;,&quot;sizes&quot;:{&quot;start&quot;:0,&quot;end&quot;:100}},&quot;play_speed&quot;:{&quot;unit&quot;:&quot;px&quot;,&quot;size&quot;:1,&quot;sizes&quot;:[]},&quot;start_point&quot;:{&quot;unit&quot;:&quot;%&quot;,&quot;size&quot;:0,&quot;sizes&quot;:[]},&quot;end_point&quot;:{&quot;unit&quot;:&quot;%&quot;,&quot;size&quot;:100,&quot;sizes&quot;:[]},&quot;renderer&quot;:&quot;svg&quot;}\" data-widget_type=\"lottie.default\">\n\t\t\t\t<div class=\"elementor-widget-container\">\n\t\t\t<div class=\"e-lottie__container\"><div class=\"e-lottie__animation\"><\/div><\/div>\t\t<\/div>\n\t\t\t\t<\/div>\n\t\t\t\t\t<\/div>\n\t\t<\/div>\n\t\t\t\t\t<\/div>\n\t\t<\/section>\n\t\t\t\t<section class=\"elementor-section elementor-top-section elementor-element elementor-element-2bbcad4 elementor-section-content-top elementor-section-full_width elementor-section-height-default elementor-section-height-default\" data-id=\"2bbcad4\" data-element_type=\"section\">\n\t\t\t\t\t\t<div class=\"elementor-container elementor-column-gap-default\">\n\t\t\t\t\t<div class=\"elementor-column elementor-col-100 elementor-top-column elementor-element elementor-element-294382e\" data-id=\"294382e\" data-element_type=\"column\">\n\t\t\t<div class=\"elementor-widget-wrap elementor-element-populated\">\n\t\t\t\t\t\t<div class=\"elementor-element elementor-element-1c08710 animated-slow elementor-widget elementor-widget-text-editor\" data-id=\"1c08710\" data-element_type=\"widget\" data-settings=\"{&quot;_animation&quot;:&quot;none&quot;,&quot;_animation_delay&quot;:200}\" data-widget_type=\"text-editor.default\">\n\t\t\t\t<div class=\"elementor-widget-container\">\n\t\t\t\t\t\t\t<p class=\" translation-block\">Similar to multi-city events, meeting rooms, participants and speakers are connected. As an added benefit, <strong>every attendee can enjoy all sessions live as the speakers rotate among the meeting rooms<\/strong>. Organizers divide the participants into groups based on specific criteria or fields of interest; the program and the content is customized accordingly. At smaller venues it is easier to <strong>create a friendlier, more relaxed atmosphere<\/strong>. Speakers can get closer to the audience; participants can establish new relationships faster, thus the audience leaves with a greater experience. Since all participants are at the same place, organized or individual social programs are easier and safer to be carried out.<\/p>\t\t\t\t\t\t<\/div>\n\t\t\t\t<\/div>\n\t\t\t\t<div class=\"elementor-element elementor-element-7606e97 elementor-blockquote--skin-border elementor-blockquote--button-color-official elementor-widget elementor-widget-blockquote\" data-id=\"7606e97\" data-element_type=\"widget\" data-no-translation=\"\" data-widget_type=\"blockquote.default\">\n\t\t\t\t<div class=\"elementor-widget-container\">\n\t\t\t<style>.elementor-element-7606e97{display:none !important}<\/style>\t\t<\/div>\n\t\t\t\t<\/div>\n\t\t\t\t<div class=\"elementor-element elementor-element-40c6e69 elementor-blockquote--skin-border elementor-blockquote--button-color-official elementor-widget elementor-widget-blockquote\" data-id=\"40c6e69\" data-element_type=\"widget\" data-no-translation=\"\" data-widget_type=\"blockquote.default\">\n\t\t\t\t<div class=\"elementor-widget-container\">\n\t\t\t\t\t<blockquote class=\"elementor-blockquote\">\n\t\t\t<p class=\"elementor-blockquote__content\">\n\t\t\t\tIt is worth keeping solutions in mind that connect different locations, events, audiences and online participants, and boost interactivity, too. For a detailed summary see <a href=\"https:\/\/meetsafe.hu\/en\/virtualis-rendezvenymegoldasok\/\" target=\"_self\"><span style=\"color: #c09353;\">'VIRTUAL EVENT SOLUTIONS'<\/a><\/span>.\t\t\t<\/p>\n\t\t\t\t\t<\/blockquote>\n\t\t\t\t<\/div>\n\t\t\t\t<\/div>\n\t\t\t\t<div class=\"elementor-element elementor-element-14795d2 animated-slow elementor-widget elementor-widget-text-editor\" data-id=\"14795d2\" data-element_type=\"widget\" data-settings=\"{&quot;_animation&quot;:&quot;none&quot;,&quot;_animation_delay&quot;:200}\" data-widget_type=\"text-editor.default\">\n\t\t\t\t<div class=\"elementor-widget-container\">\n\t\t\t\t\t\t\t<p class=\" translation-block\">The multi-venue concept brings new opportunities for smaller, multi-room venues with spacious social areas over large scale venues.<\/p>\t\t\t\t\t\t<\/div>\n\t\t\t\t<\/div>\n\t\t\t\t\t<\/div>\n\t\t<\/div>\n\t\t\t\t\t<\/div>\n\t\t<\/section>\n\t\t\t\t<section class=\"elementor-section elementor-top-section elementor-element elementor-element-61e404eb elementor-section-content-middle elementor-section-full_width elementor-section-height-default elementor-section-height-default\" data-id=\"61e404eb\" data-element_type=\"section\" data-settings=\"{&quot;background_background&quot;:&quot;classic&quot;}\">\n\t\t\t\t\t\t<div class=\"elementor-container elementor-column-gap-no\">\n\t\t\t\t\t<div class=\"elementor-column elementor-col-100 elementor-top-column elementor-element elementor-element-4d2b7d1b\" data-id=\"4d2b7d1b\" data-element_type=\"column\">\n\t\t\t<div class=\"elementor-widget-wrap elementor-element-populated\">\n\t\t\t\t\t\t<div class=\"elementor-element elementor-element-198331c7 elementor-widget elementor-widget-heading\" data-id=\"198331c7\" data-element_type=\"widget\" data-widget_type=\"heading.default\">\n\t\t\t\t<div class=\"elementor-widget-container\">\n\t\t\t<div class=\"elementor-heading-title elementor-size-default\">\u00a9 SPECIAL EFFECTS ltd. <br>kraftwerk design &amp; production llc.<br>all rights reserved. 2020<\/div>\t\t<\/div>\n\t\t\t\t<\/div>\n\t\t\t\t\t<\/div>\n\t\t<\/div>\n\t\t\t\t\t<\/div>\n\t\t<\/section>\n\t\t\t\t<\/div>","protected":false},"excerpt":{"rendered":"<p>HIBRID RENDEZV\u00c9NYEK Multi-Venue rendezv\u00e9nyek Az el\u0151ad\u00e1sok t\u00f6bb kisebb teremben, de ugyanazon a helysz\u00ednen val\u00f3sulnak meg, ez\u00e1ltal biztos\u00edtva a nagyobb l\u00e9tsz\u00e1mot, melyhez hozz\u00e1ad\u00f3dik m\u00e9g az online r\u00e9sztvev\u0151k sz\u00e1ma is. A nagyobb l\u00e9tsz\u00e1m ellen\u00e9re a lehet\u0151 legnagyobb biztons\u00e1got \u00e9s k\u00e9nyelmet tudjuk ny\u00fajtani a rendezv\u00e9nyeken, ami vonz\u00f3bb\u00e1 teszi a szem\u00e9lyes r\u00e9szv\u00e9telt. A multi-city esem\u00e9nyekhez hasonl\u00f3an kapcsoljuk \u00f6ssze a [&hellip;]<\/p>","protected":false},"author":1,"featured_media":0,"parent":20,"menu_order":0,"comment_status":"closed","ping_status":"closed","template":"","meta":{"footnotes":""},"class_list":["post-421","page","type-page","status-publish","hentry"],"yoast_head":"<!-- This site is optimized with the Yoast SEO plugin v23.6 - https:\/\/yoast.com\/wordpress\/plugins\/seo\/ -->\n<title>Multi-Venue - Meet Safe<\/title>\n<meta name=\"robots\" content=\"index, follow, max-snippet:-1, max-image-preview:large, max-video-preview:-1\" \/>\n<link rel=\"canonical\" href=\"https:\/\/meetsafe.hu\/en\/hibrid-rendezvenyek\/multi-venue\/\" \/>\n<meta property=\"og:locale\" content=\"en_US\" \/>\n<meta property=\"og:type\" content=\"article\" \/>\n<meta property=\"og:title\" content=\"Multi-Venue - Meet Safe\" \/>\n<meta property=\"og:description\" content=\"HIBRID RENDEZV\u00c9NYEK Multi-Venue rendezv\u00e9nyek Az el\u0151ad\u00e1sok t\u00f6bb kisebb teremben, de ugyanazon a helysz\u00ednen val\u00f3sulnak meg, ez\u00e1ltal biztos\u00edtva a nagyobb l\u00e9tsz\u00e1mot, melyhez hozz\u00e1ad\u00f3dik m\u00e9g az online r\u00e9sztvev\u0151k sz\u00e1ma is. A nagyobb l\u00e9tsz\u00e1m ellen\u00e9re a lehet\u0151 legnagyobb biztons\u00e1got \u00e9s k\u00e9nyelmet tudjuk ny\u00fajtani a rendezv\u00e9nyeken, ami vonz\u00f3bb\u00e1 teszi a szem\u00e9lyes r\u00e9szv\u00e9telt. A multi-city esem\u00e9nyekhez hasonl\u00f3an kapcsoljuk \u00f6ssze a [&hellip;]\" \/>\n<meta property=\"og:url\" content=\"https:\/\/meetsafe.hu\/en\/hibrid-rendezvenyek\/multi-venue\/\" \/>\n<meta property=\"og:site_name\" content=\"Meet Safe\" \/>\n<meta property=\"article:publisher\" content=\"https:\/\/www.facebook.com\/meetsafe.speceffects\" \/>\n<meta property=\"article:modified_time\" content=\"2020-12-15T11:58:38+00:00\" \/>\n<meta name=\"twitter:card\" content=\"summary_large_image\" \/>\n<meta name=\"twitter:label1\" content=\"Est. reading time\" \/>\n\t<meta name=\"twitter:data1\" content=\"1 minute\" \/>\n<script type=\"application\/ld+json\" class=\"yoast-schema-graph\">{\"@context\":\"https:\/\/schema.org\",\"@graph\":[{\"@type\":\"WebPage\",\"@id\":\"https:\/\/meetsafe.hu\/hu\/hibrid-rendezvenyek\/multi-venue\/\",\"url\":\"https:\/\/meetsafe.hu\/hu\/hibrid-rendezvenyek\/multi-venue\/\",\"name\":\"Multi-Venue - Meet Safe\",\"isPartOf\":{\"@id\":\"https:\/\/meetsafe.hu\/hu\/#website\"},\"datePublished\":\"2020-07-29T15:12:12+00:00\",\"dateModified\":\"2020-12-15T11:58:38+00:00\",\"breadcrumb\":{\"@id\":\"https:\/\/meetsafe.hu\/hu\/hibrid-rendezvenyek\/multi-venue\/#breadcrumb\"},\"inLanguage\":\"en-US\",\"potentialAction\":[{\"@type\":\"ReadAction\",\"target\":[\"https:\/\/meetsafe.hu\/hu\/hibrid-rendezvenyek\/multi-venue\/\"]}]},{\"@type\":\"BreadcrumbList\",\"@id\":\"https:\/\/meetsafe.hu\/hu\/hibrid-rendezvenyek\/multi-venue\/#breadcrumb\",\"itemListElement\":[{\"@type\":\"ListItem\",\"position\":1,\"name\":\"Home\",\"item\":\"https:\/\/meetsafe.hu\/hu\/\"},{\"@type\":\"ListItem\",\"position\":2,\"name\":\"Hibrid Rendezv\u00e9nyek\",\"item\":\"https:\/\/meetsafe.hu\/hu\/hibrid-rendezvenyek\/\"},{\"@type\":\"ListItem\",\"position\":3,\"name\":\"Multi-Venue\"}]},{\"@type\":\"WebSite\",\"@id\":\"https:\/\/meetsafe.hu\/hu\/#website\",\"url\":\"https:\/\/meetsafe.hu\/hu\/\",\"name\":\"Meet Safe\",\"description\":\"SE\",\"potentialAction\":[{\"@type\":\"SearchAction\",\"target\":{\"@type\":\"EntryPoint\",\"urlTemplate\":\"https:\/\/meetsafe.hu\/hu\/?s={search_term_string}\"},\"query-input\":{\"@type\":\"PropertyValueSpecification\",\"valueRequired\":true,\"valueName\":\"search_term_string\"}}],\"inLanguage\":\"en-US\"}]}<\/script>\n<!-- \/ Yoast SEO plugin. -->","yoast_head_json":{"title":"Multi-Venue - Meet Safe","robots":{"index":"index","follow":"follow","max-snippet":"max-snippet:-1","max-image-preview":"max-image-preview:large","max-video-preview":"max-video-preview:-1"},"canonical":"https:\/\/meetsafe.hu\/en\/hibrid-rendezvenyek\/multi-venue\/","og_locale":"en_US","og_type":"article","og_title":"Multi-Venue - Meet Safe","og_description":"HIBRID RENDEZV\u00c9NYEK Multi-Venue rendezv\u00e9nyek Az el\u0151ad\u00e1sok t\u00f6bb kisebb teremben, de ugyanazon a helysz\u00ednen val\u00f3sulnak meg, ez\u00e1ltal biztos\u00edtva a nagyobb l\u00e9tsz\u00e1mot, melyhez hozz\u00e1ad\u00f3dik m\u00e9g az online r\u00e9sztvev\u0151k sz\u00e1ma is. A nagyobb l\u00e9tsz\u00e1m ellen\u00e9re a lehet\u0151 legnagyobb biztons\u00e1got \u00e9s k\u00e9nyelmet tudjuk ny\u00fajtani a rendezv\u00e9nyeken, ami vonz\u00f3bb\u00e1 teszi a szem\u00e9lyes r\u00e9szv\u00e9telt. A multi-city esem\u00e9nyekhez hasonl\u00f3an kapcsoljuk \u00f6ssze a [&hellip;]","og_url":"https:\/\/meetsafe.hu\/en\/hibrid-rendezvenyek\/multi-venue\/","og_site_name":"Meet Safe","article_publisher":"https:\/\/www.facebook.com\/meetsafe.speceffects","article_modified_time":"2020-12-15T11:58:38+00:00","twitter_card":"summary_large_image","twitter_misc":{"Est. reading time":"1 minute"},"schema":{"@context":"https:\/\/schema.org","@graph":[{"@type":"WebPage","@id":"https:\/\/meetsafe.hu\/hu\/hibrid-rendezvenyek\/multi-venue\/","url":"https:\/\/meetsafe.hu\/hu\/hibrid-rendezvenyek\/multi-venue\/","name":"Multi-Venue - Meet Safe","isPartOf":{"@id":"https:\/\/meetsafe.hu\/hu\/#website"},"datePublished":"2020-07-29T15:12:12+00:00","dateModified":"2020-12-15T11:58:38+00:00","breadcrumb":{"@id":"https:\/\/meetsafe.hu\/hu\/hibrid-rendezvenyek\/multi-venue\/#breadcrumb"},"inLanguage":"en-US","potentialAction":[{"@type":"ReadAction","target":["https:\/\/meetsafe.hu\/hu\/hibrid-rendezvenyek\/multi-venue\/"]}]},{"@type":"BreadcrumbList","@id":"https:\/\/meetsafe.hu\/hu\/hibrid-rendezvenyek\/multi-venue\/#breadcrumb","itemListElement":[{"@type":"ListItem","position":1,"name":"Home","item":"https:\/\/meetsafe.hu\/hu\/"},{"@type":"ListItem","position":2,"name":"Hibrid Rendezv\u00e9nyek","item":"https:\/\/meetsafe.hu\/hu\/hibrid-rendezvenyek\/"},{"@type":"ListItem","position":3,"name":"Multi-Venue"}]},{"@type":"WebSite","@id":"https:\/\/meetsafe.hu\/hu\/#website","url":"https:\/\/meetsafe.hu\/hu\/","name":"Meet Safe","description":"SE","potentialAction":[{"@type":"SearchAction","target":{"@type":"EntryPoint","urlTemplate":"https:\/\/meetsafe.hu\/hu\/?s={search_term_string}"},"query-input":{"@type":"PropertyValueSpecification","valueRequired":true,"valueName":"search_term_string"}}],"inLanguage":"en-US"}]}},"_links":{"self":[{"href":"https:\/\/meetsafe.hu\/en\/wp-json\/wp\/v2\/pages\/421"}],"collection":[{"href":"https:\/\/meetsafe.hu\/en\/wp-json\/wp\/v2\/pages"}],"about":[{"href":"https:\/\/meetsafe.hu\/en\/wp-json\/wp\/v2\/types\/page"}],"author":[{"embeddable":true,"href":"https:\/\/meetsafe.hu\/en\/wp-json\/wp\/v2\/users\/1"}],"replies":[{"embeddable":true,"href":"https:\/\/meetsafe.hu\/en\/wp-json\/wp\/v2\/comments?post=421"}],"version-history":[{"count":54,"href":"https:\/\/meetsafe.hu\/en\/wp-json\/wp\/v2\/pages\/421\/revisions"}],"predecessor-version":[{"id":3246,"href":"https:\/\/meetsafe.hu\/en\/wp-json\/wp\/v2\/pages\/421\/revisions\/3246"}],"up":[{"embeddable":true,"href":"https:\/\/meetsafe.hu\/en\/wp-json\/wp\/v2\/pages\/20"}],"wp:attachment":[{"href":"https:\/\/meetsafe.hu\/en\/wp-json\/wp\/v2\/media?parent=421"}],"curies":[{"name":"wp","href":"https:\/\/api.w.org\/{rel}","templated":true}]}}