{"id":465,"date":"2020-07-30T12:06:39","date_gmt":"2020-07-30T10:06:39","guid":{"rendered":"https:\/\/meetsafe.hu\/?page_id=465"},"modified":"2020-12-16T14:05:54","modified_gmt":"2020-12-16T13:05:54","slug":"content-enhancement-tools","status":"publish","type":"page","link":"https:\/\/meetsafe.hu\/en\/virtualis-rendezvenymegoldasok\/content-enhancement-tools\/","title":{"rendered":"Content Enhancement Tools"},"content":{"rendered":"<div data-elementor-type=\"wp-page\" data-elementor-id=\"465\" class=\"elementor elementor-465\" data-elementor-post-type=\"page\">\n\t\t\t\t\t\t<section class=\"elementor-section elementor-top-section elementor-element elementor-element-74804879 elementor-section-content-top elementor-section-full_width elementor-section-height-default elementor-section-height-default\" data-id=\"74804879\" data-element_type=\"section\">\n\t\t\t\t\t\t<div class=\"elementor-container elementor-column-gap-default\">\n\t\t\t\t\t<div class=\"elementor-column elementor-col-100 elementor-top-column elementor-element elementor-element-1faa72a9\" data-id=\"1faa72a9\" data-element_type=\"column\">\n\t\t\t<div class=\"elementor-widget-wrap elementor-element-populated\">\n\t\t\t\t\t\t<div class=\"elementor-element elementor-element-190f2404 animated-slow elementor-widget elementor-widget-heading\" data-id=\"190f2404\" data-element_type=\"widget\" data-settings=\"{&quot;_animation&quot;:&quot;none&quot;,&quot;_animation_delay&quot;:0}\" data-widget_type=\"heading.default\">\n\t\t\t\t<div class=\"elementor-widget-container\">\n\t\t\t<h2 class=\"elementor-heading-title elementor-size-default\">virtual events <\/h2>\t\t<\/div>\n\t\t\t\t<\/div>\n\t\t\t\t<div class=\"elementor-element elementor-element-6dbb15b7 animated-slow elementor-widget elementor-widget-heading\" data-id=\"6dbb15b7\" data-element_type=\"widget\" data-settings=\"{&quot;_animation&quot;:&quot;none&quot;,&quot;_animation_delay&quot;:100}\" data-widget_type=\"heading.default\">\n\t\t\t\t<div class=\"elementor-widget-container\">\n\t\t\t<h2 class=\"elementor-heading-title elementor-size-default\">Content Enhancement Tools<\/h2>\t\t<\/div>\n\t\t\t\t<\/div>\n\t\t\t\t\t<\/div>\n\t\t<\/div>\n\t\t\t\t\t<\/div>\n\t\t<\/section>\n\t\t\t\t<section class=\"elementor-section elementor-top-section elementor-element elementor-element-77576d26 elementor-section-content-top elementor-section-full_width elementor-section-height-default elementor-section-height-default\" data-id=\"77576d26\" data-element_type=\"section\">\n\t\t\t\t\t\t<div class=\"elementor-container elementor-column-gap-default\">\n\t\t\t\t\t<div class=\"elementor-column elementor-col-100 elementor-top-column elementor-element elementor-element-6b5ce6a0\" data-id=\"6b5ce6a0\" data-element_type=\"column\">\n\t\t\t<div class=\"elementor-widget-wrap elementor-element-populated\">\n\t\t\t\t\t\t<div class=\"elementor-element elementor-element-b25a744 animated-slow elementor-widget elementor-widget-text-editor\" data-id=\"b25a744\" data-element_type=\"widget\" data-settings=\"{&quot;_animation&quot;:&quot;none&quot;,&quot;_animation_delay&quot;:200}\" data-widget_type=\"text-editor.default\">\n\t\t\t\t<div class=\"elementor-widget-container\">\n\t\t\t\t\t\t\t<p class=\" translation-block\"><strong>Content enhancement<\/strong> is a very complex matter, the overall content quality is influenced by many factors, among all the performers play a major role. Below we focus on merchandisable components that help organizers create added value to their audience.<\/p><p>These include:<\/p><p>\u25cf preliminary research (competitive analysis, event calendar, user persona analysis) in order to provide the best content at the right time<\/p><p>\u25cf concept creation (platform design, content strategy, wireframe and mapping of the event platform)<\/p><p>\u25cf project management with an appointed team, similar to live events;<\/p><p>\u25cf partner management including selecting the right event platform;<\/p><p>\u25cf contributor management &#8211; az \u00f6sszes k\u00f6zrem\u0171k\u00f6d\u0151vel t\u00f6rt\u00e9n\u0151 kapcsolattart\u00e1s, de ak\u00e1r a technikai pr\u00f3b\u00e1kat is jelentheti<\/p><p>\u25cf post-event evaluations, surveys and reports about participant activity in order to provide an even better content next time<\/p>\t\t\t\t\t\t<\/div>\n\t\t\t\t<\/div>\n\t\t\t\t<div class=\"elementor-element elementor-element-42e19b9 elementor-widget elementor-widget-image\" data-id=\"42e19b9\" data-element_type=\"widget\" data-widget_type=\"image.default\">\n\t\t\t\t<div class=\"elementor-widget-container\">\n\t\t\t\t\t\t\t\t\t\t\t\t\t<img fetchpriority=\"high\" decoding=\"async\" width=\"1920\" height=\"1035\" src=\"https:\/\/meetsafe.hu\/wp-content\/uploads\/2020\/09\/cont_enh_tool_.png\" class=\"attachment-full size-full wp-image-1213\" alt=\"\" srcset=\"https:\/\/meetsafe.hu\/wp-content\/uploads\/2020\/09\/cont_enh_tool_.png 1920w, https:\/\/meetsafe.hu\/wp-content\/uploads\/2020\/09\/cont_enh_tool_-300x162.png 300w, https:\/\/meetsafe.hu\/wp-content\/uploads\/2020\/09\/cont_enh_tool_-1024x552.png 1024w, https:\/\/meetsafe.hu\/wp-content\/uploads\/2020\/09\/cont_enh_tool_-768x414.png 768w, https:\/\/meetsafe.hu\/wp-content\/uploads\/2020\/09\/cont_enh_tool_-1536x828.png 1536w\" sizes=\"(max-width: 1920px) 100vw, 1920px\" \/>\t\t\t\t\t\t\t\t\t\t\t\t\t<\/div>\n\t\t\t\t<\/div>\n\t\t\t\t\t<\/div>\n\t\t<\/div>\n\t\t\t\t\t<\/div>\n\t\t<\/section>\n\t\t\t\t<section class=\"elementor-section elementor-top-section elementor-element elementor-element-4c89aab9 elementor-section-content-middle elementor-section-full_width elementor-section-height-default elementor-section-height-default\" data-id=\"4c89aab9\" data-element_type=\"section\" data-settings=\"{&quot;background_background&quot;:&quot;classic&quot;}\">\n\t\t\t\t\t\t<div class=\"elementor-container elementor-column-gap-no\">\n\t\t\t\t\t<div class=\"elementor-column elementor-col-100 elementor-top-column elementor-element elementor-element-83b9ec8\" data-id=\"83b9ec8\" data-element_type=\"column\">\n\t\t\t<div class=\"elementor-widget-wrap elementor-element-populated\">\n\t\t\t\t\t\t<div class=\"elementor-element elementor-element-13d69a97 elementor-widget elementor-widget-heading\" data-id=\"13d69a97\" data-element_type=\"widget\" data-widget_type=\"heading.default\">\n\t\t\t\t<div class=\"elementor-widget-container\">\n\t\t\t<div class=\"elementor-heading-title elementor-size-default\">\u00a9 SPECIAL EFFECTS ltd. <br>kraftwerk design &amp; production llc.<br>all rights reserved. 2020<\/div>\t\t<\/div>\n\t\t\t\t<\/div>\n\t\t\t\t\t<\/div>\n\t\t<\/div>\n\t\t\t\t\t<\/div>\n\t\t<\/section>\n\t\t\t\t<\/div>","protected":false},"excerpt":{"rendered":"<p>VIRTU\u00c1LIS ESEM\u00c9NYEK Content Enhancement Tools A Content Enhancemenet (tartalomfokoz\u00e1s) k\u00e9rd\u00e9se nagyon \u00f6sszetett. Egy virtu\u00e1lis esem\u00e9ny tartalmi min\u0151s\u00e9g\u00e9t sz\u00e1mtalan t\u00e9nyez\u0151 befoly\u00e1solja, nem utols\u00f3 sorban p\u00e9ld\u00e1ul az el\u0151ad\u00f3k szem\u00e9lye. Itt kifejezetten csak olyan t\u00e9nyez\u0151kkel, \u00e9rt\u00e9kes\u00edthet\u0151 szolg\u00e1ltat\u00e1sokkal foglalkozunk, amelyekkel szervez\u0151k\u00e9nt tudunk hozz\u00e1adott \u00e9rt\u00e9ket ny\u00fajtani a megrendel\u0151ink sz\u00e1m\u00e1ra. Ilyenek t\u00f6bbek k\u00f6z\u00f6tt: \u25cf el\u0151zetes kutat\u00e1sok (competitive analysis, event calendar, user [&hellip;]<\/p>","protected":false},"author":1,"featured_media":0,"parent":274,"menu_order":0,"comment_status":"closed","ping_status":"closed","template":"","meta":{"footnotes":""},"class_list":["post-465","page","type-page","status-publish","hentry"],"yoast_head":"<!-- This site is optimized with the Yoast SEO plugin v23.6 - https:\/\/yoast.com\/wordpress\/plugins\/seo\/ -->\n<title>Content Enhancement Tools - Meet Safe<\/title>\n<meta name=\"robots\" content=\"index, follow, max-snippet:-1, max-image-preview:large, max-video-preview:-1\" \/>\n<link rel=\"canonical\" href=\"https:\/\/meetsafe.hu\/en\/virtualis-rendezvenymegoldasok\/content-enhancement-tools\/\" \/>\n<meta property=\"og:locale\" content=\"en_US\" \/>\n<meta property=\"og:type\" content=\"article\" \/>\n<meta property=\"og:title\" content=\"Content Enhancement Tools - Meet Safe\" \/>\n<meta property=\"og:description\" content=\"VIRTU\u00c1LIS ESEM\u00c9NYEK Content Enhancement Tools A Content Enhancemenet (tartalomfokoz\u00e1s) k\u00e9rd\u00e9se nagyon \u00f6sszetett. Egy virtu\u00e1lis esem\u00e9ny tartalmi min\u0151s\u00e9g\u00e9t sz\u00e1mtalan t\u00e9nyez\u0151 befoly\u00e1solja, nem utols\u00f3 sorban p\u00e9ld\u00e1ul az el\u0151ad\u00f3k szem\u00e9lye. Itt kifejezetten csak olyan t\u00e9nyez\u0151kkel, \u00e9rt\u00e9kes\u00edthet\u0151 szolg\u00e1ltat\u00e1sokkal foglalkozunk, amelyekkel szervez\u0151k\u00e9nt tudunk hozz\u00e1adott \u00e9rt\u00e9ket ny\u00fajtani a megrendel\u0151ink sz\u00e1m\u00e1ra. Ilyenek t\u00f6bbek k\u00f6z\u00f6tt: \u25cf el\u0151zetes kutat\u00e1sok (competitive analysis, event calendar, user [&hellip;]\" \/>\n<meta property=\"og:url\" content=\"https:\/\/meetsafe.hu\/en\/virtualis-rendezvenymegoldasok\/content-enhancement-tools\/\" \/>\n<meta property=\"og:site_name\" content=\"Meet Safe\" \/>\n<meta property=\"article:publisher\" content=\"https:\/\/www.facebook.com\/meetsafe.speceffects\" \/>\n<meta property=\"article:modified_time\" content=\"2020-12-16T13:05:54+00:00\" \/>\n<meta property=\"og:image\" content=\"https:\/\/meetsafe.hu\/wp-content\/uploads\/2020\/09\/cont_enh_tool_-1024x552.png\" \/>\n\t<meta property=\"og:image:width\" content=\"1024\" \/>\n\t<meta property=\"og:image:height\" content=\"552\" \/>\n\t<meta property=\"og:image:type\" content=\"image\/png\" \/>\n<meta name=\"twitter:card\" content=\"summary_large_image\" \/>\n<meta name=\"twitter:label1\" content=\"Est. reading time\" \/>\n\t<meta name=\"twitter:data1\" content=\"1 minute\" \/>\n<script type=\"application\/ld+json\" class=\"yoast-schema-graph\">{\"@context\":\"https:\/\/schema.org\",\"@graph\":[{\"@type\":\"WebPage\",\"@id\":\"https:\/\/meetsafe.hu\/hu\/virtualis-rendezvenymegoldasok\/content-enhancement-tools\/\",\"url\":\"https:\/\/meetsafe.hu\/hu\/virtualis-rendezvenymegoldasok\/content-enhancement-tools\/\",\"name\":\"Content Enhancement Tools - Meet Safe\",\"isPartOf\":{\"@id\":\"https:\/\/meetsafe.hu\/hu\/#website\"},\"primaryImageOfPage\":{\"@id\":\"https:\/\/meetsafe.hu\/hu\/virtualis-rendezvenymegoldasok\/content-enhancement-tools\/#primaryimage\"},\"image\":{\"@id\":\"https:\/\/meetsafe.hu\/hu\/virtualis-rendezvenymegoldasok\/content-enhancement-tools\/#primaryimage\"},\"thumbnailUrl\":\"https:\/\/meetsafe.hu\/wp-content\/uploads\/2020\/09\/cont_enh_tool_.png\",\"datePublished\":\"2020-07-30T10:06:39+00:00\",\"dateModified\":\"2020-12-16T13:05:54+00:00\",\"breadcrumb\":{\"@id\":\"https:\/\/meetsafe.hu\/hu\/virtualis-rendezvenymegoldasok\/content-enhancement-tools\/#breadcrumb\"},\"inLanguage\":\"en-US\",\"potentialAction\":[{\"@type\":\"ReadAction\",\"target\":[\"https:\/\/meetsafe.hu\/hu\/virtualis-rendezvenymegoldasok\/content-enhancement-tools\/\"]}]},{\"@type\":\"ImageObject\",\"inLanguage\":\"en-US\",\"@id\":\"https:\/\/meetsafe.hu\/hu\/virtualis-rendezvenymegoldasok\/content-enhancement-tools\/#primaryimage\",\"url\":\"https:\/\/meetsafe.hu\/wp-content\/uploads\/2020\/09\/cont_enh_tool_.png\",\"contentUrl\":\"https:\/\/meetsafe.hu\/wp-content\/uploads\/2020\/09\/cont_enh_tool_.png\"},{\"@type\":\"BreadcrumbList\",\"@id\":\"https:\/\/meetsafe.hu\/hu\/virtualis-rendezvenymegoldasok\/content-enhancement-tools\/#breadcrumb\",\"itemListElement\":[{\"@type\":\"ListItem\",\"position\":1,\"name\":\"Home\",\"item\":\"https:\/\/meetsafe.hu\/hu\/\"},{\"@type\":\"ListItem\",\"position\":2,\"name\":\"Virtu\u00e1lis rendezv\u00e9nymegold\u00e1sok\",\"item\":\"https:\/\/meetsafe.hu\/hu\/virtualis-rendezvenymegoldasok\/\"},{\"@type\":\"ListItem\",\"position\":3,\"name\":\"Content Enhancement Tools\"}]},{\"@type\":\"WebSite\",\"@id\":\"https:\/\/meetsafe.hu\/hu\/#website\",\"url\":\"https:\/\/meetsafe.hu\/hu\/\",\"name\":\"Meet Safe\",\"description\":\"SE\",\"potentialAction\":[{\"@type\":\"SearchAction\",\"target\":{\"@type\":\"EntryPoint\",\"urlTemplate\":\"https:\/\/meetsafe.hu\/hu\/?s={search_term_string}\"},\"query-input\":{\"@type\":\"PropertyValueSpecification\",\"valueRequired\":true,\"valueName\":\"search_term_string\"}}],\"inLanguage\":\"en-US\"}]}<\/script>\n<!-- \/ Yoast SEO plugin. -->","yoast_head_json":{"title":"Content Enhancement Tools - Meet Safe","robots":{"index":"index","follow":"follow","max-snippet":"max-snippet:-1","max-image-preview":"max-image-preview:large","max-video-preview":"max-video-preview:-1"},"canonical":"https:\/\/meetsafe.hu\/en\/virtualis-rendezvenymegoldasok\/content-enhancement-tools\/","og_locale":"en_US","og_type":"article","og_title":"Content Enhancement Tools - Meet Safe","og_description":"VIRTU\u00c1LIS ESEM\u00c9NYEK Content Enhancement Tools A Content Enhancemenet (tartalomfokoz\u00e1s) k\u00e9rd\u00e9se nagyon \u00f6sszetett. Egy virtu\u00e1lis esem\u00e9ny tartalmi min\u0151s\u00e9g\u00e9t sz\u00e1mtalan t\u00e9nyez\u0151 befoly\u00e1solja, nem utols\u00f3 sorban p\u00e9ld\u00e1ul az el\u0151ad\u00f3k szem\u00e9lye. Itt kifejezetten csak olyan t\u00e9nyez\u0151kkel, \u00e9rt\u00e9kes\u00edthet\u0151 szolg\u00e1ltat\u00e1sokkal foglalkozunk, amelyekkel szervez\u0151k\u00e9nt tudunk hozz\u00e1adott \u00e9rt\u00e9ket ny\u00fajtani a megrendel\u0151ink sz\u00e1m\u00e1ra. Ilyenek t\u00f6bbek k\u00f6z\u00f6tt: \u25cf el\u0151zetes kutat\u00e1sok (competitive analysis, event calendar, user [&hellip;]","og_url":"https:\/\/meetsafe.hu\/en\/virtualis-rendezvenymegoldasok\/content-enhancement-tools\/","og_site_name":"Meet Safe","article_publisher":"https:\/\/www.facebook.com\/meetsafe.speceffects","article_modified_time":"2020-12-16T13:05:54+00:00","og_image":[{"width":1024,"height":552,"url":"https:\/\/meetsafe.hu\/wp-content\/uploads\/2020\/09\/cont_enh_tool_-1024x552.png","type":"image\/png"}],"twitter_card":"summary_large_image","twitter_misc":{"Est. reading time":"1 minute"},"schema":{"@context":"https:\/\/schema.org","@graph":[{"@type":"WebPage","@id":"https:\/\/meetsafe.hu\/hu\/virtualis-rendezvenymegoldasok\/content-enhancement-tools\/","url":"https:\/\/meetsafe.hu\/hu\/virtualis-rendezvenymegoldasok\/content-enhancement-tools\/","name":"Content Enhancement Tools - Meet Safe","isPartOf":{"@id":"https:\/\/meetsafe.hu\/hu\/#website"},"primaryImageOfPage":{"@id":"https:\/\/meetsafe.hu\/hu\/virtualis-rendezvenymegoldasok\/content-enhancement-tools\/#primaryimage"},"image":{"@id":"https:\/\/meetsafe.hu\/hu\/virtualis-rendezvenymegoldasok\/content-enhancement-tools\/#primaryimage"},"thumbnailUrl":"https:\/\/meetsafe.hu\/wp-content\/uploads\/2020\/09\/cont_enh_tool_.png","datePublished":"2020-07-30T10:06:39+00:00","dateModified":"2020-12-16T13:05:54+00:00","breadcrumb":{"@id":"https:\/\/meetsafe.hu\/hu\/virtualis-rendezvenymegoldasok\/content-enhancement-tools\/#breadcrumb"},"inLanguage":"en-US","potentialAction":[{"@type":"ReadAction","target":["https:\/\/meetsafe.hu\/hu\/virtualis-rendezvenymegoldasok\/content-enhancement-tools\/"]}]},{"@type":"ImageObject","inLanguage":"en-US","@id":"https:\/\/meetsafe.hu\/hu\/virtualis-rendezvenymegoldasok\/content-enhancement-tools\/#primaryimage","url":"https:\/\/meetsafe.hu\/wp-content\/uploads\/2020\/09\/cont_enh_tool_.png","contentUrl":"https:\/\/meetsafe.hu\/wp-content\/uploads\/2020\/09\/cont_enh_tool_.png"},{"@type":"BreadcrumbList","@id":"https:\/\/meetsafe.hu\/hu\/virtualis-rendezvenymegoldasok\/content-enhancement-tools\/#breadcrumb","itemListElement":[{"@type":"ListItem","position":1,"name":"Home","item":"https:\/\/meetsafe.hu\/hu\/"},{"@type":"ListItem","position":2,"name":"Virtu\u00e1lis rendezv\u00e9nymegold\u00e1sok","item":"https:\/\/meetsafe.hu\/hu\/virtualis-rendezvenymegoldasok\/"},{"@type":"ListItem","position":3,"name":"Content Enhancement Tools"}]},{"@type":"WebSite","@id":"https:\/\/meetsafe.hu\/hu\/#website","url":"https:\/\/meetsafe.hu\/hu\/","name":"Meet Safe","description":"SE","potentialAction":[{"@type":"SearchAction","target":{"@type":"EntryPoint","urlTemplate":"https:\/\/meetsafe.hu\/hu\/?s={search_term_string}"},"query-input":{"@type":"PropertyValueSpecification","valueRequired":true,"valueName":"search_term_string"}}],"inLanguage":"en-US"}]}},"_links":{"self":[{"href":"https:\/\/meetsafe.hu\/en\/wp-json\/wp\/v2\/pages\/465"}],"collection":[{"href":"https:\/\/meetsafe.hu\/en\/wp-json\/wp\/v2\/pages"}],"about":[{"href":"https:\/\/meetsafe.hu\/en\/wp-json\/wp\/v2\/types\/page"}],"author":[{"embeddable":true,"href":"https:\/\/meetsafe.hu\/en\/wp-json\/wp\/v2\/users\/1"}],"replies":[{"embeddable":true,"href":"https:\/\/meetsafe.hu\/en\/wp-json\/wp\/v2\/comments?post=465"}],"version-history":[{"count":31,"href":"https:\/\/meetsafe.hu\/en\/wp-json\/wp\/v2\/pages\/465\/revisions"}],"predecessor-version":[{"id":2680,"href":"https:\/\/meetsafe.hu\/en\/wp-json\/wp\/v2\/pages\/465\/revisions\/2680"}],"up":[{"embeddable":true,"href":"https:\/\/meetsafe.hu\/en\/wp-json\/wp\/v2\/pages\/274"}],"wp:attachment":[{"href":"https:\/\/meetsafe.hu\/en\/wp-json\/wp\/v2\/media?parent=465"}],"curies":[{"name":"wp","href":"https:\/\/api.w.org\/{rel}","templated":true}]}}