{"id":485,"date":"2020-07-30T12:13:08","date_gmt":"2020-07-30T10:13:08","guid":{"rendered":"https:\/\/meetsafe.hu\/?page_id=485"},"modified":"2020-12-18T13:16:41","modified_gmt":"2020-12-18T12:16:41","slug":"uj-belteri-rendezvenyek","status":"publish","type":"page","link":"https:\/\/meetsafe.hu\/en\/uj-elo-rendezvenyformak\/uj-belteri-rendezvenyek\/","title":{"rendered":"New indoor events"},"content":{"rendered":"<div data-elementor-type=\"wp-page\" data-elementor-id=\"485\" class=\"elementor elementor-485\" data-elementor-post-type=\"page\">\n\t\t\t\t\t\t<section class=\"elementor-section elementor-top-section elementor-element elementor-element-214e8505 elementor-section-content-top elementor-section-full_width elementor-section-height-default elementor-section-height-default\" data-id=\"214e8505\" data-element_type=\"section\">\n\t\t\t\t\t\t<div class=\"elementor-container elementor-column-gap-default\">\n\t\t\t\t\t<div class=\"elementor-column elementor-col-100 elementor-top-column elementor-element elementor-element-4bc755a6\" data-id=\"4bc755a6\" data-element_type=\"column\">\n\t\t\t<div class=\"elementor-widget-wrap elementor-element-populated\">\n\t\t\t\t\t\t<div class=\"elementor-element elementor-element-1d3059e6 animated-slow elementor-widget elementor-widget-heading\" data-id=\"1d3059e6\" data-element_type=\"widget\" data-settings=\"{&quot;_animation&quot;:&quot;none&quot;,&quot;_animation_delay&quot;:0}\" data-widget_type=\"heading.default\">\n\t\t\t\t<div class=\"elementor-widget-container\">\n\t\t\t<h2 class=\"elementor-heading-title elementor-size-default\">NEW LIVE EVENT FORMATS<\/h2>\t\t<\/div>\n\t\t\t\t<\/div>\n\t\t\t\t<div class=\"elementor-element elementor-element-2102b0f1 animated-slow elementor-widget elementor-widget-heading\" data-id=\"2102b0f1\" data-element_type=\"widget\" data-settings=\"{&quot;_animation&quot;:&quot;none&quot;,&quot;_animation_delay&quot;:100}\" data-widget_type=\"heading.default\">\n\t\t\t\t<div class=\"elementor-widget-container\">\n\t\t\t<h2 class=\"elementor-heading-title elementor-size-default\">New indoor events<\/h2>\t\t<\/div>\n\t\t\t\t<\/div>\n\t\t\t\t<div class=\"elementor-element elementor-element-3807ea76 animated-slow elementor-widget elementor-widget-text-editor\" data-id=\"3807ea76\" data-element_type=\"widget\" data-settings=\"{&quot;_animation&quot;:&quot;none&quot;,&quot;_animation_delay&quot;:200}\" data-widget_type=\"text-editor.default\">\n\t\t\t\t<div class=\"elementor-widget-container\">\n\t\t\t\t\t\t\t<p>Whether well-known, completely new or not even considered as an event venue, guests will be fascinated by locations that offer a unique athmosphere, unusual features and undiscovered possibilities.<\/p>\t\t\t\t\t\t<\/div>\n\t\t\t\t<\/div>\n\t\t\t\t\t<\/div>\n\t\t<\/div>\n\t\t\t\t\t<\/div>\n\t\t<\/section>\n\t\t\t\t<section class=\"elementor-section elementor-top-section elementor-element elementor-element-40c5d3af elementor-section-full_width elementor-section-height-default elementor-section-height-default\" data-id=\"40c5d3af\" data-element_type=\"section\">\n\t\t\t\t\t\t<div class=\"elementor-container elementor-column-gap-default\">\n\t\t\t\t\t<div class=\"elementor-column elementor-col-100 elementor-top-column elementor-element elementor-element-650e6b83\" data-id=\"650e6b83\" data-element_type=\"column\">\n\t\t\t<div class=\"elementor-widget-wrap elementor-element-populated\">\n\t\t\t\t\t\t<div class=\"elementor-element elementor-element-783f5274 elementor-blockquote--skin-border elementor-blockquote--button-color-official elementor-widget elementor-widget-blockquote\" data-id=\"783f5274\" data-element_type=\"widget\" data-widget_type=\"blockquote.default\">\n\t\t\t\t<div class=\"elementor-widget-container\">\n\t\t\t\t\t<blockquote class=\"elementor-blockquote\">\n\t\t\t<p class=\"elementor-blockquote__content\">\n\t\t\t\tWe can offer a unique experience through inventive programs and concepts at new and rediscovered multifunctional event sites.\t\t\t<\/p>\n\t\t\t\t\t<\/blockquote>\n\t\t\t\t<\/div>\n\t\t\t\t<\/div>\n\t\t\t\t<div class=\"elementor-element elementor-element-01bbb82 animated-slow elementor-widget elementor-widget-text-editor\" data-id=\"01bbb82\" data-element_type=\"widget\" data-settings=\"{&quot;_animation&quot;:&quot;none&quot;,&quot;_animation_delay&quot;:200}\" data-widget_type=\"text-editor.default\">\n\t\t\t\t<div class=\"elementor-widget-container\">\n\t\t\t\t\t\t\t<p><span style=\"color: var( --e-global-color-text ); font-weight: var( --e-global-typography-text-font-weight );\">In order to increase comfort and trust, we suggest venues that meet following key criteria:<\/span><\/p><p>\u25cf strict hygienic requirements are applied<\/p><p>\u25cf comfortable set-up and cozy atmosphere that corresponds with the adjusted capacity<\/p><p>\u25cf exclusive, interesting, even astonishing spaces and decor elements<\/p><p>\u25cf buildings, sites and function rooms that are not primarily used for events, however may be shifted into exquisite event locations that offer unique possibilities, experiences or programs that guests cannot access individually<\/p><p>\u25cf good accessibility (easy parking is more important than ever before)<\/p><p>\u25cf suitable to host complex event concepts in service and themes<\/p><p>\u25cf provides high-end catering services<\/p><p>\u25cf offers unique programs<\/p>\t\t\t\t\t\t<\/div>\n\t\t\t\t<\/div>\n\t\t\t\t\t<\/div>\n\t\t<\/div>\n\t\t\t\t\t<\/div>\n\t\t<\/section>\n\t\t\t\t<section class=\"elementor-section elementor-top-section elementor-element elementor-element-49ff48ef elementor-section-content-top elementor-section-full_width elementor-section-height-default elementor-section-height-default\" data-id=\"49ff48ef\" data-element_type=\"section\">\n\t\t\t\t\t\t<div class=\"elementor-container elementor-column-gap-default\">\n\t\t\t\t\t<div class=\"elementor-column elementor-col-100 elementor-top-column elementor-element elementor-element-6a33e00a\" data-id=\"6a33e00a\" data-element_type=\"column\">\n\t\t\t<div class=\"elementor-widget-wrap elementor-element-populated\">\n\t\t\t\t\t\t<div class=\"elementor-element elementor-element-43d34568 elementor-widget elementor-widget-gallery\" data-id=\"43d34568\" data-element_type=\"widget\" data-settings=\"{&quot;gallery_layout&quot;:&quot;justified&quot;,&quot;ideal_row_height&quot;:{&quot;unit&quot;:&quot;px&quot;,&quot;size&quot;:272,&quot;sizes&quot;:[]},&quot;lazyload&quot;:&quot;yes&quot;,&quot;ideal_row_height_tablet&quot;:{&quot;unit&quot;:&quot;px&quot;,&quot;size&quot;:150,&quot;sizes&quot;:[]},&quot;ideal_row_height_mobile&quot;:{&quot;unit&quot;:&quot;px&quot;,&quot;size&quot;:150,&quot;sizes&quot;:[]},&quot;gap&quot;:{&quot;unit&quot;:&quot;px&quot;,&quot;size&quot;:10,&quot;sizes&quot;:[]},&quot;gap_tablet&quot;:{&quot;unit&quot;:&quot;px&quot;,&quot;size&quot;:10,&quot;sizes&quot;:[]},&quot;gap_mobile&quot;:{&quot;unit&quot;:&quot;px&quot;,&quot;size&quot;:10,&quot;sizes&quot;:[]},&quot;show_all_galleries&quot;:&quot;yes&quot;,&quot;content_hover_animation&quot;:&quot;fade-in&quot;}\" data-widget_type=\"gallery.default\">\n\t\t\t\t<div class=\"elementor-widget-container\">\n\t\t\t\t\t\t<div class=\"elementor-gallery__titles-container e--pointer-double-line e--animation-fade\" aria-label=\"Gallery filter\">\n\t\t\t\t\t\t\t\t\t<a class=\"elementor-item elementor-gallery-title\" role=\"button\" tabindex=\"0\" data-gallery-index=\"all\">\n\t\t\t\t\t\tAll\t\t\t\t\t<\/a>\n\t\t\t\t\n\t\t\t\t\t\t\t\t\t<a class=\"elementor-item elementor-gallery-title\" role=\"button\" tabindex=\"0\" data-gallery-index=\"0\">\n\t\t\t\t\t\tArt studio events\t\t\t\t\t<\/a>\n\t\t\t\t\t\t\t\t\t\t<a class=\"elementor-item elementor-gallery-title\" role=\"button\" tabindex=\"0\" data-gallery-index=\"1\">\n\t\t\t\t\t\tOffice events\t\t\t\t\t<\/a>\n\t\t\t\t\t\t\t\t\t\t<a class=\"elementor-item elementor-gallery-title\" role=\"button\" tabindex=\"0\" data-gallery-index=\"2\">\n\t\t\t\t\t\tVenues with special atmosphere\t\t\t\t\t<\/a>\n\t\t\t\t\t\t\t\t\t\t<a class=\"elementor-item elementor-gallery-title\" role=\"button\" tabindex=\"0\" data-gallery-index=\"3\">\n\t\t\t\t\t\tLoft events\t\t\t\t\t<\/a>\n\t\t\t\t\t\t\t\t\t\t<a class=\"elementor-item elementor-gallery-title\" role=\"button\" tabindex=\"0\" data-gallery-index=\"4\">\n\t\t\t\t\t\tMuseum events\t\t\t\t\t<\/a>\n\t\t\t\t\t\t\t\t\t\t<a class=\"elementor-item elementor-gallery-title\" role=\"button\" tabindex=\"0\" data-gallery-index=\"5\">\n\t\t\t\t\t\tEvents at wineries\t\t\t\t\t<\/a>\n\t\t\t\t\t\t\t\t<\/div>\n\t\t\t\t\t<div class=\"elementor-gallery__container\">\n\t\t\t\t\t\t\t<div class=\"e-gallery-item elementor-gallery-item elementor-animated-content\" data-e-gallery-tags=\"0\">\n\t\t\t\t\t<div class=\"e-gallery-image elementor-gallery-item__image\" data-thumbnail=\"https:\/\/meetsafe.hu\/wp-content\/uploads\/2020\/08\/indoor_8.png\" data-width=\"900\" data-height=\"600\" aria-label=\"\" role=\"img\" ><\/div>\n\t\t\t\t\t\t\t\t\t\t\t\t\t\t<\/div>\n\t\t\t\t\t\t\t<div class=\"e-gallery-item elementor-gallery-item elementor-animated-content\" data-e-gallery-tags=\"0\">\n\t\t\t\t\t<div class=\"e-gallery-image elementor-gallery-item__image\" data-thumbnail=\"https:\/\/meetsafe.hu\/wp-content\/uploads\/2020\/08\/indoor_7.png\" data-width=\"900\" data-height=\"600\" aria-label=\"\" role=\"img\" ><\/div>\n\t\t\t\t\t\t\t\t\t\t\t\t\t\t<\/div>\n\t\t\t\t\t\t\t<div class=\"e-gallery-item elementor-gallery-item elementor-animated-content\" data-e-gallery-tags=\"1\">\n\t\t\t\t\t<div class=\"e-gallery-image elementor-gallery-item__image\" data-thumbnail=\"https:\/\/meetsafe.hu\/wp-content\/uploads\/2020\/08\/indoor_3.png\" data-width=\"900\" data-height=\"600\" aria-label=\"\" role=\"img\" ><\/div>\n\t\t\t\t\t\t\t\t\t\t\t\t\t\t<\/div>\n\t\t\t\t\t\t\t<div class=\"e-gallery-item elementor-gallery-item elementor-animated-content\" data-e-gallery-tags=\"1\">\n\t\t\t\t\t<div class=\"e-gallery-image elementor-gallery-item__image\" data-thumbnail=\"https:\/\/meetsafe.hu\/wp-content\/uploads\/2020\/08\/indoor_4.png\" data-width=\"900\" data-height=\"600\" aria-label=\"\" role=\"img\" ><\/div>\n\t\t\t\t\t\t\t\t\t\t\t\t\t\t<\/div>\n\t\t\t\t\t\t\t<div class=\"e-gallery-item elementor-gallery-item elementor-animated-content\" data-e-gallery-tags=\"1\">\n\t\t\t\t\t<div class=\"e-gallery-image elementor-gallery-item__image\" data-thumbnail=\"https:\/\/meetsafe.hu\/wp-content\/uploads\/2020\/08\/indoor_5.png\" data-width=\"900\" data-height=\"600\" aria-label=\"\" role=\"img\" ><\/div>\n\t\t\t\t\t\t\t\t\t\t\t\t\t\t<\/div>\n\t\t\t\t\t\t\t<div class=\"e-gallery-item elementor-gallery-item elementor-animated-content\" data-e-gallery-tags=\"2\">\n\t\t\t\t\t<div class=\"e-gallery-image elementor-gallery-item__image\" data-thumbnail=\"https:\/\/meetsafe.hu\/wp-content\/uploads\/2020\/08\/indoor_1.png\" data-width=\"900\" data-height=\"600\" aria-label=\"\" role=\"img\" ><\/div>\n\t\t\t\t\t\t\t\t\t\t\t\t\t\t<\/div>\n\t\t\t\t\t\t\t<div class=\"e-gallery-item elementor-gallery-item elementor-animated-content\" data-e-gallery-tags=\"2\">\n\t\t\t\t\t<div class=\"e-gallery-image elementor-gallery-item__image\" data-thumbnail=\"https:\/\/meetsafe.hu\/wp-content\/uploads\/2020\/08\/indoor_2.png\" data-width=\"900\" data-height=\"600\" aria-label=\"\" role=\"img\" ><\/div>\n\t\t\t\t\t\t\t\t\t\t\t\t\t\t<\/div>\n\t\t\t\t\t\t\t<div class=\"e-gallery-item elementor-gallery-item elementor-animated-content\" data-e-gallery-tags=\"2\">\n\t\t\t\t\t<div class=\"e-gallery-image elementor-gallery-item__image\" data-thumbnail=\"https:\/\/meetsafe.hu\/wp-content\/uploads\/2020\/08\/indoor_16.png\" data-width=\"900\" data-height=\"600\" aria-label=\"\" role=\"img\" ><\/div>\n\t\t\t\t\t\t\t\t\t\t\t\t\t\t<\/div>\n\t\t\t\t\t\t\t<div class=\"e-gallery-item elementor-gallery-item elementor-animated-content\" data-e-gallery-tags=\"2\">\n\t\t\t\t\t<div class=\"e-gallery-image elementor-gallery-item__image\" data-thumbnail=\"https:\/\/meetsafe.hu\/wp-content\/uploads\/2020\/12\/2020_02_24_Marriott_FB_Training_04-scaled.jpg\" data-width=\"2560\" data-height=\"1920\" aria-label=\"\" role=\"img\" ><\/div>\n\t\t\t\t\t\t\t\t\t\t\t\t\t\t<\/div>\n\t\t\t\t\t\t\t<div class=\"e-gallery-item elementor-gallery-item elementor-animated-content\" data-e-gallery-tags=\"3\">\n\t\t\t\t\t<div class=\"e-gallery-image elementor-gallery-item__image\" data-thumbnail=\"https:\/\/meetsafe.hu\/wp-content\/uploads\/2020\/08\/indoor_9.png\" data-width=\"900\" data-height=\"600\" aria-label=\"\" role=\"img\" ><\/div>\n\t\t\t\t\t\t\t\t\t\t\t\t\t\t<\/div>\n\t\t\t\t\t\t\t<div class=\"e-gallery-item elementor-gallery-item elementor-animated-content\" data-e-gallery-tags=\"3\">\n\t\t\t\t\t<div class=\"e-gallery-image elementor-gallery-item__image\" data-thumbnail=\"https:\/\/meetsafe.hu\/wp-content\/uploads\/2020\/08\/indoor_10.png\" data-width=\"900\" data-height=\"600\" aria-label=\"\" role=\"img\" ><\/div>\n\t\t\t\t\t\t\t\t\t\t\t\t\t\t<\/div>\n\t\t\t\t\t\t\t<div class=\"e-gallery-item elementor-gallery-item elementor-animated-content\" data-e-gallery-tags=\"3\">\n\t\t\t\t\t<div class=\"e-gallery-image elementor-gallery-item__image\" data-thumbnail=\"https:\/\/meetsafe.hu\/wp-content\/uploads\/2020\/08\/indoor_11.png\" data-width=\"600\" data-height=\"900\" aria-label=\"\" role=\"img\" ><\/div>\n\t\t\t\t\t\t\t\t\t\t\t\t\t\t<\/div>\n\t\t\t\t\t\t\t<div class=\"e-gallery-item elementor-gallery-item elementor-animated-content\" data-e-gallery-tags=\"3\">\n\t\t\t\t\t<div class=\"e-gallery-image elementor-gallery-item__image\" data-thumbnail=\"https:\/\/meetsafe.hu\/wp-content\/uploads\/2020\/08\/indoor_14.png\" data-width=\"900\" data-height=\"600\" aria-label=\"\" role=\"img\" ><\/div>\n\t\t\t\t\t\t\t\t\t\t\t\t\t\t<\/div>\n\t\t\t\t\t\t\t<div class=\"e-gallery-item elementor-gallery-item elementor-animated-content\" data-e-gallery-tags=\"4\">\n\t\t\t\t\t<div class=\"e-gallery-image elementor-gallery-item__image\" data-thumbnail=\"https:\/\/meetsafe.hu\/wp-content\/uploads\/2020\/08\/indoor_12.png\" data-width=\"600\" data-height=\"900\" aria-label=\"\" role=\"img\" ><\/div>\n\t\t\t\t\t\t\t\t\t\t\t\t\t\t<\/div>\n\t\t\t\t\t\t\t<div class=\"e-gallery-item elementor-gallery-item elementor-animated-content\" data-e-gallery-tags=\"4\">\n\t\t\t\t\t<div class=\"e-gallery-image elementor-gallery-item__image\" data-thumbnail=\"https:\/\/meetsafe.hu\/wp-content\/uploads\/2020\/08\/indoor_13.png\" data-width=\"600\" data-height=\"900\" aria-label=\"\" role=\"img\" ><\/div>\n\t\t\t\t\t\t\t\t\t\t\t\t\t\t<\/div>\n\t\t\t\t\t\t\t<div class=\"e-gallery-item elementor-gallery-item elementor-animated-content\" data-e-gallery-tags=\"4\">\n\t\t\t\t\t<div class=\"e-gallery-image elementor-gallery-item__image\" data-thumbnail=\"https:\/\/meetsafe.hu\/wp-content\/uploads\/2020\/12\/2019-10-15-Deloitte_Roman_csarnok_02-C0000.jpg\" data-width=\"1600\" data-height=\"1200\" aria-label=\"\" role=\"img\" ><\/div>\n\t\t\t\t\t\t\t\t\t\t\t\t\t\t<\/div>\n\t\t\t\t\t\t\t<div class=\"e-gallery-item elementor-gallery-item elementor-animated-content\" data-e-gallery-tags=\"4\">\n\t\t\t\t\t<div class=\"e-gallery-image elementor-gallery-item__image\" data-thumbnail=\"https:\/\/meetsafe.hu\/wp-content\/uploads\/2020\/12\/20201113_Marvany_csarnok.jpg\" data-width=\"1600\" data-height=\"1200\" aria-label=\"\" role=\"img\" ><\/div>\n\t\t\t\t\t\t\t\t\t\t\t\t\t\t<\/div>\n\t\t\t\t\t\t\t<div class=\"e-gallery-item elementor-gallery-item elementor-animated-content\" data-e-gallery-tags=\"4\">\n\t\t\t\t\t<div class=\"e-gallery-image elementor-gallery-item__image\" data-thumbnail=\"https:\/\/meetsafe.hu\/wp-content\/uploads\/2020\/12\/IMG_1693-scaled.jpg\" data-width=\"2560\" data-height=\"1920\" aria-label=\"\" role=\"img\" ><\/div>\n\t\t\t\t\t\t\t\t\t\t\t\t\t\t<\/div>\n\t\t\t\t\t\t\t<div class=\"e-gallery-item elementor-gallery-item elementor-animated-content\" data-e-gallery-tags=\"4\">\n\t\t\t\t\t<div class=\"e-gallery-image elementor-gallery-item__image\" data-thumbnail=\"https:\/\/meetsafe.hu\/wp-content\/uploads\/2020\/12\/IMG_1678_3-scaled.jpg\" data-width=\"2560\" data-height=\"1920\" aria-label=\"\" role=\"img\" ><\/div>\n\t\t\t\t\t\t\t\t\t\t\t\t\t\t<\/div>\n\t\t\t\t\t\t\t<div class=\"e-gallery-item elementor-gallery-item elementor-animated-content\" data-e-gallery-tags=\"5\">\n\t\t\t\t\t<div class=\"e-gallery-image elementor-gallery-item__image\" data-thumbnail=\"https:\/\/meetsafe.hu\/wp-content\/uploads\/2020\/08\/indoor_6.png\" data-width=\"1800\" data-height=\"600\" aria-label=\"\" role=\"img\" ><\/div>\n\t\t\t\t\t\t\t\t\t\t\t\t\t\t<\/div>\n\t\t\t\t\t\t\t<div class=\"e-gallery-item elementor-gallery-item elementor-animated-content\" data-e-gallery-tags=\"5\">\n\t\t\t\t\t<div class=\"e-gallery-image elementor-gallery-item__image\" data-thumbnail=\"https:\/\/meetsafe.hu\/wp-content\/uploads\/2020\/08\/indoor_15.png\" data-width=\"900\" data-height=\"600\" aria-label=\"\" role=\"img\" ><\/div>\n\t\t\t\t\t\t\t\t\t\t\t\t\t\t<\/div>\n\t\t\t\t\t<\/div>\n\t\t\t<\/div>\n\t\t\t\t<\/div>\n\t\t\t\t\t<\/div>\n\t\t<\/div>\n\t\t\t\t\t<\/div>\n\t\t<\/section>\n\t\t\t\t<section class=\"elementor-section elementor-top-section elementor-element elementor-element-cd914b elementor-section-content-middle elementor-section-full_width elementor-section-height-default elementor-section-height-default\" data-id=\"cd914b\" data-element_type=\"section\" data-settings=\"{&quot;background_background&quot;:&quot;classic&quot;}\">\n\t\t\t\t\t\t<div class=\"elementor-container elementor-column-gap-no\">\n\t\t\t\t\t<div class=\"elementor-column elementor-col-100 elementor-top-column elementor-element elementor-element-428e4c6a\" data-id=\"428e4c6a\" data-element_type=\"column\">\n\t\t\t<div class=\"elementor-widget-wrap elementor-element-populated\">\n\t\t\t\t\t\t<div class=\"elementor-element elementor-element-340c0a33 elementor-widget elementor-widget-heading\" data-id=\"340c0a33\" data-element_type=\"widget\" data-widget_type=\"heading.default\">\n\t\t\t\t<div class=\"elementor-widget-container\">\n\t\t\t<div class=\"elementor-heading-title elementor-size-default\">\u00a9 SPECIAL EFFECTS ltd. <br>kraftwerk design &amp; production llc.<br>all rights reserved. 2020<\/div>\t\t<\/div>\n\t\t\t\t<\/div>\n\t\t\t\t\t<\/div>\n\t\t<\/div>\n\t\t\t\t\t<\/div>\n\t\t<\/section>\n\t\t\t\t<\/div>","protected":false},"excerpt":{"rendered":"<p>\u00faj \u00e9l\u0151 rendezv\u00e9nyform\u00e1k \u00daj belt\u00e9ri rendezv\u00e9nyek Egyed\u00fcl\u00e1ll\u00f3 \u00e9lm\u00e9ny ragad mag\u00e1val minket a k\u00fcl\u00f6nleges adotts\u00e1gokkal rendelkez\u0151 helysz\u00edneken, amelyek\u00a0lehetnek kev\u00e9sb\u00e9 vagy \u00e9ppen j\u00f3l ismertek, ak\u00e1r olyanok is, amelyeket nem kifejezetten rendezv\u00e9nyhelysz\u00ednk\u00e9nt tartunk sz\u00e1mon. K\u00f6z\u00f6s benn\u00fck, hogy egyedi hangulatot \u00e1rasztanak, k\u00fcl\u00f6nleges \u00e9s eddig kiakn\u00e1zatlan lehet\u0151s\u00e9geket ny\u00fajtanak. \u00dajrafelfedezett illetve teljesen \u00faj multifunkcion\u00e1lis helysz\u00edneken \u00f6tletgazdag programok, koncepci\u00f3k ment\u00e9n tudunk k\u00fcl\u00f6nleges, [&hellip;]<\/p>","protected":false},"author":1,"featured_media":0,"parent":483,"menu_order":0,"comment_status":"closed","ping_status":"closed","template":"","meta":{"footnotes":""},"class_list":["post-485","page","type-page","status-publish","hentry"],"yoast_head":"<!-- This site is optimized with the Yoast SEO plugin v23.6 - https:\/\/yoast.com\/wordpress\/plugins\/seo\/ -->\n<title>\u00daj belt\u00e9ri Rendezv\u00e9nyek - Meet Safe<\/title>\n<meta name=\"robots\" content=\"index, follow, max-snippet:-1, max-image-preview:large, max-video-preview:-1\" \/>\n<link rel=\"canonical\" href=\"https:\/\/meetsafe.hu\/en\/uj-elo-rendezvenyformak\/uj-belteri-rendezvenyek\/\" \/>\n<meta property=\"og:locale\" content=\"en_US\" \/>\n<meta property=\"og:type\" content=\"article\" \/>\n<meta property=\"og:title\" content=\"\u00daj belt\u00e9ri Rendezv\u00e9nyek - Meet Safe\" \/>\n<meta property=\"og:description\" content=\"\u00faj \u00e9l\u0151 rendezv\u00e9nyform\u00e1k \u00daj belt\u00e9ri rendezv\u00e9nyek Egyed\u00fcl\u00e1ll\u00f3 \u00e9lm\u00e9ny ragad mag\u00e1val minket a k\u00fcl\u00f6nleges adotts\u00e1gokkal rendelkez\u0151 helysz\u00edneken, amelyek\u00a0lehetnek kev\u00e9sb\u00e9 vagy \u00e9ppen j\u00f3l ismertek, ak\u00e1r olyanok is, amelyeket nem kifejezetten rendezv\u00e9nyhelysz\u00ednk\u00e9nt tartunk sz\u00e1mon. K\u00f6z\u00f6s benn\u00fck, hogy egyedi hangulatot \u00e1rasztanak, k\u00fcl\u00f6nleges \u00e9s eddig kiakn\u00e1zatlan lehet\u0151s\u00e9geket ny\u00fajtanak. \u00dajrafelfedezett illetve teljesen \u00faj multifunkcion\u00e1lis helysz\u00edneken \u00f6tletgazdag programok, koncepci\u00f3k ment\u00e9n tudunk k\u00fcl\u00f6nleges, [&hellip;]\" \/>\n<meta property=\"og:url\" content=\"https:\/\/meetsafe.hu\/en\/uj-elo-rendezvenyformak\/uj-belteri-rendezvenyek\/\" \/>\n<meta property=\"og:site_name\" content=\"Meet Safe\" \/>\n<meta property=\"article:publisher\" content=\"https:\/\/www.facebook.com\/meetsafe.speceffects\" \/>\n<meta property=\"article:modified_time\" content=\"2020-12-18T12:16:41+00:00\" \/>\n<meta name=\"twitter:card\" content=\"summary_large_image\" \/>\n<meta name=\"twitter:label1\" content=\"Est. reading time\" \/>\n\t<meta name=\"twitter:data1\" content=\"1 minute\" \/>\n<script type=\"application\/ld+json\" class=\"yoast-schema-graph\">{\"@context\":\"https:\/\/schema.org\",\"@graph\":[{\"@type\":\"WebPage\",\"@id\":\"https:\/\/meetsafe.hu\/uj-elo-rendezvenyformak\/uj-belteri-rendezvenyek\/\",\"url\":\"https:\/\/meetsafe.hu\/uj-elo-rendezvenyformak\/uj-belteri-rendezvenyek\/\",\"name\":\"\u00daj belt\u00e9ri Rendezv\u00e9nyek - Meet Safe\",\"isPartOf\":{\"@id\":\"https:\/\/meetsafe.hu\/hu\/#website\"},\"datePublished\":\"2020-07-30T10:13:08+00:00\",\"dateModified\":\"2020-12-18T12:16:41+00:00\",\"breadcrumb\":{\"@id\":\"https:\/\/meetsafe.hu\/uj-elo-rendezvenyformak\/uj-belteri-rendezvenyek\/#breadcrumb\"},\"inLanguage\":\"en-US\",\"potentialAction\":[{\"@type\":\"ReadAction\",\"target\":[\"https:\/\/meetsafe.hu\/uj-elo-rendezvenyformak\/uj-belteri-rendezvenyek\/\"]}]},{\"@type\":\"BreadcrumbList\",\"@id\":\"https:\/\/meetsafe.hu\/uj-elo-rendezvenyformak\/uj-belteri-rendezvenyek\/#breadcrumb\",\"itemListElement\":[{\"@type\":\"ListItem\",\"position\":1,\"name\":\"Home\",\"item\":\"https:\/\/meetsafe.hu\/hu\/\"},{\"@type\":\"ListItem\",\"position\":2,\"name\":\"\u00daj \u00c9l\u0151 Rendezv\u00e9nyform\u00e1k\",\"item\":\"https:\/\/meetsafe.hu\/uj-elo-rendezvenyformak\/\"},{\"@type\":\"ListItem\",\"position\":3,\"name\":\"\u00daj belt\u00e9ri Rendezv\u00e9nyek\"}]},{\"@type\":\"WebSite\",\"@id\":\"https:\/\/meetsafe.hu\/hu\/#website\",\"url\":\"https:\/\/meetsafe.hu\/hu\/\",\"name\":\"Meet Safe\",\"description\":\"SE\",\"potentialAction\":[{\"@type\":\"SearchAction\",\"target\":{\"@type\":\"EntryPoint\",\"urlTemplate\":\"https:\/\/meetsafe.hu\/hu\/?s={search_term_string}\"},\"query-input\":{\"@type\":\"PropertyValueSpecification\",\"valueRequired\":true,\"valueName\":\"search_term_string\"}}],\"inLanguage\":\"en-US\"}]}<\/script>\n<!-- \/ Yoast SEO plugin. -->","yoast_head_json":{"title":"\u00daj belt\u00e9ri Rendezv\u00e9nyek - Meet Safe","robots":{"index":"index","follow":"follow","max-snippet":"max-snippet:-1","max-image-preview":"max-image-preview:large","max-video-preview":"max-video-preview:-1"},"canonical":"https:\/\/meetsafe.hu\/en\/uj-elo-rendezvenyformak\/uj-belteri-rendezvenyek\/","og_locale":"en_US","og_type":"article","og_title":"\u00daj belt\u00e9ri Rendezv\u00e9nyek - Meet Safe","og_description":"\u00faj \u00e9l\u0151 rendezv\u00e9nyform\u00e1k \u00daj belt\u00e9ri rendezv\u00e9nyek Egyed\u00fcl\u00e1ll\u00f3 \u00e9lm\u00e9ny ragad mag\u00e1val minket a k\u00fcl\u00f6nleges adotts\u00e1gokkal rendelkez\u0151 helysz\u00edneken, amelyek\u00a0lehetnek kev\u00e9sb\u00e9 vagy \u00e9ppen j\u00f3l ismertek, ak\u00e1r olyanok is, amelyeket nem kifejezetten rendezv\u00e9nyhelysz\u00ednk\u00e9nt tartunk sz\u00e1mon. K\u00f6z\u00f6s benn\u00fck, hogy egyedi hangulatot \u00e1rasztanak, k\u00fcl\u00f6nleges \u00e9s eddig kiakn\u00e1zatlan lehet\u0151s\u00e9geket ny\u00fajtanak. \u00dajrafelfedezett illetve teljesen \u00faj multifunkcion\u00e1lis helysz\u00edneken \u00f6tletgazdag programok, koncepci\u00f3k ment\u00e9n tudunk k\u00fcl\u00f6nleges, [&hellip;]","og_url":"https:\/\/meetsafe.hu\/en\/uj-elo-rendezvenyformak\/uj-belteri-rendezvenyek\/","og_site_name":"Meet Safe","article_publisher":"https:\/\/www.facebook.com\/meetsafe.speceffects","article_modified_time":"2020-12-18T12:16:41+00:00","twitter_card":"summary_large_image","twitter_misc":{"Est. reading time":"1 minute"},"schema":{"@context":"https:\/\/schema.org","@graph":[{"@type":"WebPage","@id":"https:\/\/meetsafe.hu\/uj-elo-rendezvenyformak\/uj-belteri-rendezvenyek\/","url":"https:\/\/meetsafe.hu\/uj-elo-rendezvenyformak\/uj-belteri-rendezvenyek\/","name":"\u00daj belt\u00e9ri Rendezv\u00e9nyek - Meet Safe","isPartOf":{"@id":"https:\/\/meetsafe.hu\/hu\/#website"},"datePublished":"2020-07-30T10:13:08+00:00","dateModified":"2020-12-18T12:16:41+00:00","breadcrumb":{"@id":"https:\/\/meetsafe.hu\/uj-elo-rendezvenyformak\/uj-belteri-rendezvenyek\/#breadcrumb"},"inLanguage":"en-US","potentialAction":[{"@type":"ReadAction","target":["https:\/\/meetsafe.hu\/uj-elo-rendezvenyformak\/uj-belteri-rendezvenyek\/"]}]},{"@type":"BreadcrumbList","@id":"https:\/\/meetsafe.hu\/uj-elo-rendezvenyformak\/uj-belteri-rendezvenyek\/#breadcrumb","itemListElement":[{"@type":"ListItem","position":1,"name":"Home","item":"https:\/\/meetsafe.hu\/hu\/"},{"@type":"ListItem","position":2,"name":"\u00daj \u00c9l\u0151 Rendezv\u00e9nyform\u00e1k","item":"https:\/\/meetsafe.hu\/uj-elo-rendezvenyformak\/"},{"@type":"ListItem","position":3,"name":"\u00daj belt\u00e9ri Rendezv\u00e9nyek"}]},{"@type":"WebSite","@id":"https:\/\/meetsafe.hu\/hu\/#website","url":"https:\/\/meetsafe.hu\/hu\/","name":"Meet Safe","description":"SE","potentialAction":[{"@type":"SearchAction","target":{"@type":"EntryPoint","urlTemplate":"https:\/\/meetsafe.hu\/hu\/?s={search_term_string}"},"query-input":{"@type":"PropertyValueSpecification","valueRequired":true,"valueName":"search_term_string"}}],"inLanguage":"en-US"}]}},"_links":{"self":[{"href":"https:\/\/meetsafe.hu\/en\/wp-json\/wp\/v2\/pages\/485"}],"collection":[{"href":"https:\/\/meetsafe.hu\/en\/wp-json\/wp\/v2\/pages"}],"about":[{"href":"https:\/\/meetsafe.hu\/en\/wp-json\/wp\/v2\/types\/page"}],"author":[{"embeddable":true,"href":"https:\/\/meetsafe.hu\/en\/wp-json\/wp\/v2\/users\/1"}],"replies":[{"embeddable":true,"href":"https:\/\/meetsafe.hu\/en\/wp-json\/wp\/v2\/comments?post=485"}],"version-history":[{"count":24,"href":"https:\/\/meetsafe.hu\/en\/wp-json\/wp\/v2\/pages\/485\/revisions"}],"predecessor-version":[{"id":2815,"href":"https:\/\/meetsafe.hu\/en\/wp-json\/wp\/v2\/pages\/485\/revisions\/2815"}],"up":[{"embeddable":true,"href":"https:\/\/meetsafe.hu\/en\/wp-json\/wp\/v2\/pages\/483"}],"wp:attachment":[{"href":"https:\/\/meetsafe.hu\/en\/wp-json\/wp\/v2\/media?parent=485"}],"curies":[{"name":"wp","href":"https:\/\/api.w.org\/{rel}","templated":true}]}}