{"id":487,"date":"2020-07-30T12:13:26","date_gmt":"2020-07-30T10:13:26","guid":{"rendered":"https:\/\/meetsafe.hu\/?page_id=487"},"modified":"2020-12-18T15:46:31","modified_gmt":"2020-12-18T14:46:31","slug":"uj-szabadteri-rendezvenyek","status":"publish","type":"page","link":"https:\/\/meetsafe.hu\/en\/uj-elo-rendezvenyformak\/uj-szabadteri-rendezvenyek\/","title":{"rendered":"new outdoor events"},"content":{"rendered":"<div data-elementor-type=\"wp-page\" data-elementor-id=\"487\" class=\"elementor elementor-487\" data-elementor-post-type=\"page\">\n\t\t\t\t\t\t<section class=\"elementor-section elementor-top-section elementor-element elementor-element-457e7e39 elementor-section-content-top elementor-section-full_width elementor-section-height-default elementor-section-height-default\" data-id=\"457e7e39\" data-element_type=\"section\">\n\t\t\t\t\t\t<div class=\"elementor-container elementor-column-gap-default\">\n\t\t\t\t\t<div class=\"elementor-column elementor-col-100 elementor-top-column elementor-element elementor-element-5dae03e2\" data-id=\"5dae03e2\" data-element_type=\"column\">\n\t\t\t<div class=\"elementor-widget-wrap elementor-element-populated\">\n\t\t\t\t\t\t<div class=\"elementor-element elementor-element-1873c781 animated-slow elementor-widget elementor-widget-heading\" data-id=\"1873c781\" data-element_type=\"widget\" data-settings=\"{&quot;_animation&quot;:&quot;none&quot;,&quot;_animation_delay&quot;:0}\" data-widget_type=\"heading.default\">\n\t\t\t\t<div class=\"elementor-widget-container\">\n\t\t\t<h2 class=\"elementor-heading-title elementor-size-default\">NEW LIVE EVENT FORMATS<\/h2>\t\t<\/div>\n\t\t\t\t<\/div>\n\t\t\t\t<div class=\"elementor-element elementor-element-40ce37c4 animated-slow elementor-widget elementor-widget-heading\" data-id=\"40ce37c4\" data-element_type=\"widget\" data-settings=\"{&quot;_animation&quot;:&quot;none&quot;,&quot;_animation_delay&quot;:100}\" data-widget_type=\"heading.default\">\n\t\t\t\t<div class=\"elementor-widget-container\">\n\t\t\t<h2 class=\"elementor-heading-title elementor-size-default\">New outdoor events<\/h2>\t\t<\/div>\n\t\t\t\t<\/div>\n\t\t\t\t<div class=\"elementor-element elementor-element-75cf9bcb animated-slow elementor-widget elementor-widget-text-editor\" data-id=\"75cf9bcb\" data-element_type=\"widget\" data-settings=\"{&quot;_animation&quot;:&quot;none&quot;,&quot;_animation_delay&quot;:200}\" data-widget_type=\"text-editor.default\">\n\t\t\t\t<div class=\"elementor-widget-container\">\n\t\t\t\t\t\t\t<p>An unusual site in nature can create a spectacular atmosphere by itself, not to mention nature is now much safer against the virus and disinfection is much easier than in an indoor space.<\/p>\t\t\t\t\t\t<\/div>\n\t\t\t\t<\/div>\n\t\t\t\t<div class=\"elementor-element elementor-element-93aecf0 elementor-blockquote--skin-border elementor-blockquote--button-color-official elementor-widget elementor-widget-blockquote\" data-id=\"93aecf0\" data-element_type=\"widget\" data-widget_type=\"blockquote.default\">\n\t\t\t\t<div class=\"elementor-widget-container\">\n\t\t\t\t\t<blockquote class=\"elementor-blockquote\">\n\t\t\t<p class=\"elementor-blockquote__content\">\n\t\t\t\tPeople are eager to meet again; re-invented outdoor events can fulfill that desire even more.\t\t\t<\/p>\n\t\t\t\t\t<\/blockquote>\n\t\t\t\t<\/div>\n\t\t\t\t<\/div>\n\t\t\t\t<div class=\"elementor-element elementor-element-d149086 animated-slow elementor-widget elementor-widget-text-editor\" data-id=\"d149086\" data-element_type=\"widget\" data-settings=\"{&quot;_animation&quot;:&quot;none&quot;,&quot;_animation_delay&quot;:200}\" data-widget_type=\"text-editor.default\">\n\t\t\t\t<div class=\"elementor-widget-container\">\n\t\t\t\t\t\t\t<p>In order to increase the comfort and confidence of guests and ensure the maximum level of experience, we suggest considering following aspects when selecting an outdoor venue:<\/p><p>\u25cf strict hygienic requirements are applied<\/p><p class=\" translation-block\">\u25cf spectacular and exclusive venues or locations with little or no public awareness, and which guests cannot access individually<\/p><p>\u25cf good accessibility (easy parking is more important than ever before)<\/p><p>\u25cf suitable for complex event concepts in service and themes<\/p><p>\u25cf offers unique programs<\/p><p>\u25cf premium catering can be suitably located (if venue has no decent facilities for the purpose)<\/p><p>\u25cf appropriate indoor backup available in case of bad weather<\/p>\t\t\t\t\t\t<\/div>\n\t\t\t\t<\/div>\n\t\t\t\t\t<\/div>\n\t\t<\/div>\n\t\t\t\t\t<\/div>\n\t\t<\/section>\n\t\t\t\t<section class=\"elementor-section elementor-top-section elementor-element elementor-element-7e625cc9 elementor-section-full_width elementor-section-content-top elementor-section-height-default elementor-section-height-default\" data-id=\"7e625cc9\" data-element_type=\"section\">\n\t\t\t\t\t\t<div class=\"elementor-container elementor-column-gap-default\">\n\t\t\t\t\t<div class=\"elementor-column elementor-col-100 elementor-top-column elementor-element elementor-element-35b7ceb8\" data-id=\"35b7ceb8\" data-element_type=\"column\">\n\t\t\t<div class=\"elementor-widget-wrap elementor-element-populated\">\n\t\t\t\t\t\t<div class=\"elementor-element elementor-element-4277a5e3 elementor-widget elementor-widget-heading\" data-id=\"4277a5e3\" data-element_type=\"widget\" data-widget_type=\"heading.default\">\n\t\t\t\t<div class=\"elementor-widget-container\">\n\t\t\t<h2 class=\"elementor-heading-title elementor-size-default\">Added value of using exclusive tents<\/h2>\t\t<\/div>\n\t\t\t\t<\/div>\n\t\t\t\t<div class=\"elementor-element elementor-element-16480d13 elementor-widget elementor-widget-text-editor\" data-id=\"16480d13\" data-element_type=\"widget\" data-widget_type=\"text-editor.default\">\n\t\t\t\t<div class=\"elementor-widget-container\">\n\t\t\t\t\t\t\t<p>Tents can be ideal backup solution or additional exclusive area for outdoor events. By creating unusual flexible and transportable closed areas (like dome tents), an event can literally be placed anywhere, be it a forest or a rooftop \u2013 limited only by our imagination and the profile of the event.<\/p><p>This event solution is the perfect option for smaller events from team buildings through mini-conferences to elegant dinners.<\/p>\t\t\t\t\t\t<\/div>\n\t\t\t\t<\/div>\n\t\t\t\t\t<\/div>\n\t\t<\/div>\n\t\t\t\t\t<\/div>\n\t\t<\/section>\n\t\t\t\t<section class=\"elementor-section elementor-top-section elementor-element elementor-element-10ef2269 elementor-section-content-top elementor-section-full_width elementor-section-height-default elementor-section-height-default\" data-id=\"10ef2269\" data-element_type=\"section\">\n\t\t\t\t\t\t<div class=\"elementor-container elementor-column-gap-default\">\n\t\t\t\t\t<div class=\"elementor-column elementor-col-100 elementor-top-column elementor-element elementor-element-4d62c3ed\" data-id=\"4d62c3ed\" data-element_type=\"column\">\n\t\t\t<div class=\"elementor-widget-wrap elementor-element-populated\">\n\t\t\t\t\t\t<div class=\"elementor-element elementor-element-283c967f elementor-widget elementor-widget-gallery\" data-id=\"283c967f\" data-element_type=\"widget\" data-settings=\"{&quot;gallery_layout&quot;:&quot;justified&quot;,&quot;ideal_row_height&quot;:{&quot;unit&quot;:&quot;px&quot;,&quot;size&quot;:272,&quot;sizes&quot;:[]},&quot;lazyload&quot;:&quot;yes&quot;,&quot;ideal_row_height_tablet&quot;:{&quot;unit&quot;:&quot;px&quot;,&quot;size&quot;:150,&quot;sizes&quot;:[]},&quot;ideal_row_height_mobile&quot;:{&quot;unit&quot;:&quot;px&quot;,&quot;size&quot;:150,&quot;sizes&quot;:[]},&quot;gap&quot;:{&quot;unit&quot;:&quot;px&quot;,&quot;size&quot;:10,&quot;sizes&quot;:[]},&quot;gap_tablet&quot;:{&quot;unit&quot;:&quot;px&quot;,&quot;size&quot;:10,&quot;sizes&quot;:[]},&quot;gap_mobile&quot;:{&quot;unit&quot;:&quot;px&quot;,&quot;size&quot;:10,&quot;sizes&quot;:[]},&quot;show_all_galleries&quot;:&quot;yes&quot;,&quot;content_hover_animation&quot;:&quot;fade-in&quot;}\" data-widget_type=\"gallery.default\">\n\t\t\t\t<div class=\"elementor-widget-container\">\n\t\t\t\t\t\t<div class=\"elementor-gallery__titles-container e--pointer-double-line e--animation-fade\" aria-label=\"Gallery filter\">\n\t\t\t\t\t\t\t\t\t<a class=\"elementor-item elementor-gallery-title\" role=\"button\" tabindex=\"0\" data-gallery-index=\"all\">\n\t\t\t\t\t\tAll\t\t\t\t\t<\/a>\n\t\t\t\t\n\t\t\t\t\t\t\t\t\t<a class=\"elementor-item elementor-gallery-title\" role=\"button\" tabindex=\"0\" data-gallery-index=\"0\">\n\t\t\t\t\t\tBackyard concerts\t\t\t\t\t<\/a>\n\t\t\t\t\t\t\t\t\t\t<a class=\"elementor-item elementor-gallery-title\" role=\"button\" tabindex=\"0\" data-gallery-index=\"1\">\n\t\t\t\t\t\tGarden and park events\t\t\t\t\t<\/a>\n\t\t\t\t\t\t\t\t\t\t<a class=\"elementor-item elementor-gallery-title\" role=\"button\" tabindex=\"0\" data-gallery-index=\"2\">\n\t\t\t\t\t\tRooftop events\t\t\t\t\t<\/a>\n\t\t\t\t\t\t\t\t\t\t<a class=\"elementor-item elementor-gallery-title\" role=\"button\" tabindex=\"0\" data-gallery-index=\"3\">\n\t\t\t\t\t\tNew outdoor events\t\t\t\t\t<\/a>\n\t\t\t\t\t\t\t\t\t\t<a class=\"elementor-item elementor-gallery-title\" role=\"button\" tabindex=\"0\" data-gallery-index=\"4\">\n\t\t\t\t\t\tVilla \/ castle events \t\t\t\t\t<\/a>\n\t\t\t\t\t\t\t\t\t\t<a class=\"elementor-item elementor-gallery-title\" role=\"button\" tabindex=\"0\" data-gallery-index=\"5\">\n\t\t\t\t\t\tWaterside events\t\t\t\t\t<\/a>\n\t\t\t\t\t\t\t\t<\/div>\n\t\t\t\t\t<div class=\"elementor-gallery__container\">\n\t\t\t\t\t\t\t<div class=\"e-gallery-item elementor-gallery-item elementor-animated-content\" data-e-gallery-tags=\"0\">\n\t\t\t\t\t<div class=\"e-gallery-image elementor-gallery-item__image\" data-thumbnail=\"https:\/\/meetsafe.hu\/wp-content\/uploads\/2020\/08\/outdoor_5.png\" data-width=\"600\" data-height=\"900\" aria-label=\"\" role=\"img\" ><\/div>\n\t\t\t\t\t\t\t\t\t\t\t\t\t\t<\/div>\n\t\t\t\t\t\t\t<div class=\"e-gallery-item elementor-gallery-item elementor-animated-content\" data-e-gallery-tags=\"1\">\n\t\t\t\t\t<div class=\"e-gallery-image elementor-gallery-item__image\" data-thumbnail=\"https:\/\/meetsafe.hu\/wp-content\/uploads\/2020\/08\/outdoor_6.png\" data-width=\"600\" data-height=\"900\" aria-label=\"\" role=\"img\" ><\/div>\n\t\t\t\t\t\t\t\t\t\t\t\t\t\t<\/div>\n\t\t\t\t\t\t\t<div class=\"e-gallery-item elementor-gallery-item elementor-animated-content\" data-e-gallery-tags=\"1\">\n\t\t\t\t\t<div class=\"e-gallery-image elementor-gallery-item__image\" data-thumbnail=\"https:\/\/meetsafe.hu\/wp-content\/uploads\/2020\/08\/outdoor_7.png\" data-width=\"600\" data-height=\"900\" aria-label=\"\" role=\"img\" ><\/div>\n\t\t\t\t\t\t\t\t\t\t\t\t\t\t<\/div>\n\t\t\t\t\t\t\t<div class=\"e-gallery-item elementor-gallery-item elementor-animated-content\" data-e-gallery-tags=\"1\">\n\t\t\t\t\t<div class=\"e-gallery-image elementor-gallery-item__image\" data-thumbnail=\"https:\/\/meetsafe.hu\/wp-content\/uploads\/2020\/08\/outdoor_13.png\" data-width=\"600\" data-height=\"900\" aria-label=\"\" role=\"img\" ><\/div>\n\t\t\t\t\t\t\t\t\t\t\t\t\t\t<\/div>\n\t\t\t\t\t\t\t<div class=\"e-gallery-item elementor-gallery-item elementor-animated-content\" data-e-gallery-tags=\"2\">\n\t\t\t\t\t<div class=\"e-gallery-image elementor-gallery-item__image\" data-thumbnail=\"https:\/\/meetsafe.hu\/wp-content\/uploads\/2020\/08\/outdoor_10.png\" data-width=\"900\" data-height=\"600\" aria-label=\"\" role=\"img\" ><\/div>\n\t\t\t\t\t\t\t\t\t\t\t\t\t\t<\/div>\n\t\t\t\t\t\t\t<div class=\"e-gallery-item elementor-gallery-item elementor-animated-content\" data-e-gallery-tags=\"2\">\n\t\t\t\t\t<div class=\"e-gallery-image elementor-gallery-item__image\" data-thumbnail=\"https:\/\/meetsafe.hu\/wp-content\/uploads\/2020\/08\/outdoor_11.png\" data-width=\"680\" data-height=\"600\" aria-label=\"\" role=\"img\" ><\/div>\n\t\t\t\t\t\t\t\t\t\t\t\t\t\t<\/div>\n\t\t\t\t\t\t\t<div class=\"e-gallery-item elementor-gallery-item elementor-animated-content\" data-e-gallery-tags=\"2\">\n\t\t\t\t\t<div class=\"e-gallery-image elementor-gallery-item__image\" data-thumbnail=\"https:\/\/meetsafe.hu\/wp-content\/uploads\/2020\/08\/outdoor_12.png\" data-width=\"600\" data-height=\"900\" aria-label=\"\" role=\"img\" ><\/div>\n\t\t\t\t\t\t\t\t\t\t\t\t\t\t<\/div>\n\t\t\t\t\t\t\t<div class=\"e-gallery-item elementor-gallery-item elementor-animated-content\" data-e-gallery-tags=\"3\">\n\t\t\t\t\t<div class=\"e-gallery-image elementor-gallery-item__image\" data-thumbnail=\"https:\/\/meetsafe.hu\/wp-content\/uploads\/2020\/08\/outdoor_8.png\" data-width=\"600\" data-height=\"900\" aria-label=\"\" role=\"img\" ><\/div>\n\t\t\t\t\t\t\t\t\t\t\t\t\t\t<\/div>\n\t\t\t\t\t\t\t<div class=\"e-gallery-item elementor-gallery-item elementor-animated-content\" data-e-gallery-tags=\"3\">\n\t\t\t\t\t<div class=\"e-gallery-image elementor-gallery-item__image\" data-thumbnail=\"https:\/\/meetsafe.hu\/wp-content\/uploads\/2020\/08\/outdoor_9.png\" data-width=\"900\" data-height=\"600\" aria-label=\"\" role=\"img\" ><\/div>\n\t\t\t\t\t\t\t\t\t\t\t\t\t\t<\/div>\n\t\t\t\t\t\t\t<div class=\"e-gallery-item elementor-gallery-item elementor-animated-content\" data-e-gallery-tags=\"3\">\n\t\t\t\t\t<div class=\"e-gallery-image elementor-gallery-item__image\" data-thumbnail=\"https:\/\/meetsafe.hu\/wp-content\/uploads\/2020\/12\/20200910_POLE_SzepmuveszetiMuzeum_26-scaled.jpg\" data-width=\"2560\" data-height=\"1709\" aria-label=\"\" role=\"img\" ><\/div>\n\t\t\t\t\t\t\t\t\t\t\t\t\t\t<\/div>\n\t\t\t\t\t\t\t<div class=\"e-gallery-item elementor-gallery-item elementor-animated-content\" data-e-gallery-tags=\"3\">\n\t\t\t\t\t<div class=\"e-gallery-image elementor-gallery-item__image\" data-thumbnail=\"https:\/\/meetsafe.hu\/wp-content\/uploads\/2020\/12\/20201002_Szepmu_Udvar_Setup_1_02.jpg\" data-width=\"1280\" data-height=\"720\" aria-label=\"\" role=\"img\" ><\/div>\n\t\t\t\t\t\t\t\t\t\t\t\t\t\t<\/div>\n\t\t\t\t\t\t\t<div class=\"e-gallery-item elementor-gallery-item elementor-animated-content\" data-e-gallery-tags=\"3\">\n\t\t\t\t\t<div class=\"e-gallery-image elementor-gallery-item__image\" data-thumbnail=\"https:\/\/meetsafe.hu\/wp-content\/uploads\/2020\/12\/20201002_Szepmu_Udvar_Setup_2_04.jpg\" data-width=\"1280\" data-height=\"720\" aria-label=\"\" role=\"img\" ><\/div>\n\t\t\t\t\t\t\t\t\t\t\t\t\t\t<\/div>\n\t\t\t\t\t\t\t<div class=\"e-gallery-item elementor-gallery-item elementor-animated-content\" data-e-gallery-tags=\"3\">\n\t\t\t\t\t<div class=\"e-gallery-image elementor-gallery-item__image\" data-thumbnail=\"https:\/\/meetsafe.hu\/wp-content\/uploads\/2020\/12\/Szepmu_terv_fotel-1.jpg\" data-width=\"1280\" data-height=\"720\" aria-label=\"\" role=\"img\" ><\/div>\n\t\t\t\t\t\t\t\t\t\t\t\t\t\t<\/div>\n\t\t\t\t\t\t\t<div class=\"e-gallery-item elementor-gallery-item elementor-animated-content\" data-e-gallery-tags=\"4\">\n\t\t\t\t\t<div class=\"e-gallery-image elementor-gallery-item__image\" data-thumbnail=\"https:\/\/meetsafe.hu\/wp-content\/uploads\/2020\/08\/outdoor_3.png\" data-width=\"900\" data-height=\"600\" aria-label=\"\" role=\"img\" ><\/div>\n\t\t\t\t\t\t\t\t\t\t\t\t\t\t<\/div>\n\t\t\t\t\t\t\t<div class=\"e-gallery-item elementor-gallery-item elementor-animated-content\" data-e-gallery-tags=\"4\">\n\t\t\t\t\t<div class=\"e-gallery-image elementor-gallery-item__image\" data-thumbnail=\"https:\/\/meetsafe.hu\/wp-content\/uploads\/2020\/08\/outdoor_4.png\" data-width=\"900\" data-height=\"600\" aria-label=\"\" role=\"img\" ><\/div>\n\t\t\t\t\t\t\t\t\t\t\t\t\t\t<\/div>\n\t\t\t\t\t\t\t<div class=\"e-gallery-item elementor-gallery-item elementor-animated-content\" data-e-gallery-tags=\"5\">\n\t\t\t\t\t<div class=\"e-gallery-image elementor-gallery-item__image\" data-thumbnail=\"https:\/\/meetsafe.hu\/wp-content\/uploads\/2020\/08\/outdoor_1.png\" data-width=\"900\" data-height=\"600\" aria-label=\"\" role=\"img\" ><\/div>\n\t\t\t\t\t\t\t\t\t\t\t\t\t\t<\/div>\n\t\t\t\t\t\t\t<div class=\"e-gallery-item elementor-gallery-item elementor-animated-content\" data-e-gallery-tags=\"5\">\n\t\t\t\t\t<div class=\"e-gallery-image elementor-gallery-item__image\" data-thumbnail=\"https:\/\/meetsafe.hu\/wp-content\/uploads\/2020\/08\/outdoor_2.png\" data-width=\"600\" data-height=\"900\" aria-label=\"\" role=\"img\" ><\/div>\n\t\t\t\t\t\t\t\t\t\t\t\t\t\t<\/div>\n\t\t\t\t\t<\/div>\n\t\t\t<\/div>\n\t\t\t\t<\/div>\n\t\t\t\t\t<\/div>\n\t\t<\/div>\n\t\t\t\t\t<\/div>\n\t\t<\/section>\n\t\t\t\t<section class=\"elementor-section elementor-top-section elementor-element elementor-element-4d3aba01 elementor-section-content-middle elementor-section-full_width elementor-section-height-default elementor-section-height-default\" data-id=\"4d3aba01\" data-element_type=\"section\" data-settings=\"{&quot;background_background&quot;:&quot;classic&quot;}\">\n\t\t\t\t\t\t<div class=\"elementor-container elementor-column-gap-no\">\n\t\t\t\t\t<div class=\"elementor-column elementor-col-100 elementor-top-column elementor-element elementor-element-66350f85\" data-id=\"66350f85\" data-element_type=\"column\">\n\t\t\t<div class=\"elementor-widget-wrap elementor-element-populated\">\n\t\t\t\t\t\t<div class=\"elementor-element elementor-element-6fe45544 elementor-widget elementor-widget-heading\" data-id=\"6fe45544\" data-element_type=\"widget\" data-widget_type=\"heading.default\">\n\t\t\t\t<div class=\"elementor-widget-container\">\n\t\t\t<div class=\"elementor-heading-title elementor-size-default\">\u00a9 SPECIAL EFFECTS ltd. <br>kraftwerk design &amp; production llc.<br>all rights reserved. 2020<\/div>\t\t<\/div>\n\t\t\t\t<\/div>\n\t\t\t\t\t<\/div>\n\t\t<\/div>\n\t\t\t\t\t<\/div>\n\t\t<\/section>\n\t\t\t\t<\/div>","protected":false},"excerpt":{"rendered":"<p>\u00faj \u00e9l\u0151 rendezv\u00e9nyform\u00e1k \u00daj szabadt\u00e9ri rendezv\u00e9nyek A k\u00fcl\u00f6nleges term\u00e9szeti adotts\u00e1gokkal rendelkez\u0151 helysz\u00ednek \u00f6nmagukban is leny\u0171g\u00f6z\u0151 alaphangulatot var\u00e1zsolnak, r\u00e1ad\u00e1sul a v\u00edrussal szemben is sokkal nagyobb biztons\u00e1got ny\u00fajt most a term\u00e9szet, mindemellett a fert\u0151tlen\u00edt\u00e9sre sem kell annyi energi\u00e1t ford\u00edtani, mint egy z\u00e1rt t\u00e9rben. Miut\u00e1n az emberek m\u00e1r nagyon v\u00e1gynak t\u00e1rsas\u00e1gba, az \u00fajragondolt szabadt\u00e9ri esem\u00e9nyekkel m\u00e9g ink\u00e1bb ki [&hellip;]<\/p>","protected":false},"author":1,"featured_media":0,"parent":483,"menu_order":0,"comment_status":"closed","ping_status":"closed","template":"","meta":{"footnotes":""},"class_list":["post-487","page","type-page","status-publish","hentry"],"yoast_head":"<!-- This site is optimized with the Yoast SEO plugin v23.6 - https:\/\/yoast.com\/wordpress\/plugins\/seo\/ -->\n<title>\u00daj Szabadt\u00e9ri Rendezv\u00e9nyek - Meet Safe<\/title>\n<meta name=\"robots\" content=\"index, follow, max-snippet:-1, max-image-preview:large, max-video-preview:-1\" \/>\n<link rel=\"canonical\" href=\"https:\/\/meetsafe.hu\/en\/uj-elo-rendezvenyformak\/uj-szabadteri-rendezvenyek\/\" \/>\n<meta property=\"og:locale\" content=\"en_US\" \/>\n<meta property=\"og:type\" content=\"article\" \/>\n<meta property=\"og:title\" content=\"\u00daj Szabadt\u00e9ri Rendezv\u00e9nyek - Meet Safe\" \/>\n<meta property=\"og:description\" content=\"\u00faj \u00e9l\u0151 rendezv\u00e9nyform\u00e1k \u00daj szabadt\u00e9ri rendezv\u00e9nyek A k\u00fcl\u00f6nleges term\u00e9szeti adotts\u00e1gokkal rendelkez\u0151 helysz\u00ednek \u00f6nmagukban is leny\u0171g\u00f6z\u0151 alaphangulatot var\u00e1zsolnak, r\u00e1ad\u00e1sul a v\u00edrussal szemben is sokkal nagyobb biztons\u00e1got ny\u00fajt most a term\u00e9szet, mindemellett a fert\u0151tlen\u00edt\u00e9sre sem kell annyi energi\u00e1t ford\u00edtani, mint egy z\u00e1rt t\u00e9rben. Miut\u00e1n az emberek m\u00e1r nagyon v\u00e1gynak t\u00e1rsas\u00e1gba, az \u00fajragondolt szabadt\u00e9ri esem\u00e9nyekkel m\u00e9g ink\u00e1bb ki [&hellip;]\" \/>\n<meta property=\"og:url\" content=\"https:\/\/meetsafe.hu\/en\/uj-elo-rendezvenyformak\/uj-szabadteri-rendezvenyek\/\" \/>\n<meta property=\"og:site_name\" content=\"Meet Safe\" \/>\n<meta property=\"article:publisher\" content=\"https:\/\/www.facebook.com\/meetsafe.speceffects\" \/>\n<meta property=\"article:modified_time\" content=\"2020-12-18T14:46:31+00:00\" \/>\n<meta name=\"twitter:card\" content=\"summary_large_image\" \/>\n<meta name=\"twitter:label1\" content=\"Est. reading time\" \/>\n\t<meta name=\"twitter:data1\" content=\"2 minutes\" \/>\n<script type=\"application\/ld+json\" class=\"yoast-schema-graph\">{\"@context\":\"https:\/\/schema.org\",\"@graph\":[{\"@type\":\"WebPage\",\"@id\":\"https:\/\/meetsafe.hu\/uj-elo-rendezvenyformak\/uj-szabadteri-rendezvenyek\/\",\"url\":\"https:\/\/meetsafe.hu\/uj-elo-rendezvenyformak\/uj-szabadteri-rendezvenyek\/\",\"name\":\"\u00daj Szabadt\u00e9ri Rendezv\u00e9nyek - Meet Safe\",\"isPartOf\":{\"@id\":\"https:\/\/meetsafe.hu\/hu\/#website\"},\"datePublished\":\"2020-07-30T10:13:26+00:00\",\"dateModified\":\"2020-12-18T14:46:31+00:00\",\"breadcrumb\":{\"@id\":\"https:\/\/meetsafe.hu\/uj-elo-rendezvenyformak\/uj-szabadteri-rendezvenyek\/#breadcrumb\"},\"inLanguage\":\"en-US\",\"potentialAction\":[{\"@type\":\"ReadAction\",\"target\":[\"https:\/\/meetsafe.hu\/uj-elo-rendezvenyformak\/uj-szabadteri-rendezvenyek\/\"]}]},{\"@type\":\"BreadcrumbList\",\"@id\":\"https:\/\/meetsafe.hu\/uj-elo-rendezvenyformak\/uj-szabadteri-rendezvenyek\/#breadcrumb\",\"itemListElement\":[{\"@type\":\"ListItem\",\"position\":1,\"name\":\"Home\",\"item\":\"https:\/\/meetsafe.hu\/hu\/\"},{\"@type\":\"ListItem\",\"position\":2,\"name\":\"\u00daj \u00c9l\u0151 Rendezv\u00e9nyform\u00e1k\",\"item\":\"https:\/\/meetsafe.hu\/uj-elo-rendezvenyformak\/\"},{\"@type\":\"ListItem\",\"position\":3,\"name\":\"\u00daj Szabadt\u00e9ri Rendezv\u00e9nyek\"}]},{\"@type\":\"WebSite\",\"@id\":\"https:\/\/meetsafe.hu\/hu\/#website\",\"url\":\"https:\/\/meetsafe.hu\/hu\/\",\"name\":\"Meet Safe\",\"description\":\"SE\",\"potentialAction\":[{\"@type\":\"SearchAction\",\"target\":{\"@type\":\"EntryPoint\",\"urlTemplate\":\"https:\/\/meetsafe.hu\/hu\/?s={search_term_string}\"},\"query-input\":{\"@type\":\"PropertyValueSpecification\",\"valueRequired\":true,\"valueName\":\"search_term_string\"}}],\"inLanguage\":\"en-US\"}]}<\/script>\n<!-- \/ Yoast SEO plugin. -->","yoast_head_json":{"title":"\u00daj Szabadt\u00e9ri Rendezv\u00e9nyek - Meet Safe","robots":{"index":"index","follow":"follow","max-snippet":"max-snippet:-1","max-image-preview":"max-image-preview:large","max-video-preview":"max-video-preview:-1"},"canonical":"https:\/\/meetsafe.hu\/en\/uj-elo-rendezvenyformak\/uj-szabadteri-rendezvenyek\/","og_locale":"en_US","og_type":"article","og_title":"\u00daj Szabadt\u00e9ri Rendezv\u00e9nyek - Meet Safe","og_description":"\u00faj \u00e9l\u0151 rendezv\u00e9nyform\u00e1k \u00daj szabadt\u00e9ri rendezv\u00e9nyek A k\u00fcl\u00f6nleges term\u00e9szeti adotts\u00e1gokkal rendelkez\u0151 helysz\u00ednek \u00f6nmagukban is leny\u0171g\u00f6z\u0151 alaphangulatot var\u00e1zsolnak, r\u00e1ad\u00e1sul a v\u00edrussal szemben is sokkal nagyobb biztons\u00e1got ny\u00fajt most a term\u00e9szet, mindemellett a fert\u0151tlen\u00edt\u00e9sre sem kell annyi energi\u00e1t ford\u00edtani, mint egy z\u00e1rt t\u00e9rben. Miut\u00e1n az emberek m\u00e1r nagyon v\u00e1gynak t\u00e1rsas\u00e1gba, az \u00fajragondolt szabadt\u00e9ri esem\u00e9nyekkel m\u00e9g ink\u00e1bb ki [&hellip;]","og_url":"https:\/\/meetsafe.hu\/en\/uj-elo-rendezvenyformak\/uj-szabadteri-rendezvenyek\/","og_site_name":"Meet Safe","article_publisher":"https:\/\/www.facebook.com\/meetsafe.speceffects","article_modified_time":"2020-12-18T14:46:31+00:00","twitter_card":"summary_large_image","twitter_misc":{"Est. reading time":"2 minutes"},"schema":{"@context":"https:\/\/schema.org","@graph":[{"@type":"WebPage","@id":"https:\/\/meetsafe.hu\/uj-elo-rendezvenyformak\/uj-szabadteri-rendezvenyek\/","url":"https:\/\/meetsafe.hu\/uj-elo-rendezvenyformak\/uj-szabadteri-rendezvenyek\/","name":"\u00daj Szabadt\u00e9ri Rendezv\u00e9nyek - Meet Safe","isPartOf":{"@id":"https:\/\/meetsafe.hu\/hu\/#website"},"datePublished":"2020-07-30T10:13:26+00:00","dateModified":"2020-12-18T14:46:31+00:00","breadcrumb":{"@id":"https:\/\/meetsafe.hu\/uj-elo-rendezvenyformak\/uj-szabadteri-rendezvenyek\/#breadcrumb"},"inLanguage":"en-US","potentialAction":[{"@type":"ReadAction","target":["https:\/\/meetsafe.hu\/uj-elo-rendezvenyformak\/uj-szabadteri-rendezvenyek\/"]}]},{"@type":"BreadcrumbList","@id":"https:\/\/meetsafe.hu\/uj-elo-rendezvenyformak\/uj-szabadteri-rendezvenyek\/#breadcrumb","itemListElement":[{"@type":"ListItem","position":1,"name":"Home","item":"https:\/\/meetsafe.hu\/hu\/"},{"@type":"ListItem","position":2,"name":"\u00daj \u00c9l\u0151 Rendezv\u00e9nyform\u00e1k","item":"https:\/\/meetsafe.hu\/uj-elo-rendezvenyformak\/"},{"@type":"ListItem","position":3,"name":"\u00daj Szabadt\u00e9ri Rendezv\u00e9nyek"}]},{"@type":"WebSite","@id":"https:\/\/meetsafe.hu\/hu\/#website","url":"https:\/\/meetsafe.hu\/hu\/","name":"Meet Safe","description":"SE","potentialAction":[{"@type":"SearchAction","target":{"@type":"EntryPoint","urlTemplate":"https:\/\/meetsafe.hu\/hu\/?s={search_term_string}"},"query-input":{"@type":"PropertyValueSpecification","valueRequired":true,"valueName":"search_term_string"}}],"inLanguage":"en-US"}]}},"_links":{"self":[{"href":"https:\/\/meetsafe.hu\/en\/wp-json\/wp\/v2\/pages\/487"}],"collection":[{"href":"https:\/\/meetsafe.hu\/en\/wp-json\/wp\/v2\/pages"}],"about":[{"href":"https:\/\/meetsafe.hu\/en\/wp-json\/wp\/v2\/types\/page"}],"author":[{"embeddable":true,"href":"https:\/\/meetsafe.hu\/en\/wp-json\/wp\/v2\/users\/1"}],"replies":[{"embeddable":true,"href":"https:\/\/meetsafe.hu\/en\/wp-json\/wp\/v2\/comments?post=487"}],"version-history":[{"count":22,"href":"https:\/\/meetsafe.hu\/en\/wp-json\/wp\/v2\/pages\/487\/revisions"}],"predecessor-version":[{"id":2857,"href":"https:\/\/meetsafe.hu\/en\/wp-json\/wp\/v2\/pages\/487\/revisions\/2857"}],"up":[{"embeddable":true,"href":"https:\/\/meetsafe.hu\/en\/wp-json\/wp\/v2\/pages\/483"}],"wp:attachment":[{"href":"https:\/\/meetsafe.hu\/en\/wp-json\/wp\/v2\/media?parent=487"}],"curies":[{"name":"wp","href":"https:\/\/api.w.org\/{rel}","templated":true}]}}