{"id":489,"date":"2020-07-30T12:13:48","date_gmt":"2020-07-30T10:13:48","guid":{"rendered":"https:\/\/meetsafe.hu\/?page_id=489"},"modified":"2020-12-15T11:26:14","modified_gmt":"2020-12-15T10:26:14","slug":"multistart-rendezvenyek","status":"publish","type":"page","link":"https:\/\/meetsafe.hu\/en\/uj-elo-rendezvenyformak\/multistart-rendezvenyek\/","title":{"rendered":"Multi-Start Events"},"content":{"rendered":"<div data-elementor-type=\"wp-page\" data-elementor-id=\"489\" class=\"elementor elementor-489\" data-elementor-post-type=\"page\">\n\t\t\t\t\t\t<section class=\"elementor-section elementor-top-section elementor-element elementor-element-4e6ef09c elementor-section-content-top elementor-section-full_width elementor-section-height-default elementor-section-height-default\" data-id=\"4e6ef09c\" data-element_type=\"section\">\n\t\t\t\t\t\t<div class=\"elementor-container elementor-column-gap-default\">\n\t\t\t\t\t<div class=\"elementor-column elementor-col-100 elementor-top-column elementor-element elementor-element-6592dec3\" data-id=\"6592dec3\" data-element_type=\"column\">\n\t\t\t<div class=\"elementor-widget-wrap elementor-element-populated\">\n\t\t\t\t\t\t<div class=\"elementor-element elementor-element-35a7e973 animated-slow elementor-widget elementor-widget-heading\" data-id=\"35a7e973\" data-element_type=\"widget\" data-settings=\"{&quot;_animation&quot;:&quot;none&quot;,&quot;_animation_delay&quot;:0}\" data-widget_type=\"heading.default\">\n\t\t\t\t<div class=\"elementor-widget-container\">\n\t\t\t<h2 class=\"elementor-heading-title elementor-size-default\">NEW LIVE EVENT FORMATS<\/h2>\t\t<\/div>\n\t\t\t\t<\/div>\n\t\t\t\t<div class=\"elementor-element elementor-element-71c55044 animated-slow elementor-widget elementor-widget-heading\" data-id=\"71c55044\" data-element_type=\"widget\" data-settings=\"{&quot;_animation&quot;:&quot;none&quot;,&quot;_animation_delay&quot;:100}\" data-widget_type=\"heading.default\">\n\t\t\t\t<div class=\"elementor-widget-container\">\n\t\t\t<h2 class=\"elementor-heading-title elementor-size-default\">Multi-Start events<\/h2>\t\t<\/div>\n\t\t\t\t<\/div>\n\t\t\t\t\t<\/div>\n\t\t<\/div>\n\t\t\t\t\t<\/div>\n\t\t<\/section>\n\t\t\t\t<section class=\"elementor-section elementor-top-section elementor-element elementor-element-5154f7ee elementor-section-content-top elementor-section-full_width elementor-section-height-default elementor-section-height-default\" data-id=\"5154f7ee\" data-element_type=\"section\">\n\t\t\t\t\t\t<div class=\"elementor-container elementor-column-gap-default\">\n\t\t\t\t\t<div class=\"elementor-column elementor-col-50 elementor-top-column elementor-element elementor-element-3b1498e9\" data-id=\"3b1498e9\" data-element_type=\"column\">\n\t\t\t<div class=\"elementor-widget-wrap elementor-element-populated\">\n\t\t\t\t\t\t<div class=\"elementor-element elementor-element-7cac111d animated-slow elementor-widget elementor-widget-text-editor\" data-id=\"7cac111d\" data-element_type=\"widget\" data-settings=\"{&quot;_animation&quot;:&quot;none&quot;,&quot;_animation_delay&quot;:200}\" data-widget_type=\"text-editor.default\">\n\t\t\t\t<div class=\"elementor-widget-container\">\n\t\t\t\t\t\t\t<p class=\" translation-block\"><strong>Participants are invited to the same venue in small groups and rotate between different meeting rooms\/venues. This decreases the congestion in social areas and creates a more comfortable, manageable and safer environment.<\/strong> Fields of interest or other specific information collected during pre-registration can determine the composition of groups, and help define activities and agendas more efficiently. Shifted arrivals relieve the meeting points and allow refreshing and preparation of the rooms for the next group during breaks.<\/p><p>In order to create a diverse experience, consider adapting the design and decoration to the theme of the given presentation.<\/p><p>Speakers repeat their presentations according to the schedule. Online participants may join using professional technology and interactive solutions, providing them extra flexibility since they can view the same presentations at multiple times.<\/p>\t\t\t\t\t\t<\/div>\n\t\t\t\t<\/div>\n\t\t\t\t\t<\/div>\n\t\t<\/div>\n\t\t\t\t<div class=\"elementor-column elementor-col-50 elementor-top-column elementor-element elementor-element-c1723b7\" data-id=\"c1723b7\" data-element_type=\"column\">\n\t\t\t<div class=\"elementor-widget-wrap elementor-element-populated\">\n\t\t\t\t\t\t<div class=\"elementor-element elementor-element-6d68f56 elementor-hidden-phone elementor-align-center elementor-widget elementor-widget-lottie\" data-id=\"6d68f56\" data-element_type=\"widget\" data-settings=\"{&quot;source_json&quot;:{&quot;url&quot;:&quot;https:\\\/\\\/meetsafe.hu\\\/wp-content\\\/uploads\\\/2020\\\/09\\\/multistart.json&quot;,&quot;id&quot;:1282,&quot;size&quot;:&quot;&quot;},&quot;loop&quot;:&quot;yes&quot;,&quot;play_speed&quot;:{&quot;unit&quot;:&quot;px&quot;,&quot;size&quot;:0.5,&quot;sizes&quot;:[]},&quot;start_point&quot;:{&quot;unit&quot;:&quot;%&quot;,&quot;size&quot;:0,&quot;sizes&quot;:[]},&quot;source&quot;:&quot;media_file&quot;,&quot;caption_source&quot;:&quot;none&quot;,&quot;link_to&quot;:&quot;none&quot;,&quot;trigger&quot;:&quot;arriving_to_viewport&quot;,&quot;viewport&quot;:{&quot;unit&quot;:&quot;%&quot;,&quot;size&quot;:&quot;&quot;,&quot;sizes&quot;:{&quot;start&quot;:0,&quot;end&quot;:100}},&quot;end_point&quot;:{&quot;unit&quot;:&quot;%&quot;,&quot;size&quot;:100,&quot;sizes&quot;:[]},&quot;renderer&quot;:&quot;svg&quot;}\" data-widget_type=\"lottie.default\">\n\t\t\t\t<div class=\"elementor-widget-container\">\n\t\t\t<div class=\"e-lottie__container\"><div class=\"e-lottie__animation\"><\/div><\/div>\t\t<\/div>\n\t\t\t\t<\/div>\n\t\t\t\t<div class=\"elementor-element elementor-element-eb08280 elementor-hidden-desktop elementor-hidden-tablet elementor-align-center elementor-widget elementor-widget-lottie\" data-id=\"eb08280\" data-element_type=\"widget\" data-settings=\"{&quot;source_json&quot;:{&quot;url&quot;:&quot;https:\\\/\\\/meetsafe.hu\\\/wp-content\\\/uploads\\\/2020\\\/09\\\/multistart.json&quot;,&quot;id&quot;:1282,&quot;size&quot;:&quot;&quot;},&quot;play_speed&quot;:{&quot;unit&quot;:&quot;px&quot;,&quot;size&quot;:0.5,&quot;sizes&quot;:[]},&quot;start_point&quot;:{&quot;unit&quot;:&quot;%&quot;,&quot;size&quot;:0,&quot;sizes&quot;:[]},&quot;source&quot;:&quot;media_file&quot;,&quot;caption_source&quot;:&quot;none&quot;,&quot;link_to&quot;:&quot;none&quot;,&quot;trigger&quot;:&quot;arriving_to_viewport&quot;,&quot;viewport&quot;:{&quot;unit&quot;:&quot;%&quot;,&quot;size&quot;:&quot;&quot;,&quot;sizes&quot;:{&quot;start&quot;:0,&quot;end&quot;:100}},&quot;end_point&quot;:{&quot;unit&quot;:&quot;%&quot;,&quot;size&quot;:100,&quot;sizes&quot;:[]},&quot;renderer&quot;:&quot;svg&quot;}\" data-widget_type=\"lottie.default\">\n\t\t\t\t<div class=\"elementor-widget-container\">\n\t\t\t<div class=\"e-lottie__container\"><div class=\"e-lottie__animation\"><\/div><\/div>\t\t<\/div>\n\t\t\t\t<\/div>\n\t\t\t\t\t<\/div>\n\t\t<\/div>\n\t\t\t\t\t<\/div>\n\t\t<\/section>\n\t\t\t\t<section class=\"elementor-section elementor-top-section elementor-element elementor-element-46bafd20 elementor-section-content-middle elementor-section-full_width elementor-section-height-default elementor-section-height-default\" data-id=\"46bafd20\" data-element_type=\"section\" data-settings=\"{&quot;background_background&quot;:&quot;classic&quot;}\">\n\t\t\t\t\t\t<div class=\"elementor-container elementor-column-gap-no\">\n\t\t\t\t\t<div class=\"elementor-column elementor-col-100 elementor-top-column elementor-element elementor-element-d9da495\" data-id=\"d9da495\" data-element_type=\"column\">\n\t\t\t<div class=\"elementor-widget-wrap elementor-element-populated\">\n\t\t\t\t\t\t<div class=\"elementor-element elementor-element-24a2b867 elementor-widget elementor-widget-heading\" data-id=\"24a2b867\" data-element_type=\"widget\" data-widget_type=\"heading.default\">\n\t\t\t\t<div class=\"elementor-widget-container\">\n\t\t\t<div class=\"elementor-heading-title elementor-size-default\">\u00a9 SPECIAL EFFECTS ltd. <br>kraftwerk design &amp; production llc.<br>all rights reserved. 2020<\/div>\t\t<\/div>\n\t\t\t\t<\/div>\n\t\t\t\t\t<\/div>\n\t\t<\/div>\n\t\t\t\t\t<\/div>\n\t\t<\/section>\n\t\t\t\t<\/div>","protected":false},"excerpt":{"rendered":"<p>\u00faj \u00e9l\u0151 rendezv\u00e9nyform\u00e1k Multi-Start rendezv\u00e9nyek Ugyanarra a helysz\u00ednre egym\u00e1s ut\u00e1ni csoportokban invit\u00e1ljuk a r\u00e9sztvev\u0151ket, akik v\u00e1lt\u00e1sban l\u00e1togatj\u00e1k az egyes termeket illetve helysz\u00edneket, ezzel is cs\u00f6kkentve a k\u00f6z\u00f6ss\u00e9gi terek\u00a0(pl. vend\u00e9gl\u00e1t\u00f3- \u00e9s ki\u00e1ll\u00edt\u00f3t\u00e9r)\u00a0zs\u00fafolts\u00e1g\u00e1t.\u00a0A kisebb csoportok sz\u00e1m\u00e1ra \u00edgy k\u00e9nyelmesebb, kezelhet\u0151bb \u00e9s biztons\u00e1gosabb k\u00f6rnyezetet teremt\u00fcnk. A szakmai csoportok \u00f6sszet\u00e9tel\u00e9t k\u00fcl\u00f6nb\u00f6z\u0151 koncepci\u00f3k \u00e9s\/vagy \u00e9rdekl\u0151d\u00e9si k\u00f6r\u00f6k szerint lehet alak\u00edtani (ak\u00e1r m\u00e1r [&hellip;]<\/p>","protected":false},"author":1,"featured_media":0,"parent":483,"menu_order":0,"comment_status":"closed","ping_status":"closed","template":"","meta":{"footnotes":""},"class_list":["post-489","page","type-page","status-publish","hentry"],"yoast_head":"<!-- This site is optimized with the Yoast SEO plugin v23.6 - https:\/\/yoast.com\/wordpress\/plugins\/seo\/ -->\n<title>Multi-Start Rendezv\u00e9nyek - Meet Safe<\/title>\n<meta name=\"robots\" content=\"index, follow, max-snippet:-1, max-image-preview:large, max-video-preview:-1\" \/>\n<link rel=\"canonical\" href=\"https:\/\/meetsafe.hu\/en\/uj-elo-rendezvenyformak\/multistart-rendezvenyek\/\" \/>\n<meta property=\"og:locale\" content=\"en_US\" \/>\n<meta property=\"og:type\" content=\"article\" \/>\n<meta property=\"og:title\" content=\"Multi-Start Rendezv\u00e9nyek - Meet Safe\" \/>\n<meta property=\"og:description\" content=\"\u00faj \u00e9l\u0151 rendezv\u00e9nyform\u00e1k Multi-Start rendezv\u00e9nyek Ugyanarra a helysz\u00ednre egym\u00e1s ut\u00e1ni csoportokban invit\u00e1ljuk a r\u00e9sztvev\u0151ket, akik v\u00e1lt\u00e1sban l\u00e1togatj\u00e1k az egyes termeket illetve helysz\u00edneket, ezzel is cs\u00f6kkentve a k\u00f6z\u00f6ss\u00e9gi terek\u00a0(pl. vend\u00e9gl\u00e1t\u00f3- \u00e9s ki\u00e1ll\u00edt\u00f3t\u00e9r)\u00a0zs\u00fafolts\u00e1g\u00e1t.\u00a0A kisebb csoportok sz\u00e1m\u00e1ra \u00edgy k\u00e9nyelmesebb, kezelhet\u0151bb \u00e9s biztons\u00e1gosabb k\u00f6rnyezetet teremt\u00fcnk. A szakmai csoportok \u00f6sszet\u00e9tel\u00e9t k\u00fcl\u00f6nb\u00f6z\u0151 koncepci\u00f3k \u00e9s\/vagy \u00e9rdekl\u0151d\u00e9si k\u00f6r\u00f6k szerint lehet alak\u00edtani (ak\u00e1r m\u00e1r [&hellip;]\" \/>\n<meta property=\"og:url\" content=\"https:\/\/meetsafe.hu\/en\/uj-elo-rendezvenyformak\/multistart-rendezvenyek\/\" \/>\n<meta property=\"og:site_name\" content=\"Meet Safe\" \/>\n<meta property=\"article:publisher\" content=\"https:\/\/www.facebook.com\/meetsafe.speceffects\" \/>\n<meta property=\"article:modified_time\" content=\"2020-12-15T10:26:14+00:00\" \/>\n<meta name=\"twitter:card\" content=\"summary_large_image\" \/>\n<meta name=\"twitter:label1\" content=\"Est. reading time\" \/>\n\t<meta name=\"twitter:data1\" content=\"1 minute\" \/>\n<script type=\"application\/ld+json\" class=\"yoast-schema-graph\">{\"@context\":\"https:\/\/schema.org\",\"@graph\":[{\"@type\":\"WebPage\",\"@id\":\"https:\/\/meetsafe.hu\/uj-elo-rendezvenyformak\/multistart-rendezvenyek\/\",\"url\":\"https:\/\/meetsafe.hu\/uj-elo-rendezvenyformak\/multistart-rendezvenyek\/\",\"name\":\"Multi-Start Rendezv\u00e9nyek - Meet Safe\",\"isPartOf\":{\"@id\":\"https:\/\/meetsafe.hu\/hu\/#website\"},\"datePublished\":\"2020-07-30T10:13:48+00:00\",\"dateModified\":\"2020-12-15T10:26:14+00:00\",\"breadcrumb\":{\"@id\":\"https:\/\/meetsafe.hu\/uj-elo-rendezvenyformak\/multistart-rendezvenyek\/#breadcrumb\"},\"inLanguage\":\"en-US\",\"potentialAction\":[{\"@type\":\"ReadAction\",\"target\":[\"https:\/\/meetsafe.hu\/uj-elo-rendezvenyformak\/multistart-rendezvenyek\/\"]}]},{\"@type\":\"BreadcrumbList\",\"@id\":\"https:\/\/meetsafe.hu\/uj-elo-rendezvenyformak\/multistart-rendezvenyek\/#breadcrumb\",\"itemListElement\":[{\"@type\":\"ListItem\",\"position\":1,\"name\":\"Home\",\"item\":\"https:\/\/meetsafe.hu\/hu\/\"},{\"@type\":\"ListItem\",\"position\":2,\"name\":\"\u00daj \u00c9l\u0151 Rendezv\u00e9nyform\u00e1k\",\"item\":\"https:\/\/meetsafe.hu\/uj-elo-rendezvenyformak\/\"},{\"@type\":\"ListItem\",\"position\":3,\"name\":\"Multi-Start Rendezv\u00e9nyek\"}]},{\"@type\":\"WebSite\",\"@id\":\"https:\/\/meetsafe.hu\/hu\/#website\",\"url\":\"https:\/\/meetsafe.hu\/hu\/\",\"name\":\"Meet Safe\",\"description\":\"SE\",\"potentialAction\":[{\"@type\":\"SearchAction\",\"target\":{\"@type\":\"EntryPoint\",\"urlTemplate\":\"https:\/\/meetsafe.hu\/hu\/?s={search_term_string}\"},\"query-input\":{\"@type\":\"PropertyValueSpecification\",\"valueRequired\":true,\"valueName\":\"search_term_string\"}}],\"inLanguage\":\"en-US\"}]}<\/script>\n<!-- \/ Yoast SEO plugin. -->","yoast_head_json":{"title":"Multi-Start Rendezv\u00e9nyek - Meet Safe","robots":{"index":"index","follow":"follow","max-snippet":"max-snippet:-1","max-image-preview":"max-image-preview:large","max-video-preview":"max-video-preview:-1"},"canonical":"https:\/\/meetsafe.hu\/en\/uj-elo-rendezvenyformak\/multistart-rendezvenyek\/","og_locale":"en_US","og_type":"article","og_title":"Multi-Start Rendezv\u00e9nyek - Meet Safe","og_description":"\u00faj \u00e9l\u0151 rendezv\u00e9nyform\u00e1k Multi-Start rendezv\u00e9nyek Ugyanarra a helysz\u00ednre egym\u00e1s ut\u00e1ni csoportokban invit\u00e1ljuk a r\u00e9sztvev\u0151ket, akik v\u00e1lt\u00e1sban l\u00e1togatj\u00e1k az egyes termeket illetve helysz\u00edneket, ezzel is cs\u00f6kkentve a k\u00f6z\u00f6ss\u00e9gi terek\u00a0(pl. vend\u00e9gl\u00e1t\u00f3- \u00e9s ki\u00e1ll\u00edt\u00f3t\u00e9r)\u00a0zs\u00fafolts\u00e1g\u00e1t.\u00a0A kisebb csoportok sz\u00e1m\u00e1ra \u00edgy k\u00e9nyelmesebb, kezelhet\u0151bb \u00e9s biztons\u00e1gosabb k\u00f6rnyezetet teremt\u00fcnk. A szakmai csoportok \u00f6sszet\u00e9tel\u00e9t k\u00fcl\u00f6nb\u00f6z\u0151 koncepci\u00f3k \u00e9s\/vagy \u00e9rdekl\u0151d\u00e9si k\u00f6r\u00f6k szerint lehet alak\u00edtani (ak\u00e1r m\u00e1r [&hellip;]","og_url":"https:\/\/meetsafe.hu\/en\/uj-elo-rendezvenyformak\/multistart-rendezvenyek\/","og_site_name":"Meet Safe","article_publisher":"https:\/\/www.facebook.com\/meetsafe.speceffects","article_modified_time":"2020-12-15T10:26:14+00:00","twitter_card":"summary_large_image","twitter_misc":{"Est. reading time":"1 minute"},"schema":{"@context":"https:\/\/schema.org","@graph":[{"@type":"WebPage","@id":"https:\/\/meetsafe.hu\/uj-elo-rendezvenyformak\/multistart-rendezvenyek\/","url":"https:\/\/meetsafe.hu\/uj-elo-rendezvenyformak\/multistart-rendezvenyek\/","name":"Multi-Start Rendezv\u00e9nyek - Meet Safe","isPartOf":{"@id":"https:\/\/meetsafe.hu\/hu\/#website"},"datePublished":"2020-07-30T10:13:48+00:00","dateModified":"2020-12-15T10:26:14+00:00","breadcrumb":{"@id":"https:\/\/meetsafe.hu\/uj-elo-rendezvenyformak\/multistart-rendezvenyek\/#breadcrumb"},"inLanguage":"en-US","potentialAction":[{"@type":"ReadAction","target":["https:\/\/meetsafe.hu\/uj-elo-rendezvenyformak\/multistart-rendezvenyek\/"]}]},{"@type":"BreadcrumbList","@id":"https:\/\/meetsafe.hu\/uj-elo-rendezvenyformak\/multistart-rendezvenyek\/#breadcrumb","itemListElement":[{"@type":"ListItem","position":1,"name":"Home","item":"https:\/\/meetsafe.hu\/hu\/"},{"@type":"ListItem","position":2,"name":"\u00daj \u00c9l\u0151 Rendezv\u00e9nyform\u00e1k","item":"https:\/\/meetsafe.hu\/uj-elo-rendezvenyformak\/"},{"@type":"ListItem","position":3,"name":"Multi-Start Rendezv\u00e9nyek"}]},{"@type":"WebSite","@id":"https:\/\/meetsafe.hu\/hu\/#website","url":"https:\/\/meetsafe.hu\/hu\/","name":"Meet Safe","description":"SE","potentialAction":[{"@type":"SearchAction","target":{"@type":"EntryPoint","urlTemplate":"https:\/\/meetsafe.hu\/hu\/?s={search_term_string}"},"query-input":{"@type":"PropertyValueSpecification","valueRequired":true,"valueName":"search_term_string"}}],"inLanguage":"en-US"}]}},"_links":{"self":[{"href":"https:\/\/meetsafe.hu\/en\/wp-json\/wp\/v2\/pages\/489"}],"collection":[{"href":"https:\/\/meetsafe.hu\/en\/wp-json\/wp\/v2\/pages"}],"about":[{"href":"https:\/\/meetsafe.hu\/en\/wp-json\/wp\/v2\/types\/page"}],"author":[{"embeddable":true,"href":"https:\/\/meetsafe.hu\/en\/wp-json\/wp\/v2\/users\/1"}],"replies":[{"embeddable":true,"href":"https:\/\/meetsafe.hu\/en\/wp-json\/wp\/v2\/comments?post=489"}],"version-history":[{"count":25,"href":"https:\/\/meetsafe.hu\/en\/wp-json\/wp\/v2\/pages\/489\/revisions"}],"predecessor-version":[{"id":2419,"href":"https:\/\/meetsafe.hu\/en\/wp-json\/wp\/v2\/pages\/489\/revisions\/2419"}],"up":[{"embeddable":true,"href":"https:\/\/meetsafe.hu\/en\/wp-json\/wp\/v2\/pages\/483"}],"wp:attachment":[{"href":"https:\/\/meetsafe.hu\/en\/wp-json\/wp\/v2\/media?parent=489"}],"curies":[{"name":"wp","href":"https:\/\/api.w.org\/{rel}","templated":true}]}}