{"id":417,"date":"2020-07-29T17:07:09","date_gmt":"2020-07-29T15:07:09","guid":{"rendered":"https:\/\/meetsafe.hu\/?page_id=417"},"modified":"2020-12-16T13:44:52","modified_gmt":"2020-12-16T12:44:52","slug":"multi-city-and-location","status":"publish","type":"page","link":"https:\/\/meetsafe.hu\/hu\/hibrid-rendezvenyek\/multi-city-and-location\/","title":{"rendered":"Multi-City \u00e9s Multi-Location"},"content":{"rendered":"\t\t<div data-elementor-type=\"wp-page\" data-elementor-id=\"417\" class=\"elementor elementor-417\" data-elementor-post-type=\"page\">\n\t\t\t\t\t\t<section class=\"elementor-section elementor-top-section elementor-element elementor-element-45bf99a9 elementor-section-content-top elementor-section-full_width elementor-section-height-default elementor-section-height-default\" data-id=\"45bf99a9\" data-element_type=\"section\">\n\t\t\t\t\t\t<div class=\"elementor-container elementor-column-gap-default\">\n\t\t\t\t\t<div class=\"elementor-column elementor-col-100 elementor-top-column elementor-element elementor-element-62c01668\" data-id=\"62c01668\" data-element_type=\"column\">\n\t\t\t<div class=\"elementor-widget-wrap elementor-element-populated\">\n\t\t\t\t\t\t<div class=\"elementor-element elementor-element-7b1d0a6f animated-slow elementor-widget elementor-widget-heading\" data-id=\"7b1d0a6f\" data-element_type=\"widget\" data-settings=\"{&quot;_animation&quot;:&quot;none&quot;,&quot;_animation_delay&quot;:0}\" data-widget_type=\"heading.default\">\n\t\t\t\t<div class=\"elementor-widget-container\">\n\t\t\t<h2 class=\"elementor-heading-title elementor-size-default\">A HIBRID RENDEZV\u00c9NYEK\u00c9 A J\u00d6V\u0150!<\/h2>\t\t<\/div>\n\t\t\t\t<\/div>\n\t\t\t\t<div class=\"elementor-element elementor-element-2ce1666d animated-slow elementor-widget elementor-widget-heading\" data-id=\"2ce1666d\" data-element_type=\"widget\" data-settings=\"{&quot;_animation&quot;:&quot;none&quot;,&quot;_animation_delay&quot;:100}\" data-widget_type=\"heading.default\">\n\t\t\t\t<div class=\"elementor-widget-container\">\n\t\t\t<h2 class=\"elementor-heading-title elementor-size-default\">Multi-City rendezv\u00e9nyek<br>Multi-Location rendezv\u00e9nyek<\/h2>\t\t<\/div>\n\t\t\t\t<\/div>\n\t\t\t\t\t<\/div>\n\t\t<\/div>\n\t\t\t\t\t<\/div>\n\t\t<\/section>\n\t\t\t\t<section class=\"elementor-section elementor-top-section elementor-element elementor-element-684e661 elementor-section-full_width elementor-section-height-default elementor-section-height-default\" data-id=\"684e661\" data-element_type=\"section\">\n\t\t\t\t\t\t<div class=\"elementor-container elementor-column-gap-wide\">\n\t\t\t\t\t<div class=\"elementor-column elementor-col-50 elementor-top-column elementor-element elementor-element-18fb65f\" data-id=\"18fb65f\" data-element_type=\"column\">\n\t\t\t<div class=\"elementor-widget-wrap elementor-element-populated\">\n\t\t\t\t\t\t<div class=\"elementor-element elementor-element-6b05a2d animated-slow elementor-widget elementor-widget-text-editor\" data-id=\"6b05a2d\" data-element_type=\"widget\" data-settings=\"{&quot;_animation&quot;:&quot;none&quot;,&quot;_animation_delay&quot;:200}\" data-widget_type=\"text-editor.default\">\n\t\t\t\t<div class=\"elementor-widget-container\">\n\t\t\t\t\t\t\t<p><strong>A k\u00e9t, hasonl\u00f3 elven alapul\u00f3 rendezv\u00e9nyforma k\u00f6z\u00fcl az els\u0151n\u00e9l <\/strong><strong>egy id\u0151ben, k\u00fcl\u00f6nb\u00f6z\u0151 v\u00e1rosokban, kisebb l\u00e9tsz\u00e1m\u00fa esem\u00e9nyek<\/strong>et szervez\u00fcnk meg, ezzel biztos\u00edtva a nagyobb szem\u00e9lyes r\u00e9szv\u00e9telt. A k\u00f6zelj\u00f6v\u0151ben sokkal nagyobb val\u00f3sz\u00edn\u0171s\u00e9ggel utaznak az emberek orsz\u00e1gon bel\u00fcl \u00e9s\/vagy szomsz\u00e9dos orsz\u00e1gokba, mint t\u00e1volabbi helyekre. Egy adott r\u00e9gi\u00f3ban nagyon hasonl\u00f3ak a szab\u00e1lyoz\u00e1sok, kev\u00e9sb\u00e9 kell tartani att\u00f3l, hogy kedvez\u0151tlen int\u00e9zked\u00e9sekkel kell szemben\u00e9zni az elutaz\u00e1s, illetve a hazajut\u00e1s sor\u00e1n. K\u00f6zelebbi v\u00e1rosok rendezv\u00e9nyei ak\u00e1r saj\u00e1t j\u00e1rm\u0171vel, vagy n\u00e9h\u00e1ny \u00f3r\u00e1s rep\u00fcl\u0151\u00fattal el\u00e9rhet\u0151ek, \u00edgy probl\u00e9ma eset\u00e9n k\u00f6nnyebb a hazautaz\u00e1s.<\/p>\t\t\t\t\t\t<\/div>\n\t\t\t\t<\/div>\n\t\t\t\t\t<\/div>\n\t\t<\/div>\n\t\t\t\t<div class=\"elementor-column elementor-col-50 elementor-top-column elementor-element elementor-element-1fc99ed\" data-id=\"1fc99ed\" data-element_type=\"column\">\n\t\t\t<div class=\"elementor-widget-wrap elementor-element-populated\">\n\t\t\t\t\t\t<div class=\"elementor-element elementor-element-a1f3d73 elementor-align-center elementor-widget elementor-widget-lottie\" data-id=\"a1f3d73\" data-element_type=\"widget\" data-settings=\"{&quot;source_json&quot;:{&quot;url&quot;:&quot;https:\\\/\\\/meetsafe.hu\\\/wp-content\\\/uploads\\\/2020\\\/09\\\/multycity_outlined_gold.json&quot;,&quot;id&quot;:1300,&quot;size&quot;:&quot;&quot;},&quot;loop&quot;:&quot;yes&quot;,&quot;source&quot;:&quot;media_file&quot;,&quot;caption_source&quot;:&quot;none&quot;,&quot;link_to&quot;:&quot;none&quot;,&quot;trigger&quot;:&quot;arriving_to_viewport&quot;,&quot;viewport&quot;:{&quot;unit&quot;:&quot;%&quot;,&quot;size&quot;:&quot;&quot;,&quot;sizes&quot;:{&quot;start&quot;:0,&quot;end&quot;:100}},&quot;play_speed&quot;:{&quot;unit&quot;:&quot;px&quot;,&quot;size&quot;:1,&quot;sizes&quot;:[]},&quot;start_point&quot;:{&quot;unit&quot;:&quot;%&quot;,&quot;size&quot;:0,&quot;sizes&quot;:[]},&quot;end_point&quot;:{&quot;unit&quot;:&quot;%&quot;,&quot;size&quot;:100,&quot;sizes&quot;:[]},&quot;renderer&quot;:&quot;svg&quot;}\" data-widget_type=\"lottie.default\">\n\t\t\t\t<div class=\"elementor-widget-container\">\n\t\t\t<div class=\"e-lottie__container\"><div class=\"e-lottie__animation\"><\/div><\/div>\t\t<\/div>\n\t\t\t\t<\/div>\n\t\t\t\t\t<\/div>\n\t\t<\/div>\n\t\t\t\t\t<\/div>\n\t\t<\/section>\n\t\t\t\t<section class=\"elementor-section elementor-top-section elementor-element elementor-element-0d55b35 elementor-section-full_width elementor-hidden-desktop elementor-hidden-tablet elementor-section-height-default elementor-section-height-default\" data-id=\"0d55b35\" data-element_type=\"section\">\n\t\t\t\t\t\t<div class=\"elementor-container elementor-column-gap-wide\">\n\t\t\t\t\t<div class=\"elementor-column elementor-col-50 elementor-top-column elementor-element elementor-element-408a134\" data-id=\"408a134\" data-element_type=\"column\">\n\t\t\t<div class=\"elementor-widget-wrap elementor-element-populated\">\n\t\t\t\t\t\t<div class=\"elementor-element elementor-element-251f244 animated-slow elementor-widget elementor-widget-text-editor\" data-id=\"251f244\" data-element_type=\"widget\" data-settings=\"{&quot;_animation&quot;:&quot;none&quot;,&quot;_animation_delay&quot;:200}\" data-widget_type=\"text-editor.default\">\n\t\t\t\t<div class=\"elementor-widget-container\">\n\t\t\t\t\t\t\t<p><strong>A m\u00e1sik esetben az egy adott v\u00e1rosban megrendezend\u0151,<\/strong>\u00a0<strong>nagyobb l\u00e9tsz\u00e1m\u00fa esem\u00e9nyeket sz\u00e9tbontjuk<\/strong><strong>,<\/strong> <strong>\u00e9s a v\u00e1roson bel\u00fcl k\u00fcl\u00f6nb\u00f6z\u0151 helysz\u00edneken, de egy id\u0151ben rendezz\u00fck meg.<\/strong><\/p>\t\t\t\t\t\t<\/div>\n\t\t\t\t<\/div>\n\t\t\t\t<div class=\"elementor-element elementor-element-780b606 elementor-align-center elementor-widget elementor-widget-lottie\" data-id=\"780b606\" data-element_type=\"widget\" data-settings=\"{&quot;source_json&quot;:{&quot;url&quot;:&quot;https:\\\/\\\/meetsafe.hu\\\/wp-content\\\/uploads\\\/2020\\\/09\\\/multilocation_outline_gold.json&quot;,&quot;id&quot;:1301,&quot;size&quot;:&quot;&quot;},&quot;loop&quot;:&quot;yes&quot;,&quot;source&quot;:&quot;media_file&quot;,&quot;caption_source&quot;:&quot;none&quot;,&quot;link_to&quot;:&quot;none&quot;,&quot;trigger&quot;:&quot;arriving_to_viewport&quot;,&quot;viewport&quot;:{&quot;unit&quot;:&quot;%&quot;,&quot;size&quot;:&quot;&quot;,&quot;sizes&quot;:{&quot;start&quot;:0,&quot;end&quot;:100}},&quot;play_speed&quot;:{&quot;unit&quot;:&quot;px&quot;,&quot;size&quot;:1,&quot;sizes&quot;:[]},&quot;start_point&quot;:{&quot;unit&quot;:&quot;%&quot;,&quot;size&quot;:0,&quot;sizes&quot;:[]},&quot;end_point&quot;:{&quot;unit&quot;:&quot;%&quot;,&quot;size&quot;:100,&quot;sizes&quot;:[]},&quot;renderer&quot;:&quot;svg&quot;}\" data-widget_type=\"lottie.default\">\n\t\t\t\t<div class=\"elementor-widget-container\">\n\t\t\t<div class=\"e-lottie__container\"><div class=\"e-lottie__animation\"><\/div><\/div>\t\t<\/div>\n\t\t\t\t<\/div>\n\t\t\t\t\t<\/div>\n\t\t<\/div>\n\t\t\t\t<div class=\"elementor-column elementor-col-50 elementor-top-column elementor-element elementor-element-9190323\" data-id=\"9190323\" data-element_type=\"column\">\n\t\t\t<div class=\"elementor-widget-wrap\">\n\t\t\t\t\t\t\t<\/div>\n\t\t<\/div>\n\t\t\t\t\t<\/div>\n\t\t<\/section>\n\t\t\t\t<section class=\"elementor-section elementor-top-section elementor-element elementor-element-00976b3 elementor-section-full_width elementor-hidden-phone elementor-section-height-default elementor-section-height-default\" data-id=\"00976b3\" data-element_type=\"section\">\n\t\t\t\t\t\t<div class=\"elementor-container elementor-column-gap-wide\">\n\t\t\t\t\t<div class=\"elementor-column elementor-col-50 elementor-top-column elementor-element elementor-element-4c48778\" data-id=\"4c48778\" data-element_type=\"column\">\n\t\t\t<div class=\"elementor-widget-wrap elementor-element-populated\">\n\t\t\t\t\t\t<div class=\"elementor-element elementor-element-78b9606 elementor-align-center elementor-widget elementor-widget-lottie\" data-id=\"78b9606\" data-element_type=\"widget\" data-settings=\"{&quot;source_json&quot;:{&quot;url&quot;:&quot;https:\\\/\\\/meetsafe.hu\\\/wp-content\\\/uploads\\\/2020\\\/09\\\/multilocation_outline_gold.json&quot;,&quot;id&quot;:1301,&quot;size&quot;:&quot;&quot;},&quot;loop&quot;:&quot;yes&quot;,&quot;source&quot;:&quot;media_file&quot;,&quot;caption_source&quot;:&quot;none&quot;,&quot;link_to&quot;:&quot;none&quot;,&quot;trigger&quot;:&quot;arriving_to_viewport&quot;,&quot;viewport&quot;:{&quot;unit&quot;:&quot;%&quot;,&quot;size&quot;:&quot;&quot;,&quot;sizes&quot;:{&quot;start&quot;:0,&quot;end&quot;:100}},&quot;play_speed&quot;:{&quot;unit&quot;:&quot;px&quot;,&quot;size&quot;:1,&quot;sizes&quot;:[]},&quot;start_point&quot;:{&quot;unit&quot;:&quot;%&quot;,&quot;size&quot;:0,&quot;sizes&quot;:[]},&quot;end_point&quot;:{&quot;unit&quot;:&quot;%&quot;,&quot;size&quot;:100,&quot;sizes&quot;:[]},&quot;renderer&quot;:&quot;svg&quot;}\" data-widget_type=\"lottie.default\">\n\t\t\t\t<div class=\"elementor-widget-container\">\n\t\t\t<div class=\"e-lottie__container\"><div class=\"e-lottie__animation\"><\/div><\/div>\t\t<\/div>\n\t\t\t\t<\/div>\n\t\t\t\t\t<\/div>\n\t\t<\/div>\n\t\t\t\t<div class=\"elementor-column elementor-col-50 elementor-top-column elementor-element elementor-element-81283b6\" data-id=\"81283b6\" data-element_type=\"column\">\n\t\t\t<div class=\"elementor-widget-wrap elementor-element-populated\">\n\t\t\t\t\t\t<div class=\"elementor-element elementor-element-ec79762 animated-slow elementor-widget elementor-widget-text-editor\" data-id=\"ec79762\" data-element_type=\"widget\" data-settings=\"{&quot;_animation&quot;:&quot;none&quot;,&quot;_animation_delay&quot;:200}\" data-widget_type=\"text-editor.default\">\n\t\t\t\t<div class=\"elementor-widget-container\">\n\t\t\t\t\t\t\t<p><strong>A m\u00e1sik esetben az egy adott v\u00e1rosban megrendezend\u0151,<\/strong>\u00a0<strong>nagyobb l\u00e9tsz\u00e1m\u00fa esem\u00e9nyeket sz\u00e9tbontjuk<\/strong><strong>,<\/strong> <strong>\u00e9s a v\u00e1roson bel\u00fcl k\u00fcl\u00f6nb\u00f6z\u0151 helysz\u00edneken, de egy id\u0151ben rendezz\u00fck meg.<\/strong><\/p>\t\t\t\t\t\t<\/div>\n\t\t\t\t<\/div>\n\t\t\t\t\t<\/div>\n\t\t<\/div>\n\t\t\t\t\t<\/div>\n\t\t<\/section>\n\t\t\t\t<section class=\"elementor-section elementor-top-section elementor-element elementor-element-cb35f08 elementor-section-full_width elementor-section-height-default elementor-section-height-default\" data-id=\"cb35f08\" data-element_type=\"section\">\n\t\t\t\t\t\t<div class=\"elementor-container elementor-column-gap-default\">\n\t\t\t\t\t<div class=\"elementor-column elementor-col-100 elementor-top-column elementor-element elementor-element-3d3ddaa\" data-id=\"3d3ddaa\" data-element_type=\"column\">\n\t\t\t<div class=\"elementor-widget-wrap elementor-element-populated\">\n\t\t\t\t\t\t<div class=\"elementor-element elementor-element-23e9646 elementor-widget elementor-widget-heading\" data-id=\"23e9646\" data-element_type=\"widget\" data-widget_type=\"heading.default\">\n\t\t\t\t<div class=\"elementor-widget-container\">\n\t\t\t<h2 class=\"elementor-heading-title elementor-size-default\">Mindk\u00e9t megold\u00e1snak ugyanaz az el\u0151nye<\/h2>\t\t<\/div>\n\t\t\t\t<\/div>\n\t\t\t\t<div class=\"elementor-element elementor-element-4d0fee8 elementor-widget elementor-widget-text-editor\" data-id=\"4d0fee8\" data-element_type=\"widget\" data-widget_type=\"text-editor.default\">\n\t\t\t\t<div class=\"elementor-widget-container\">\n\t\t\t\t\t\t\t<p>Sz\u00e9lesebb k\u00f6z\u00f6ns\u00e9gnek tudjuk biztos\u00edtani az \u00e9l\u0151 rendezv\u00e9nyen val\u00f3 r\u00e9szv\u00e9telt. Mind a r\u00e9sztvev\u0151knek, mind az el\u0151ad\u00f3knak \u00e9s a szervez\u0151knek nagyobb lesz a biztons\u00e1g\u00e9rzete, ez\u00e1ltal a hajland\u00f3s\u00e1guk is, ha az otthonukhoz k\u00f6zelebb es\u0151 helysz\u00ednekre utaznak, \u00e9s ugyanabb\u00f3l a r\u00e9gi\u00f3b\u00f3l \u00e9rkez\u0151 vend\u00e9gekkel tal\u00e1lkoznak. Az egyes helysz\u00edneken a kisebb l\u00e9tsz\u00e1m miatt k\u00e9nyelmesebb, komfortosabb, kezelhet\u0151bb k\u00f6rnyezetet \u00e9s szem\u00e9lyesebb l\u00e9gk\u00f6rt lehet biztos\u00edtani.<\/p>\t\t\t\t\t\t<\/div>\n\t\t\t\t<\/div>\n\t\t\t\t\t<\/div>\n\t\t<\/div>\n\t\t\t\t\t<\/div>\n\t\t<\/section>\n\t\t\t\t<section class=\"elementor-section elementor-top-section elementor-element elementor-element-514e75f2 elementor-section-full_width elementor-section-height-default elementor-section-height-default\" data-id=\"514e75f2\" data-element_type=\"section\" data-no-translation=\"\">\n\t\t\t\t\t\t<div class=\"elementor-container elementor-column-gap-default\">\n\t\t\t\t\t<div class=\"elementor-column elementor-col-100 elementor-top-column elementor-element elementor-element-2c0766b6\" data-id=\"2c0766b6\" data-element_type=\"column\">\n\t\t\t<div class=\"elementor-widget-wrap elementor-element-populated\">\n\t\t\t\t\t\t<div class=\"elementor-element elementor-element-34d043be elementor-blockquote--skin-border elementor-blockquote--button-color-official elementor-widget elementor-widget-blockquote\" data-id=\"34d043be\" data-element_type=\"widget\" data-widget_type=\"blockquote.default\">\n\t\t\t\t<div class=\"elementor-widget-container\">\n\t\t\t\t\t<blockquote class=\"elementor-blockquote\">\n\t\t\t<p class=\"elementor-blockquote__content\">\n\t\t\t\tFontos, hogy a helysz\u00ednek l\u00e1togat\u00f3in t\u00fal az online bejelentkez\u0151k figyelm\u00e9t is lek\u00f6ss\u00fck, sz\u00e1mukra is szem\u00e9lyes \u00e9lm\u00e9nyt ny\u00fajtsunk, \u00e9s interakt\u00edv m\u00f3don bevonjuk \u0151ket az esem\u00e9nyekbe, ez\u00e1ltal is \u00e9p\u00edtve a k\u00f6z\u00f6ss\u00e9gi \u00e9lm\u00e9nyt. Ehhez kapcsol\u00f3d\u00f3 megold\u00e1sokat tartalmaznak a vizu\u00e1lis \u00e9lm\u00e9nyre, interakt\u00edv eszk\u00f6z\u00f6kre, tartalom- \u00e9s technol\u00f3giai fejleszt\u00e9sekre vonatkoz\u00f3 \u00f6tleteink, melyeket a <a  href=\"https:\/\/meetsafe.hu\/virtualis-rendezvenymegoldasok\/\"><span style=\"color: #c09353;\">\"VIRTU\u00c1LIS RENDEZV\u00c9NYMEGOLD\u00c1SOK\"<\/a><\/span> men\u00fcpont alatt gy\u0171jt\u00f6tt\u00fck \u00f6ssze.\t\t\t<\/p>\n\t\t\t\t\t<\/blockquote>\n\t\t\t\t<\/div>\n\t\t\t\t<\/div>\n\t\t\t\t\t<\/div>\n\t\t<\/div>\n\t\t\t\t\t<\/div>\n\t\t<\/section>\n\t\t\t\t<section class=\"elementor-section elementor-top-section elementor-element elementor-element-2f0316ed elementor-section-full_width elementor-section-content-top elementor-section-height-default elementor-section-height-default\" data-id=\"2f0316ed\" data-element_type=\"section\">\n\t\t\t\t\t\t<div class=\"elementor-container elementor-column-gap-default\">\n\t\t\t\t\t<div class=\"elementor-column elementor-col-100 elementor-top-column elementor-element elementor-element-d2002f5\" data-id=\"d2002f5\" data-element_type=\"column\">\n\t\t\t<div class=\"elementor-widget-wrap elementor-element-populated\">\n\t\t\t\t\t\t<div class=\"elementor-element elementor-element-f8ae53a animated-slow elementor-widget elementor-widget-text-editor\" data-id=\"f8ae53a\" data-element_type=\"widget\" data-settings=\"{&quot;_animation&quot;:&quot;none&quot;,&quot;_animation_delay&quot;:200}\" data-widget_type=\"text-editor.default\">\n\t\t\t\t<div class=\"elementor-widget-container\">\n\t\t\t\t\t\t\t<p>A k\u00fcl\u00f6nb\u00f6z\u0151 helysz\u00edneket a technika seg\u00edts\u00e9g\u00e9vel k\u00f6tj\u00fck \u00f6ssze. B\u00e1r bizonyos el\u0151ad\u00e1sokat ugyan csak kivet\u00edtve, m\u00e9gis a rendezv\u00e9nyhelysz\u00ednen k\u00eds\u00e9rhetnek v\u00e9gig a n\u00e9z\u0151k. Az egyes v\u00e1rosokban megtartott k\u00fcl\u00f6nb\u00f6z\u0151 el\u0151ad\u00e1sokat, esem\u00e9nyeket \u00e9l\u0151ben k\u00f6zvet\u00edtj\u00fck a t\u00f6bbi helysz\u00ednre, \u00edgy minden tartalom el\u00e9rhet\u0151 az \u00f6sszes r\u00e9sztvev\u0151 sz\u00e1m\u00e1ra, mik\u00f6zben az egyes programok a helysz\u00edni l\u00e1togat\u00f3knak egyedi \u00e9l\u0151 \u00e9lm\u00e9nyt ny\u00fajtanak.<\/p>\t\t\t\t\t\t<\/div>\n\t\t\t\t<\/div>\n\t\t\t\t\t<\/div>\n\t\t<\/div>\n\t\t\t\t\t<\/div>\n\t\t<\/section>\n\t\t\t\t<section class=\"elementor-section elementor-top-section elementor-element elementor-element-553b16cf elementor-section-content-middle elementor-section-full_width elementor-section-height-default elementor-section-height-default\" data-id=\"553b16cf\" data-element_type=\"section\" data-settings=\"{&quot;background_background&quot;:&quot;classic&quot;}\">\n\t\t\t\t\t\t<div class=\"elementor-container elementor-column-gap-no\">\n\t\t\t\t\t<div class=\"elementor-column elementor-col-100 elementor-top-column elementor-element elementor-element-6634bf4b\" data-id=\"6634bf4b\" data-element_type=\"column\">\n\t\t\t<div class=\"elementor-widget-wrap elementor-element-populated\">\n\t\t\t\t\t\t<div class=\"elementor-element elementor-element-279613b4 elementor-widget elementor-widget-heading\" data-id=\"279613b4\" data-element_type=\"widget\" data-widget_type=\"heading.default\">\n\t\t\t\t<div class=\"elementor-widget-container\">\n\t\t\t<div class=\"elementor-heading-title elementor-size-default\">\u00a9 SPECIAL EFFECTS ZRT. <br>kraftwerk design &amp; production llc.<br>MINDEN JOG FENNTARTVA. 2020<\/div>\t\t<\/div>\n\t\t\t\t<\/div>\n\t\t\t\t\t<\/div>\n\t\t<\/div>\n\t\t\t\t\t<\/div>\n\t\t<\/section>\n\t\t\t\t<\/div>\n\t\t","protected":false},"excerpt":{"rendered":"<p>A HIBRID RENDEZV\u00c9NYEK\u00c9 A J\u00d6V\u0150! Multi-City rendezv\u00e9nyek Multi-Location rendezv\u00e9nyek A k\u00e9t, hasonl\u00f3 elven alapul\u00f3 rendezv\u00e9nyforma k\u00f6z\u00fcl az els\u0151n\u00e9l egy id\u0151ben, k\u00fcl\u00f6nb\u00f6z\u0151 v\u00e1rosokban, kisebb l\u00e9tsz\u00e1m\u00fa esem\u00e9nyeket szervez\u00fcnk meg, ezzel biztos\u00edtva a nagyobb szem\u00e9lyes r\u00e9szv\u00e9telt. A k\u00f6zelj\u00f6v\u0151ben sokkal nagyobb val\u00f3sz\u00edn\u0171s\u00e9ggel utaznak az emberek orsz\u00e1gon bel\u00fcl \u00e9s\/vagy szomsz\u00e9dos orsz\u00e1gokba, mint t\u00e1volabbi helyekre. Egy adott r\u00e9gi\u00f3ban nagyon hasonl\u00f3ak a [&hellip;]<\/p>\n","protected":false},"author":1,"featured_media":0,"parent":20,"menu_order":0,"comment_status":"closed","ping_status":"closed","template":"","meta":{"footnotes":""},"class_list":["post-417","page","type-page","status-publish","hentry"],"yoast_head":"<!-- This site is optimized with the Yoast SEO plugin v23.6 - https:\/\/yoast.com\/wordpress\/plugins\/seo\/ -->\n<title>Multi-City \u00e9s Multi-Location - Meet Safe<\/title>\n<meta name=\"robots\" content=\"index, follow, max-snippet:-1, max-image-preview:large, max-video-preview:-1\" \/>\n<link rel=\"canonical\" href=\"https:\/\/meetsafe.hu\/hu\/hibrid-rendezvenyek\/multi-city-and-location\/\" \/>\n<meta property=\"og:locale\" content=\"hu_HU\" \/>\n<meta property=\"og:type\" content=\"article\" \/>\n<meta property=\"og:title\" content=\"Multi-City \u00e9s Multi-Location - Meet Safe\" \/>\n<meta property=\"og:description\" content=\"A HIBRID RENDEZV\u00c9NYEK\u00c9 A J\u00d6V\u0150! Multi-City rendezv\u00e9nyek Multi-Location rendezv\u00e9nyek A k\u00e9t, hasonl\u00f3 elven alapul\u00f3 rendezv\u00e9nyforma k\u00f6z\u00fcl az els\u0151n\u00e9l egy id\u0151ben, k\u00fcl\u00f6nb\u00f6z\u0151 v\u00e1rosokban, kisebb l\u00e9tsz\u00e1m\u00fa esem\u00e9nyeket szervez\u00fcnk meg, ezzel biztos\u00edtva a nagyobb szem\u00e9lyes r\u00e9szv\u00e9telt. A k\u00f6zelj\u00f6v\u0151ben sokkal nagyobb val\u00f3sz\u00edn\u0171s\u00e9ggel utaznak az emberek orsz\u00e1gon bel\u00fcl \u00e9s\/vagy szomsz\u00e9dos orsz\u00e1gokba, mint t\u00e1volabbi helyekre. Egy adott r\u00e9gi\u00f3ban nagyon hasonl\u00f3ak a [&hellip;]\" \/>\n<meta property=\"og:url\" content=\"https:\/\/meetsafe.hu\/hu\/hibrid-rendezvenyek\/multi-city-and-location\/\" \/>\n<meta property=\"og:site_name\" content=\"Meet Safe\" \/>\n<meta property=\"article:publisher\" content=\"https:\/\/www.facebook.com\/meetsafe.speceffects\" \/>\n<meta property=\"article:modified_time\" content=\"2020-12-16T12:44:52+00:00\" \/>\n<meta name=\"twitter:card\" content=\"summary_large_image\" \/>\n<meta name=\"twitter:label1\" content=\"Becs\u00fclt olvas\u00e1si id\u0151\" \/>\n\t<meta name=\"twitter:data1\" content=\"3 perc\" \/>\n<script type=\"application\/ld+json\" class=\"yoast-schema-graph\">{\"@context\":\"https:\/\/schema.org\",\"@graph\":[{\"@type\":\"WebPage\",\"@id\":\"https:\/\/meetsafe.hu\/hu\/hibrid-rendezvenyek\/multi-city-and-location\/\",\"url\":\"https:\/\/meetsafe.hu\/hu\/hibrid-rendezvenyek\/multi-city-and-location\/\",\"name\":\"Multi-City \u00e9s Multi-Location - Meet Safe\",\"isPartOf\":{\"@id\":\"https:\/\/meetsafe.hu\/hu\/#website\"},\"datePublished\":\"2020-07-29T15:07:09+00:00\",\"dateModified\":\"2020-12-16T12:44:52+00:00\",\"breadcrumb\":{\"@id\":\"https:\/\/meetsafe.hu\/hu\/hibrid-rendezvenyek\/multi-city-and-location\/#breadcrumb\"},\"inLanguage\":\"hu\",\"potentialAction\":[{\"@type\":\"ReadAction\",\"target\":[\"https:\/\/meetsafe.hu\/hu\/hibrid-rendezvenyek\/multi-city-and-location\/\"]}]},{\"@type\":\"BreadcrumbList\",\"@id\":\"https:\/\/meetsafe.hu\/hu\/hibrid-rendezvenyek\/multi-city-and-location\/#breadcrumb\",\"itemListElement\":[{\"@type\":\"ListItem\",\"position\":1,\"name\":\"Home\",\"item\":\"https:\/\/meetsafe.hu\/hu\/\"},{\"@type\":\"ListItem\",\"position\":2,\"name\":\"Hibrid Rendezv\u00e9nyek\",\"item\":\"https:\/\/meetsafe.hu\/hu\/hibrid-rendezvenyek\/\"},{\"@type\":\"ListItem\",\"position\":3,\"name\":\"Multi-City \u00e9s Multi-Location\"}]},{\"@type\":\"WebSite\",\"@id\":\"https:\/\/meetsafe.hu\/hu\/#website\",\"url\":\"https:\/\/meetsafe.hu\/hu\/\",\"name\":\"Meet Safe\",\"description\":\"SE\",\"potentialAction\":[{\"@type\":\"SearchAction\",\"target\":{\"@type\":\"EntryPoint\",\"urlTemplate\":\"https:\/\/meetsafe.hu\/hu\/?s={search_term_string}\"},\"query-input\":{\"@type\":\"PropertyValueSpecification\",\"valueRequired\":true,\"valueName\":\"search_term_string\"}}],\"inLanguage\":\"hu\"}]}<\/script>\n<!-- \/ Yoast SEO plugin. -->","yoast_head_json":{"title":"Multi-City \u00e9s Multi-Location - Meet Safe","robots":{"index":"index","follow":"follow","max-snippet":"max-snippet:-1","max-image-preview":"max-image-preview:large","max-video-preview":"max-video-preview:-1"},"canonical":"https:\/\/meetsafe.hu\/hu\/hibrid-rendezvenyek\/multi-city-and-location\/","og_locale":"hu_HU","og_type":"article","og_title":"Multi-City \u00e9s Multi-Location - Meet Safe","og_description":"A HIBRID RENDEZV\u00c9NYEK\u00c9 A J\u00d6V\u0150! Multi-City rendezv\u00e9nyek Multi-Location rendezv\u00e9nyek A k\u00e9t, hasonl\u00f3 elven alapul\u00f3 rendezv\u00e9nyforma k\u00f6z\u00fcl az els\u0151n\u00e9l egy id\u0151ben, k\u00fcl\u00f6nb\u00f6z\u0151 v\u00e1rosokban, kisebb l\u00e9tsz\u00e1m\u00fa esem\u00e9nyeket szervez\u00fcnk meg, ezzel biztos\u00edtva a nagyobb szem\u00e9lyes r\u00e9szv\u00e9telt. A k\u00f6zelj\u00f6v\u0151ben sokkal nagyobb val\u00f3sz\u00edn\u0171s\u00e9ggel utaznak az emberek orsz\u00e1gon bel\u00fcl \u00e9s\/vagy szomsz\u00e9dos orsz\u00e1gokba, mint t\u00e1volabbi helyekre. Egy adott r\u00e9gi\u00f3ban nagyon hasonl\u00f3ak a [&hellip;]","og_url":"https:\/\/meetsafe.hu\/hu\/hibrid-rendezvenyek\/multi-city-and-location\/","og_site_name":"Meet Safe","article_publisher":"https:\/\/www.facebook.com\/meetsafe.speceffects","article_modified_time":"2020-12-16T12:44:52+00:00","twitter_card":"summary_large_image","twitter_misc":{"Becs\u00fclt olvas\u00e1si id\u0151":"3 perc"},"schema":{"@context":"https:\/\/schema.org","@graph":[{"@type":"WebPage","@id":"https:\/\/meetsafe.hu\/hu\/hibrid-rendezvenyek\/multi-city-and-location\/","url":"https:\/\/meetsafe.hu\/hu\/hibrid-rendezvenyek\/multi-city-and-location\/","name":"Multi-City \u00e9s Multi-Location - Meet Safe","isPartOf":{"@id":"https:\/\/meetsafe.hu\/hu\/#website"},"datePublished":"2020-07-29T15:07:09+00:00","dateModified":"2020-12-16T12:44:52+00:00","breadcrumb":{"@id":"https:\/\/meetsafe.hu\/hu\/hibrid-rendezvenyek\/multi-city-and-location\/#breadcrumb"},"inLanguage":"hu","potentialAction":[{"@type":"ReadAction","target":["https:\/\/meetsafe.hu\/hu\/hibrid-rendezvenyek\/multi-city-and-location\/"]}]},{"@type":"BreadcrumbList","@id":"https:\/\/meetsafe.hu\/hu\/hibrid-rendezvenyek\/multi-city-and-location\/#breadcrumb","itemListElement":[{"@type":"ListItem","position":1,"name":"Home","item":"https:\/\/meetsafe.hu\/hu\/"},{"@type":"ListItem","position":2,"name":"Hibrid Rendezv\u00e9nyek","item":"https:\/\/meetsafe.hu\/hu\/hibrid-rendezvenyek\/"},{"@type":"ListItem","position":3,"name":"Multi-City \u00e9s Multi-Location"}]},{"@type":"WebSite","@id":"https:\/\/meetsafe.hu\/hu\/#website","url":"https:\/\/meetsafe.hu\/hu\/","name":"Meet Safe","description":"SE","potentialAction":[{"@type":"SearchAction","target":{"@type":"EntryPoint","urlTemplate":"https:\/\/meetsafe.hu\/hu\/?s={search_term_string}"},"query-input":{"@type":"PropertyValueSpecification","valueRequired":true,"valueName":"search_term_string"}}],"inLanguage":"hu"}]}},"_links":{"self":[{"href":"https:\/\/meetsafe.hu\/hu\/wp-json\/wp\/v2\/pages\/417"}],"collection":[{"href":"https:\/\/meetsafe.hu\/hu\/wp-json\/wp\/v2\/pages"}],"about":[{"href":"https:\/\/meetsafe.hu\/hu\/wp-json\/wp\/v2\/types\/page"}],"author":[{"embeddable":true,"href":"https:\/\/meetsafe.hu\/hu\/wp-json\/wp\/v2\/users\/1"}],"replies":[{"embeddable":true,"href":"https:\/\/meetsafe.hu\/hu\/wp-json\/wp\/v2\/comments?post=417"}],"version-history":[{"count":47,"href":"https:\/\/meetsafe.hu\/hu\/wp-json\/wp\/v2\/pages\/417\/revisions"}],"predecessor-version":[{"id":2647,"href":"https:\/\/meetsafe.hu\/hu\/wp-json\/wp\/v2\/pages\/417\/revisions\/2647"}],"up":[{"embeddable":true,"href":"https:\/\/meetsafe.hu\/hu\/wp-json\/wp\/v2\/pages\/20"}],"wp:attachment":[{"href":"https:\/\/meetsafe.hu\/hu\/wp-json\/wp\/v2\/media?parent=417"}],"curies":[{"name":"wp","href":"https:\/\/api.w.org\/{rel}","templated":true}]}}