{"id":471,"date":"2020-07-30T12:07:38","date_gmt":"2020-07-30T10:07:38","guid":{"rendered":"https:\/\/meetsafe.hu\/?page_id=471"},"modified":"2020-12-15T12:08:45","modified_gmt":"2020-12-15T11:08:45","slug":"technological-enhancement-tools","status":"publish","type":"page","link":"https:\/\/meetsafe.hu\/hu\/virtualis-rendezvenymegoldasok\/technological-enhancement-tools\/","title":{"rendered":"Technological Enhancement Tools"},"content":{"rendered":"\t\t<div data-elementor-type=\"wp-page\" data-elementor-id=\"471\" class=\"elementor elementor-471\" data-elementor-post-type=\"page\">\n\t\t\t\t\t\t<section class=\"elementor-section elementor-top-section elementor-element elementor-element-15c34f0 elementor-section-content-top elementor-section-full_width elementor-section-height-default elementor-section-height-default\" data-id=\"15c34f0\" data-element_type=\"section\">\n\t\t\t\t\t\t<div class=\"elementor-container elementor-column-gap-default\">\n\t\t\t\t\t<div class=\"elementor-column elementor-col-100 elementor-top-column elementor-element elementor-element-6fb131da\" data-id=\"6fb131da\" data-element_type=\"column\">\n\t\t\t<div class=\"elementor-widget-wrap elementor-element-populated\">\n\t\t\t\t\t\t<div class=\"elementor-element elementor-element-717b8f79 animated-slow elementor-widget elementor-widget-heading\" data-id=\"717b8f79\" data-element_type=\"widget\" data-settings=\"{&quot;_animation&quot;:&quot;none&quot;,&quot;_animation_delay&quot;:0}\" data-widget_type=\"heading.default\">\n\t\t\t\t<div class=\"elementor-widget-container\">\n\t\t\t<h2 class=\"elementor-heading-title elementor-size-default\">VIRTU\u00c1LIS ESEM\u00c9NYEK <\/h2>\t\t<\/div>\n\t\t\t\t<\/div>\n\t\t\t\t<div class=\"elementor-element elementor-element-51750a9a animated-slow elementor-widget elementor-widget-heading\" data-id=\"51750a9a\" data-element_type=\"widget\" data-settings=\"{&quot;_animation&quot;:&quot;none&quot;,&quot;_animation_delay&quot;:100}\" data-widget_type=\"heading.default\">\n\t\t\t\t<div class=\"elementor-widget-container\">\n\t\t\t<h2 class=\"elementor-heading-title elementor-size-default\">Technological Enhancement Tools<\/h2>\t\t<\/div>\n\t\t\t\t<\/div>\n\t\t\t\t<div class=\"elementor-element elementor-element-7cb6cc4 animated-slow elementor-widget elementor-widget-text-editor\" data-id=\"7cb6cc4\" data-element_type=\"widget\" data-settings=\"{&quot;_animation&quot;:&quot;none&quot;,&quot;_animation_delay&quot;:200}\" data-widget_type=\"text-editor.default\">\n\t\t\t\t<div class=\"elementor-widget-container\">\n\t\t\t\t\t\t\t<p>A virtu\u00e1lis esem\u00e9nyekn\u00e9l k\u00fcl\u00f6nleges technikai megold\u00e1sokkal <strong>fejleszthet\u0151<\/strong> az <strong>interaktivit\u00e1s<\/strong> \u00e9s a <strong>tartalom<\/strong>, hiszen a r\u00e9sztvev\u0151k az \u00e9l\u0151 rendezv\u00e9nyekhez hasonl\u00f3 \u00e9lm\u00e9nyeket v\u00e1rnak. Ehhez a modern technol\u00f3gi\u00e1k v\u00e9gtelen sora jelent\u0151sen hozz\u00e1j\u00e1rul. Al\u00e1bbiakban a kutat\u00e1sunk alapj\u00e1n legkiemelked\u0151bbeket vessz\u00fck g\u00f3rcs\u0151 al\u00e1.<\/p>\t\t\t\t\t\t<\/div>\n\t\t\t\t<\/div>\n\t\t\t\t\t<\/div>\n\t\t<\/div>\n\t\t\t\t\t<\/div>\n\t\t<\/section>\n\t\t\t\t<section class=\"elementor-section elementor-top-section elementor-element elementor-element-d0bb6c9 elementor-section-full_width elementor-section-height-default elementor-section-height-default\" data-id=\"d0bb6c9\" data-element_type=\"section\">\n\t\t\t\t\t\t<div class=\"elementor-container elementor-column-gap-no\">\n\t\t\t\t\t<div class=\"elementor-column elementor-col-66 elementor-top-column elementor-element elementor-element-0a4e407\" data-id=\"0a4e407\" data-element_type=\"column\" data-settings=\"{&quot;background_background&quot;:&quot;classic&quot;}\">\n\t\t\t<div class=\"elementor-widget-wrap elementor-element-populated\">\n\t\t\t\t\t\t<div class=\"elementor-element elementor-element-dccf890 animated-slow elementor-widget elementor-widget-heading\" data-id=\"dccf890\" data-element_type=\"widget\" data-settings=\"{&quot;_animation&quot;:&quot;none&quot;,&quot;_animation_delay&quot;:100}\" data-widget_type=\"heading.default\">\n\t\t\t\t<div class=\"elementor-widget-container\">\n\t\t\t<h2 class=\"elementor-heading-title elementor-size-default\">Stream Arena<\/h2>\t\t<\/div>\n\t\t\t\t<\/div>\n\t\t\t\t<div class=\"elementor-element elementor-element-1777b5e animated-slow elementor-widget elementor-widget-text-editor\" data-id=\"1777b5e\" data-element_type=\"widget\" data-settings=\"{&quot;_animation&quot;:&quot;none&quot;,&quot;_animation_delay&quot;:200}\" data-widget_type=\"text-editor.default\">\n\t\t\t\t<div class=\"elementor-widget-container\">\n\t\t\t\t\t\t\t<p>A hibrid st\u00fadi\u00f3k egyre nagyobb n\u00e9pszer\u0171s\u00e9gnek \u00f6rvendenek. Ezen a t\u00e9ren olyan egyed\u00fcl\u00e1ll\u00f3 megold\u00e1st val\u00f3s\u00edtottunk meg, amely megk\u00f6zel\u00edti az \u00e9l\u0151 rendezv\u00e9ny \u00e9lm\u00e9ny\u00e9t. A virtu\u00e1lis esem\u00e9ny r\u00e9sztvev\u0151i viszontl\u00e1thatj\u00e1k magukat a st\u00fadi\u00f3ban fel\u00e1ll\u00edtott LCD k\u00e9perny\u0151k egyik\u00e9n, a st\u00fadi\u00f3ban jelenl\u00e9v\u0151k pedig fizikailag odafordulhatnak \u00e9s megsz\u00f3l\u00edthatj\u00e1k \u0151ket. Elk\u00e9pzel\u00e9s\u00fcnk szerint az ar\u00e9na legalkalmasabb felhaszn\u00e1l\u00e1si lehet\u0151s\u00e9gei k\u00f6z\u00e9 d\u00edj\u00e1tad\u00f3 \u00fcnneps\u00e9gek, csapat\u00e9p\u00edt\u0151k, workshop-ok, k\u00e9pz\u00e9sek \u00e9s term\u00e9kbemutat\u00f3k tartoznak. A st\u00fadi\u00f3 ig\u00e9ny szerint c\u00e9ges arculat szerint is kialak\u00edthat\u00f3.<\/p>\t\t\t\t\t\t<\/div>\n\t\t\t\t<\/div>\n\t\t\t\t\t<\/div>\n\t\t<\/div>\n\t\t\t\t<div class=\"elementor-column elementor-col-33 elementor-top-column elementor-element elementor-element-e194c11\" data-id=\"e194c11\" data-element_type=\"column\">\n\t\t\t<div class=\"elementor-widget-wrap elementor-element-populated\">\n\t\t\t\t\t\t<div class=\"elementor-element elementor-element-3b12c80 elementor--v-position-top elementor--h-position-center elementor-arrows-position-inside elementor-pagination-position-inside elementor-widget elementor-widget-slides\" data-id=\"3b12c80\" data-element_type=\"widget\" data-settings=\"{&quot;navigation&quot;:&quot;both&quot;,&quot;infinite&quot;:&quot;yes&quot;,&quot;transition&quot;:&quot;slide&quot;,&quot;transition_speed&quot;:500}\" data-widget_type=\"slides.default\">\n\t\t\t\t<div class=\"elementor-widget-container\">\n\t\t\t\t\t<div class=\"elementor-swiper\">\n\t\t\t<div class=\"elementor-slides-wrapper elementor-main-swiper swiper\" dir=\"ltr\" data-animation=\"fadeInUp\">\n\t\t\t\t<div class=\"swiper-wrapper elementor-slides\">\n\t\t\t\t\t\t\t\t\t\t<div class=\"elementor-repeater-item-eaaaf81 swiper-slide\"><div class=\"swiper-slide-bg\" role=\"img\"><\/div><div class=\"swiper-slide-inner\" ><div class=\"swiper-slide-contents\"><\/div><\/div><\/div><div class=\"elementor-repeater-item-68c528e swiper-slide\"><div class=\"swiper-slide-bg\" role=\"img\"><\/div><div class=\"swiper-slide-inner\" ><div class=\"swiper-slide-contents\"><\/div><\/div><\/div>\t\t\t\t<\/div>\n\t\t\t\t\t\t\t\t\t\t\t\t\t\t\t<div class=\"swiper-pagination\"><\/div>\n\t\t\t\t\t\t\t\t\t\t\t\t\t\t\t\t<div class=\"elementor-swiper-button elementor-swiper-button-prev\" role=\"button\" tabindex=\"0\">\n\t\t\t\t\t\t\t<i aria-hidden=\"true\" class=\"eicon-chevron-left\"><\/i>\t\t\t\t\t\t\t<span class=\"elementor-screen-only\">Previous slide<\/span>\n\t\t\t\t\t\t<\/div>\n\t\t\t\t\t\t<div class=\"elementor-swiper-button elementor-swiper-button-next\" role=\"button\" tabindex=\"0\">\n\t\t\t\t\t\t\t<i aria-hidden=\"true\" class=\"eicon-chevron-right\"><\/i>\t\t\t\t\t\t\t<span class=\"elementor-screen-only\">Next slide<\/span>\n\t\t\t\t\t\t<\/div>\n\t\t\t\t\t\t\t\t\t\t\t\t<\/div>\n\t\t<\/div>\n\t\t\t\t<\/div>\n\t\t\t\t<\/div>\n\t\t\t\t\t<\/div>\n\t\t<\/div>\n\t\t\t\t\t<\/div>\n\t\t<\/section>\n\t\t\t\t<section class=\"elementor-section elementor-top-section elementor-element elementor-element-b152ab9 elementor-section-full_width elementor-section-height-default elementor-section-height-default\" data-id=\"b152ab9\" data-element_type=\"section\">\n\t\t\t\t\t\t<div class=\"elementor-container elementor-column-gap-no\">\n\t\t\t\t\t<div class=\"elementor-column elementor-col-66 elementor-top-column elementor-element elementor-element-9603c87\" data-id=\"9603c87\" data-element_type=\"column\" data-settings=\"{&quot;background_background&quot;:&quot;classic&quot;}\">\n\t\t\t<div class=\"elementor-widget-wrap elementor-element-populated\">\n\t\t\t\t\t\t<div class=\"elementor-element elementor-element-eac228c animated-slow elementor-widget elementor-widget-heading\" data-id=\"eac228c\" data-element_type=\"widget\" data-settings=\"{&quot;_animation&quot;:&quot;none&quot;,&quot;_animation_delay&quot;:100}\" data-widget_type=\"heading.default\">\n\t\t\t\t<div class=\"elementor-widget-container\">\n\t\t\t<h2 class=\"elementor-heading-title elementor-size-default\">3D Environment Integration<\/h2>\t\t<\/div>\n\t\t\t\t<\/div>\n\t\t\t\t<div class=\"elementor-element elementor-element-279168b animated-slow elementor-widget elementor-widget-text-editor\" data-id=\"279168b\" data-element_type=\"widget\" data-settings=\"{&quot;_animation&quot;:&quot;none&quot;,&quot;_animation_delay&quot;:200}\" data-widget_type=\"text-editor.default\">\n\t\t\t\t<div class=\"elementor-widget-container\">\n\t\t\t\t\t\t\t<p>Az \u00e9l\u0151 rendezv\u00e9nyek \u00e9lm\u00e9ny\u00e9t szimul\u00e1lja a 3D-s terek integr\u00e1ci\u00f3ja is, ami nem \u00fajdons\u00e1g, hiszen a virtu\u00e1lis esem\u00e9nyek berobban\u00e1sa el\u0151tt is l\u00e9tezett. Be\u00e9p\u00edt\u00e9s\u00fck azonban csak akkor indokolt, ha val\u00f3s c\u00e9lt szolg\u00e1l, ugyanis a virtu\u00e1lis terekkel t\u00f6rt\u00e9n\u0151 elk\u00e1pr\u00e1ztat\u00e1s er\u0151sen kontraprodukt\u00edv is lehet, f\u0151leg ha azok zavar\u00f3an t\u00e1vol \u00e1llnak a val\u00f3s \u00e9lett\u0151l. A 3D k\u00f6rnyezet integr\u00e1ci\u00f3ja akkor m\u0171k\u00f6dik megfelel\u0151en, ha oly m\u00f3don interakt\u00edv, hogy az \u00e1ltala megszerzett inform\u00e1ci\u00f3, tud\u00e1s \u00e9s \u00e9lm\u00e9ny ar\u00e1nyban \u00e1ll azzal a f\u00e1radoz\u00e1ssal, ami \u00e1r\u00e1n eljutunk hozz\u00e1. A 3D virtu\u00e1lis t\u00e9rben ugyan\u00fagy l\u00e9trehozhat\u00f3k k\u00fcl\u00f6ntermek, k\u00f6z\u00f6ss\u00e9gi terek \u00e9s ki\u00e1ll\u00edt\u00f3i standok, melyek k\u00f6z\u00f6s jellemz\u0151je szint\u00e9n az interaktivit\u00e1s.<\/p>\t\t\t\t\t\t<\/div>\n\t\t\t\t<\/div>\n\t\t\t\t\t<\/div>\n\t\t<\/div>\n\t\t\t\t<div class=\"elementor-column elementor-col-33 elementor-top-column elementor-element elementor-element-b1c3b35\" data-id=\"b1c3b35\" data-element_type=\"column\">\n\t\t\t<div class=\"elementor-widget-wrap elementor-element-populated\">\n\t\t\t\t\t\t<div class=\"elementor-element elementor-element-1d9b803 elementor--v-position-top elementor--h-position-center elementor-arrows-position-inside elementor-pagination-position-inside elementor-widget elementor-widget-slides\" data-id=\"1d9b803\" data-element_type=\"widget\" data-settings=\"{&quot;navigation&quot;:&quot;both&quot;,&quot;infinite&quot;:&quot;yes&quot;,&quot;transition&quot;:&quot;slide&quot;,&quot;transition_speed&quot;:500}\" data-widget_type=\"slides.default\">\n\t\t\t\t<div class=\"elementor-widget-container\">\n\t\t\t\t\t<div class=\"elementor-swiper\">\n\t\t\t<div class=\"elementor-slides-wrapper elementor-main-swiper swiper\" dir=\"ltr\" data-animation=\"fadeInUp\">\n\t\t\t\t<div class=\"swiper-wrapper elementor-slides\">\n\t\t\t\t\t\t\t\t\t\t<div class=\"elementor-repeater-item-eaaaf81 swiper-slide\"><div class=\"swiper-slide-bg\" role=\"img\"><\/div><div class=\"swiper-slide-inner\" ><div class=\"swiper-slide-contents\"><\/div><\/div><\/div><div class=\"elementor-repeater-item-6f7dc71 swiper-slide\"><div class=\"swiper-slide-bg\" role=\"img\"><\/div><div class=\"swiper-slide-inner\" ><div class=\"swiper-slide-contents\"><\/div><\/div><\/div>\t\t\t\t<\/div>\n\t\t\t\t\t\t\t\t\t\t\t\t\t\t\t<div class=\"swiper-pagination\"><\/div>\n\t\t\t\t\t\t\t\t\t\t\t\t\t\t\t\t<div class=\"elementor-swiper-button elementor-swiper-button-prev\" role=\"button\" tabindex=\"0\">\n\t\t\t\t\t\t\t<i aria-hidden=\"true\" class=\"eicon-chevron-left\"><\/i>\t\t\t\t\t\t\t<span class=\"elementor-screen-only\">Previous slide<\/span>\n\t\t\t\t\t\t<\/div>\n\t\t\t\t\t\t<div class=\"elementor-swiper-button elementor-swiper-button-next\" role=\"button\" tabindex=\"0\">\n\t\t\t\t\t\t\t<i aria-hidden=\"true\" class=\"eicon-chevron-right\"><\/i>\t\t\t\t\t\t\t<span class=\"elementor-screen-only\">Next slide<\/span>\n\t\t\t\t\t\t<\/div>\n\t\t\t\t\t\t\t\t\t\t\t\t<\/div>\n\t\t<\/div>\n\t\t\t\t<\/div>\n\t\t\t\t<\/div>\n\t\t\t\t\t<\/div>\n\t\t<\/div>\n\t\t\t\t\t<\/div>\n\t\t<\/section>\n\t\t\t\t<section class=\"elementor-section elementor-top-section elementor-element elementor-element-f7fe39d elementor-section-full_width elementor-section-height-default elementor-section-height-default\" data-id=\"f7fe39d\" data-element_type=\"section\">\n\t\t\t\t\t\t<div class=\"elementor-container elementor-column-gap-no\">\n\t\t\t\t\t<div class=\"elementor-column elementor-col-66 elementor-top-column elementor-element elementor-element-cc2f2ac\" data-id=\"cc2f2ac\" data-element_type=\"column\" data-settings=\"{&quot;background_background&quot;:&quot;classic&quot;}\">\n\t\t\t<div class=\"elementor-widget-wrap elementor-element-populated\">\n\t\t\t\t\t\t<div class=\"elementor-element elementor-element-8321451 animated-slow elementor-widget elementor-widget-heading\" data-id=\"8321451\" data-element_type=\"widget\" data-settings=\"{&quot;_animation&quot;:&quot;none&quot;,&quot;_animation_delay&quot;:100}\" data-widget_type=\"heading.default\">\n\t\t\t\t<div class=\"elementor-widget-container\">\n\t\t\t<h2 class=\"elementor-heading-title elementor-size-default\">Holocap<\/h2>\t\t<\/div>\n\t\t\t\t<\/div>\n\t\t\t\t<div class=\"elementor-element elementor-element-7fb7606 animated-slow elementor-widget elementor-widget-text-editor\" data-id=\"7fb7606\" data-element_type=\"widget\" data-settings=\"{&quot;_animation&quot;:&quot;none&quot;,&quot;_animation_delay&quot;:200}\" data-widget_type=\"text-editor.default\">\n\t\t\t\t<div class=\"elementor-widget-container\">\n\t\t\t\t\t\t\t<p>A HoloCap olyan k\u00f6lts\u00e9gk\u00edm\u00e9l\u0151 volumetrikus \/ holografikus vide\u00f3felv\u00e9tel vagy k\u00f6zvet\u00edt\u00e9s, amely egy egyszer\u0171 applik\u00e1ci\u00f3 let\u00f6lt\u00e9s\u00e9vel lehet\u0151v\u00e9 teszi, hogy a virtu\u00e1lis esem\u00e9ny el\u0151ad\u00f3ja egy tetsz\u0151leges t\u00e9rben, ak\u00e1r a r\u00e9sztvev\u0151 nappalij\u00e1ban jelenjen meg.<\/p>\t\t\t\t\t\t<\/div>\n\t\t\t\t<\/div>\n\t\t\t\t\t<\/div>\n\t\t<\/div>\n\t\t\t\t<div class=\"elementor-column elementor-col-33 elementor-top-column elementor-element elementor-element-6d400bd\" data-id=\"6d400bd\" data-element_type=\"column\">\n\t\t\t<div class=\"elementor-widget-wrap elementor-element-populated\">\n\t\t\t\t\t\t<div class=\"elementor-element elementor-element-21b624d2 elementor-pagination-position-inside elementor-skin-carousel elementor-arrows-yes elementor-pagination-type-bullets elementor-widget elementor-widget-media-carousel\" data-id=\"21b624d2\" data-element_type=\"widget\" data-settings=\"{&quot;slides_per_view&quot;:&quot;1&quot;,&quot;space_between&quot;:{&quot;unit&quot;:&quot;px&quot;,&quot;size&quot;:&quot;&quot;,&quot;sizes&quot;:[]},&quot;skin&quot;:&quot;carousel&quot;,&quot;effect&quot;:&quot;slide&quot;,&quot;show_arrows&quot;:&quot;yes&quot;,&quot;pagination&quot;:&quot;bullets&quot;,&quot;speed&quot;:500,&quot;loop&quot;:&quot;yes&quot;,&quot;space_between_tablet&quot;:{&quot;unit&quot;:&quot;px&quot;,&quot;size&quot;:10,&quot;sizes&quot;:[]},&quot;space_between_mobile&quot;:{&quot;unit&quot;:&quot;px&quot;,&quot;size&quot;:10,&quot;sizes&quot;:[]}}\" data-widget_type=\"media-carousel.default\">\n\t\t\t\t<div class=\"elementor-widget-container\">\n\t\t\t\t\t<div class=\"elementor-swiper\">\n\t\t\t<div class=\"elementor-main-swiper swiper\">\n\t\t\t\t<div class=\"swiper-wrapper\">\n\t\t\t\t\t\t\t\t\t\t\t<div class=\"swiper-slide\">\n\t\t\t\t\t\t\t<a href=\"https:\/\/meetsafe.hu\/wp-content\/uploads\/2020\/08\/4.png\" data-elementor-open-lightbox=\"yes\" data-elementor-lightbox-slideshow=\"21b624d2\" data-elementor-lightbox-title=\"4\" data-e-action-hash=\"#elementor-action%3Aaction%3Dlightbox%26settings%3DeyJpZCI6ODAxLCJ1cmwiOiJodHRwczpcL1wvbWVldHNhZmUuaHVcL3dwLWNvbnRlbnRcL3VwbG9hZHNcLzIwMjBcLzA4XC80LnBuZyIsInNsaWRlc2hvdyI6IjIxYjYyNGQyIn0%3D\" data-elementor-lightbox-video=\"https:\/\/www.youtube.com\/embed\/0esJa7uDFvc?feature=oembed&amp;autoplay=1&amp;rel=0&amp;controls=0\">\t\t<div class=\"elementor-carousel-image\" role=\"img\" aria-label=\"\" style=\"background-image: url(&#039;https:\/\/meetsafe.hu\/wp-content\/uploads\/2020\/08\/4.png&#039;)\">\n\n\t\t\t\n\t\t\t\t\t\t\t<div class=\"elementor-custom-embed-play\">\n\t\t\t\t\t<i aria-hidden=\"true\" class=\"eicon-play\"><\/i>\t\t\t\t\t<span class=\"elementor-screen-only\">Lej\u00e1tsz\u00e1s<\/span>\n\t\t\t\t<\/div>\n\t\t\t\t\t<\/div>\n\t\t<\/a>\t\t\t\t\t\t<\/div>\n\t\t\t\t\t\t\t\t\t<\/div>\n\t\t\t\t\t\t\t<\/div>\n\t\t<\/div>\n\t\t\t\t<\/div>\n\t\t\t\t<\/div>\n\t\t\t\t\t<\/div>\n\t\t<\/div>\n\t\t\t\t\t<\/div>\n\t\t<\/section>\n\t\t\t\t<section class=\"elementor-section elementor-top-section elementor-element elementor-element-62234104 elementor-section-content-middle elementor-section-full_width elementor-section-height-default elementor-section-height-default\" data-id=\"62234104\" data-element_type=\"section\" data-settings=\"{&quot;background_background&quot;:&quot;classic&quot;}\">\n\t\t\t\t\t\t<div class=\"elementor-container elementor-column-gap-no\">\n\t\t\t\t\t<div class=\"elementor-column elementor-col-100 elementor-top-column elementor-element elementor-element-497aef67\" data-id=\"497aef67\" data-element_type=\"column\">\n\t\t\t<div class=\"elementor-widget-wrap elementor-element-populated\">\n\t\t\t\t\t\t<div class=\"elementor-element elementor-element-56dc9d67 elementor-widget elementor-widget-heading\" data-id=\"56dc9d67\" data-element_type=\"widget\" data-widget_type=\"heading.default\">\n\t\t\t\t<div class=\"elementor-widget-container\">\n\t\t\t<div class=\"elementor-heading-title elementor-size-default\">\u00a9 SPECIAL EFFECTS ZRT. <br>kraftwerk design &amp; production llc.<br>MINDEN JOG FENNTARTVA. 2020<\/div>\t\t<\/div>\n\t\t\t\t<\/div>\n\t\t\t\t\t<\/div>\n\t\t<\/div>\n\t\t\t\t\t<\/div>\n\t\t<\/section>\n\t\t\t\t<\/div>\n\t\t","protected":false},"excerpt":{"rendered":"<p>VIRTU\u00c1LIS ESEM\u00c9NYEK Technological Enhancement Tools A virtu\u00e1lis esem\u00e9nyekn\u00e9l k\u00fcl\u00f6nleges technikai megold\u00e1sokkal fejleszthet\u0151 az interaktivit\u00e1s \u00e9s a tartalom, hiszen a r\u00e9sztvev\u0151k az \u00e9l\u0151 rendezv\u00e9nyekhez hasonl\u00f3 \u00e9lm\u00e9nyeket v\u00e1rnak. Ehhez a modern technol\u00f3gi\u00e1k v\u00e9gtelen sora jelent\u0151sen hozz\u00e1j\u00e1rul. Al\u00e1bbiakban a kutat\u00e1sunk alapj\u00e1n legkiemelked\u0151bbeket vessz\u00fck g\u00f3rcs\u0151 al\u00e1. Stream Arena A hibrid st\u00fadi\u00f3k egyre nagyobb n\u00e9pszer\u0171s\u00e9gnek \u00f6rvendenek. Ezen a t\u00e9ren olyan [&hellip;]<\/p>\n","protected":false},"author":1,"featured_media":0,"parent":274,"menu_order":0,"comment_status":"closed","ping_status":"closed","template":"","meta":{"footnotes":""},"class_list":["post-471","page","type-page","status-publish","hentry"],"yoast_head":"<!-- This site is optimized with the Yoast SEO plugin v23.6 - https:\/\/yoast.com\/wordpress\/plugins\/seo\/ -->\n<title>Technological Enhancement Tools - Meet Safe<\/title>\n<meta name=\"robots\" content=\"index, follow, max-snippet:-1, max-image-preview:large, max-video-preview:-1\" \/>\n<link rel=\"canonical\" href=\"https:\/\/meetsafe.hu\/hu\/virtualis-rendezvenymegoldasok\/technological-enhancement-tools\/\" \/>\n<meta property=\"og:locale\" content=\"hu_HU\" \/>\n<meta property=\"og:type\" content=\"article\" \/>\n<meta property=\"og:title\" content=\"Technological Enhancement Tools - Meet Safe\" \/>\n<meta property=\"og:description\" content=\"VIRTU\u00c1LIS ESEM\u00c9NYEK Technological Enhancement Tools A virtu\u00e1lis esem\u00e9nyekn\u00e9l k\u00fcl\u00f6nleges technikai megold\u00e1sokkal fejleszthet\u0151 az interaktivit\u00e1s \u00e9s a tartalom, hiszen a r\u00e9sztvev\u0151k az \u00e9l\u0151 rendezv\u00e9nyekhez hasonl\u00f3 \u00e9lm\u00e9nyeket v\u00e1rnak. Ehhez a modern technol\u00f3gi\u00e1k v\u00e9gtelen sora jelent\u0151sen hozz\u00e1j\u00e1rul. Al\u00e1bbiakban a kutat\u00e1sunk alapj\u00e1n legkiemelked\u0151bbeket vessz\u00fck g\u00f3rcs\u0151 al\u00e1. Stream Arena A hibrid st\u00fadi\u00f3k egyre nagyobb n\u00e9pszer\u0171s\u00e9gnek \u00f6rvendenek. Ezen a t\u00e9ren olyan [&hellip;]\" \/>\n<meta property=\"og:url\" content=\"https:\/\/meetsafe.hu\/hu\/virtualis-rendezvenymegoldasok\/technological-enhancement-tools\/\" \/>\n<meta property=\"og:site_name\" content=\"Meet Safe\" \/>\n<meta property=\"article:publisher\" content=\"https:\/\/www.facebook.com\/meetsafe.speceffects\" \/>\n<meta property=\"article:modified_time\" content=\"2020-12-15T11:08:45+00:00\" \/>\n<meta name=\"twitter:card\" content=\"summary_large_image\" \/>\n<meta name=\"twitter:label1\" content=\"Becs\u00fclt olvas\u00e1si id\u0151\" \/>\n\t<meta name=\"twitter:data1\" content=\"2 perc\" \/>\n<script type=\"application\/ld+json\" class=\"yoast-schema-graph\">{\"@context\":\"https:\/\/schema.org\",\"@graph\":[{\"@type\":\"WebPage\",\"@id\":\"https:\/\/meetsafe.hu\/hu\/virtualis-rendezvenymegoldasok\/technological-enhancement-tools\/\",\"url\":\"https:\/\/meetsafe.hu\/hu\/virtualis-rendezvenymegoldasok\/technological-enhancement-tools\/\",\"name\":\"Technological Enhancement Tools - Meet Safe\",\"isPartOf\":{\"@id\":\"https:\/\/meetsafe.hu\/hu\/#website\"},\"datePublished\":\"2020-07-30T10:07:38+00:00\",\"dateModified\":\"2020-12-15T11:08:45+00:00\",\"breadcrumb\":{\"@id\":\"https:\/\/meetsafe.hu\/hu\/virtualis-rendezvenymegoldasok\/technological-enhancement-tools\/#breadcrumb\"},\"inLanguage\":\"hu\",\"potentialAction\":[{\"@type\":\"ReadAction\",\"target\":[\"https:\/\/meetsafe.hu\/hu\/virtualis-rendezvenymegoldasok\/technological-enhancement-tools\/\"]}]},{\"@type\":\"BreadcrumbList\",\"@id\":\"https:\/\/meetsafe.hu\/hu\/virtualis-rendezvenymegoldasok\/technological-enhancement-tools\/#breadcrumb\",\"itemListElement\":[{\"@type\":\"ListItem\",\"position\":1,\"name\":\"Home\",\"item\":\"https:\/\/meetsafe.hu\/hu\/\"},{\"@type\":\"ListItem\",\"position\":2,\"name\":\"Virtu\u00e1lis rendezv\u00e9nymegold\u00e1sok\",\"item\":\"https:\/\/meetsafe.hu\/hu\/virtualis-rendezvenymegoldasok\/\"},{\"@type\":\"ListItem\",\"position\":3,\"name\":\"Technological Enhancement Tools\"}]},{\"@type\":\"WebSite\",\"@id\":\"https:\/\/meetsafe.hu\/hu\/#website\",\"url\":\"https:\/\/meetsafe.hu\/hu\/\",\"name\":\"Meet Safe\",\"description\":\"SE\",\"potentialAction\":[{\"@type\":\"SearchAction\",\"target\":{\"@type\":\"EntryPoint\",\"urlTemplate\":\"https:\/\/meetsafe.hu\/hu\/?s={search_term_string}\"},\"query-input\":{\"@type\":\"PropertyValueSpecification\",\"valueRequired\":true,\"valueName\":\"search_term_string\"}}],\"inLanguage\":\"hu\"}]}<\/script>\n<!-- \/ Yoast SEO plugin. -->","yoast_head_json":{"title":"Technological Enhancement Tools - Meet Safe","robots":{"index":"index","follow":"follow","max-snippet":"max-snippet:-1","max-image-preview":"max-image-preview:large","max-video-preview":"max-video-preview:-1"},"canonical":"https:\/\/meetsafe.hu\/hu\/virtualis-rendezvenymegoldasok\/technological-enhancement-tools\/","og_locale":"hu_HU","og_type":"article","og_title":"Technological Enhancement Tools - Meet Safe","og_description":"VIRTU\u00c1LIS ESEM\u00c9NYEK Technological Enhancement Tools A virtu\u00e1lis esem\u00e9nyekn\u00e9l k\u00fcl\u00f6nleges technikai megold\u00e1sokkal fejleszthet\u0151 az interaktivit\u00e1s \u00e9s a tartalom, hiszen a r\u00e9sztvev\u0151k az \u00e9l\u0151 rendezv\u00e9nyekhez hasonl\u00f3 \u00e9lm\u00e9nyeket v\u00e1rnak. Ehhez a modern technol\u00f3gi\u00e1k v\u00e9gtelen sora jelent\u0151sen hozz\u00e1j\u00e1rul. Al\u00e1bbiakban a kutat\u00e1sunk alapj\u00e1n legkiemelked\u0151bbeket vessz\u00fck g\u00f3rcs\u0151 al\u00e1. Stream Arena A hibrid st\u00fadi\u00f3k egyre nagyobb n\u00e9pszer\u0171s\u00e9gnek \u00f6rvendenek. Ezen a t\u00e9ren olyan [&hellip;]","og_url":"https:\/\/meetsafe.hu\/hu\/virtualis-rendezvenymegoldasok\/technological-enhancement-tools\/","og_site_name":"Meet Safe","article_publisher":"https:\/\/www.facebook.com\/meetsafe.speceffects","article_modified_time":"2020-12-15T11:08:45+00:00","twitter_card":"summary_large_image","twitter_misc":{"Becs\u00fclt olvas\u00e1si id\u0151":"2 perc"},"schema":{"@context":"https:\/\/schema.org","@graph":[{"@type":"WebPage","@id":"https:\/\/meetsafe.hu\/hu\/virtualis-rendezvenymegoldasok\/technological-enhancement-tools\/","url":"https:\/\/meetsafe.hu\/hu\/virtualis-rendezvenymegoldasok\/technological-enhancement-tools\/","name":"Technological Enhancement Tools - Meet Safe","isPartOf":{"@id":"https:\/\/meetsafe.hu\/hu\/#website"},"datePublished":"2020-07-30T10:07:38+00:00","dateModified":"2020-12-15T11:08:45+00:00","breadcrumb":{"@id":"https:\/\/meetsafe.hu\/hu\/virtualis-rendezvenymegoldasok\/technological-enhancement-tools\/#breadcrumb"},"inLanguage":"hu","potentialAction":[{"@type":"ReadAction","target":["https:\/\/meetsafe.hu\/hu\/virtualis-rendezvenymegoldasok\/technological-enhancement-tools\/"]}]},{"@type":"BreadcrumbList","@id":"https:\/\/meetsafe.hu\/hu\/virtualis-rendezvenymegoldasok\/technological-enhancement-tools\/#breadcrumb","itemListElement":[{"@type":"ListItem","position":1,"name":"Home","item":"https:\/\/meetsafe.hu\/hu\/"},{"@type":"ListItem","position":2,"name":"Virtu\u00e1lis rendezv\u00e9nymegold\u00e1sok","item":"https:\/\/meetsafe.hu\/hu\/virtualis-rendezvenymegoldasok\/"},{"@type":"ListItem","position":3,"name":"Technological Enhancement Tools"}]},{"@type":"WebSite","@id":"https:\/\/meetsafe.hu\/hu\/#website","url":"https:\/\/meetsafe.hu\/hu\/","name":"Meet Safe","description":"SE","potentialAction":[{"@type":"SearchAction","target":{"@type":"EntryPoint","urlTemplate":"https:\/\/meetsafe.hu\/hu\/?s={search_term_string}"},"query-input":{"@type":"PropertyValueSpecification","valueRequired":true,"valueName":"search_term_string"}}],"inLanguage":"hu"}]}},"_links":{"self":[{"href":"https:\/\/meetsafe.hu\/hu\/wp-json\/wp\/v2\/pages\/471"}],"collection":[{"href":"https:\/\/meetsafe.hu\/hu\/wp-json\/wp\/v2\/pages"}],"about":[{"href":"https:\/\/meetsafe.hu\/hu\/wp-json\/wp\/v2\/types\/page"}],"author":[{"embeddable":true,"href":"https:\/\/meetsafe.hu\/hu\/wp-json\/wp\/v2\/users\/1"}],"replies":[{"embeddable":true,"href":"https:\/\/meetsafe.hu\/hu\/wp-json\/wp\/v2\/comments?post=471"}],"version-history":[{"count":44,"href":"https:\/\/meetsafe.hu\/hu\/wp-json\/wp\/v2\/pages\/471\/revisions"}],"predecessor-version":[{"id":2506,"href":"https:\/\/meetsafe.hu\/hu\/wp-json\/wp\/v2\/pages\/471\/revisions\/2506"}],"up":[{"embeddable":true,"href":"https:\/\/meetsafe.hu\/hu\/wp-json\/wp\/v2\/pages\/274"}],"wp:attachment":[{"href":"https:\/\/meetsafe.hu\/hu\/wp-json\/wp\/v2\/media?parent=471"}],"curies":[{"name":"wp","href":"https:\/\/api.w.org\/{rel}","templated":true}]}}