{"id":487,"date":"2020-07-30T12:13:26","date_gmt":"2020-07-30T10:13:26","guid":{"rendered":"https:\/\/meetsafe.hu\/?page_id=487"},"modified":"2020-12-18T15:46:31","modified_gmt":"2020-12-18T14:46:31","slug":"uj-szabadteri-rendezvenyek","status":"publish","type":"page","link":"https:\/\/meetsafe.hu\/hu\/uj-elo-rendezvenyformak\/uj-szabadteri-rendezvenyek\/","title":{"rendered":"\u00daj Szabadt\u00e9ri Rendezv\u00e9nyek"},"content":{"rendered":"\t\t<div data-elementor-type=\"wp-page\" data-elementor-id=\"487\" class=\"elementor elementor-487\" data-elementor-post-type=\"page\">\n\t\t\t\t\t\t<section class=\"elementor-section elementor-top-section elementor-element elementor-element-457e7e39 elementor-section-content-top elementor-section-full_width elementor-section-height-default elementor-section-height-default\" data-id=\"457e7e39\" data-element_type=\"section\">\n\t\t\t\t\t\t<div class=\"elementor-container elementor-column-gap-default\">\n\t\t\t\t\t<div class=\"elementor-column elementor-col-100 elementor-top-column elementor-element elementor-element-5dae03e2\" data-id=\"5dae03e2\" data-element_type=\"column\">\n\t\t\t<div class=\"elementor-widget-wrap elementor-element-populated\">\n\t\t\t\t\t\t<div class=\"elementor-element elementor-element-1873c781 animated-slow elementor-widget elementor-widget-heading\" data-id=\"1873c781\" data-element_type=\"widget\" data-settings=\"{&quot;_animation&quot;:&quot;none&quot;,&quot;_animation_delay&quot;:0}\" data-widget_type=\"heading.default\">\n\t\t\t\t<div class=\"elementor-widget-container\">\n\t\t\t<h2 class=\"elementor-heading-title elementor-size-default\">\u00faj \u00e9l\u0151 rendezv\u00e9nyform\u00e1k<\/h2>\t\t<\/div>\n\t\t\t\t<\/div>\n\t\t\t\t<div class=\"elementor-element elementor-element-40ce37c4 animated-slow elementor-widget elementor-widget-heading\" data-id=\"40ce37c4\" data-element_type=\"widget\" data-settings=\"{&quot;_animation&quot;:&quot;none&quot;,&quot;_animation_delay&quot;:100}\" data-widget_type=\"heading.default\">\n\t\t\t\t<div class=\"elementor-widget-container\">\n\t\t\t<h2 class=\"elementor-heading-title elementor-size-default\">\u00daj szabadt\u00e9ri rendezv\u00e9nyek<\/h2>\t\t<\/div>\n\t\t\t\t<\/div>\n\t\t\t\t<div class=\"elementor-element elementor-element-75cf9bcb animated-slow elementor-widget elementor-widget-text-editor\" data-id=\"75cf9bcb\" data-element_type=\"widget\" data-settings=\"{&quot;_animation&quot;:&quot;none&quot;,&quot;_animation_delay&quot;:200}\" data-widget_type=\"text-editor.default\">\n\t\t\t\t<div class=\"elementor-widget-container\">\n\t\t\t\t\t\t\t<p>A k\u00fcl\u00f6nleges term\u00e9szeti adotts\u00e1gokkal rendelkez\u0151 helysz\u00ednek \u00f6nmagukban is leny\u0171g\u00f6z\u0151 alaphangulatot var\u00e1zsolnak, r\u00e1ad\u00e1sul a v\u00edrussal szemben is sokkal nagyobb biztons\u00e1got ny\u00fajt most a term\u00e9szet, mindemellett a fert\u0151tlen\u00edt\u00e9sre sem kell annyi energi\u00e1t ford\u00edtani, mint egy z\u00e1rt t\u00e9rben.<\/p>\t\t\t\t\t\t<\/div>\n\t\t\t\t<\/div>\n\t\t\t\t<div class=\"elementor-element elementor-element-93aecf0 elementor-blockquote--skin-border elementor-blockquote--button-color-official elementor-widget elementor-widget-blockquote\" data-id=\"93aecf0\" data-element_type=\"widget\" data-widget_type=\"blockquote.default\">\n\t\t\t\t<div class=\"elementor-widget-container\">\n\t\t\t\t\t<blockquote class=\"elementor-blockquote\">\n\t\t\t<p class=\"elementor-blockquote__content\">\n\t\t\t\tMiut\u00e1n az emberek m\u00e1r nagyon v\u00e1gynak t\u00e1rsas\u00e1gba, az \u00fajragondolt szabadt\u00e9ri esem\u00e9nyekkel m\u00e9g ink\u00e1bb ki lehet szolg\u00e1lni ezen ig\u00e9ny\u00fcket.\t\t\t<\/p>\n\t\t\t\t\t<\/blockquote>\n\t\t\t\t<\/div>\n\t\t\t\t<\/div>\n\t\t\t\t<div class=\"elementor-element elementor-element-d149086 animated-slow elementor-widget elementor-widget-text-editor\" data-id=\"d149086\" data-element_type=\"widget\" data-settings=\"{&quot;_animation&quot;:&quot;none&quot;,&quot;_animation_delay&quot;:200}\" data-widget_type=\"text-editor.default\">\n\t\t\t\t<div class=\"elementor-widget-container\">\n\t\t\t\t\t\t\t<p>Az \u00e9lm\u00e9ny \u00e9s a bizalom n\u00f6vel\u00e9se \u00e9rdek\u00e9ben a k\u00f6vetkez\u0151 f\u0151 szempontoknak megfelel\u0151 szabadt\u00e9ri helysz\u00edneket javaslunk:<\/p><p>\u25cf a szigor\u00fa higi\u00e9niai el\u0151\u00edr\u00e1sok betarthat\u00f3k<\/p><p>\u25cf l\u00e1tv\u00e1nyos, exkluz\u00edv helysz\u00ednek, amelyek nincsenek a k\u00f6ztudatban \u00e9s\/vagy ahova egy\u00e9ni szervez\u00e9sben nem lehetne eljutni<\/p><p>\u25cf k\u00e9nyelmes megk\u00f6zel\u00edthet\u0151s\u00e9g (a k\u00f6nny\u0171 parkol\u00e1s fontosabb szempont mint valaha)<\/p><p>\u25cf a helysz\u00edn \u00e9s a helysz\u00edn \u00e1ltal ny\u00fajtott szolg\u00e1ltat\u00e1sok lehet\u0151v\u00e9 teszik \u00f6sszehangolt kreat\u00edv koncepci\u00f3k megval\u00f3s\u00edt\u00e1s\u00e1t<\/p><p>\u25cf egyedi, k\u00fcl\u00f6nleges programoknak tud otthont adni<\/p><p>\u25cf vend\u00e9gl\u00e1t\u00e1s kialak\u00edt\u00e1s\u00e1ra alkalmas adotts\u00e1gai vannak (amennyiben a helysz\u00edn nem rendelkezik ide\u00e1lis vend\u00e9gl\u00e1t\u00f3hellyel)<\/p><p>\u25cf megfelel\u0151 fedett alternat\u00edva illeszthet\u0151 hozz\u00e1 kedvez\u0151tlen id\u0151j\u00e1r\u00e1s eset\u00e9re<\/p>\t\t\t\t\t\t<\/div>\n\t\t\t\t<\/div>\n\t\t\t\t\t<\/div>\n\t\t<\/div>\n\t\t\t\t\t<\/div>\n\t\t<\/section>\n\t\t\t\t<section class=\"elementor-section elementor-top-section elementor-element elementor-element-7e625cc9 elementor-section-full_width elementor-section-content-top elementor-section-height-default elementor-section-height-default\" data-id=\"7e625cc9\" data-element_type=\"section\">\n\t\t\t\t\t\t<div class=\"elementor-container elementor-column-gap-default\">\n\t\t\t\t\t<div class=\"elementor-column elementor-col-100 elementor-top-column elementor-element elementor-element-35b7ceb8\" data-id=\"35b7ceb8\" data-element_type=\"column\">\n\t\t\t<div class=\"elementor-widget-wrap elementor-element-populated\">\n\t\t\t\t\t\t<div class=\"elementor-element elementor-element-4277a5e3 elementor-widget elementor-widget-heading\" data-id=\"4277a5e3\" data-element_type=\"widget\" data-widget_type=\"heading.default\">\n\t\t\t\t<div class=\"elementor-widget-container\">\n\t\t\t<h2 class=\"elementor-heading-title elementor-size-default\">S\u00e1trak haszn\u00e1lat\u00e1ban rejl\u0151 lehet\u0151s\u00e9gek<\/h2>\t\t<\/div>\n\t\t\t\t<\/div>\n\t\t\t\t<div class=\"elementor-element elementor-element-16480d13 elementor-widget elementor-widget-text-editor\" data-id=\"16480d13\" data-element_type=\"widget\" data-widget_type=\"text-editor.default\">\n\t\t\t\t<div class=\"elementor-widget-container\">\n\t\t\t\t\t\t\t<p>Szabadt\u00e9ri rendezv\u00e9nyek eset\u00e9n ide\u00e1lis megold\u00e1s lehet fedett t\u00e9r biztos\u00edt\u00e1s\u00e1ra vagy exkluz\u00edv t\u00e9rk\u00e9nt. K\u00fcl\u00f6nleges, sz\u00e1ll\u00edthat\u00f3 fedett terek l\u00e9trehoz\u00e1s\u00e1val (pl. d\u00f3m s\u00e1trakkal) el lehet szakadni a megszokott helysz\u00ednekt\u0151l, a rendezv\u00e9ny gyakorlatilag b\u00e1rhol megval\u00f3s\u00edthat\u00f3, legyen az egy erd\u0151 sz\u00e9le vagy egy \u00e9p\u00fclet teteje \u2013 ennek csak a fant\u00e1zia \u00e9s a rendezv\u00e9ny jellege szab hat\u00e1rt.<\/p><p>Ez a megold\u00e1s t\u00f6k\u00e9letes helysz\u00ednt biztos\u00edthat kisebb l\u00e9tsz\u00e1m\u00fa esem\u00e9nyek megval\u00f3s\u00edt\u00e1s\u00e1hoz, kezdve a csapat\u00e9p\u00edt\u0151 programokt\u00f3l a mini konferenci\u00e1kon \u00e1t az eleg\u00e1ns vacsor\u00e1kig.<\/p>\t\t\t\t\t\t<\/div>\n\t\t\t\t<\/div>\n\t\t\t\t\t<\/div>\n\t\t<\/div>\n\t\t\t\t\t<\/div>\n\t\t<\/section>\n\t\t\t\t<section class=\"elementor-section elementor-top-section elementor-element elementor-element-10ef2269 elementor-section-content-top elementor-section-full_width elementor-section-height-default elementor-section-height-default\" data-id=\"10ef2269\" data-element_type=\"section\">\n\t\t\t\t\t\t<div class=\"elementor-container elementor-column-gap-default\">\n\t\t\t\t\t<div class=\"elementor-column elementor-col-100 elementor-top-column elementor-element elementor-element-4d62c3ed\" data-id=\"4d62c3ed\" data-element_type=\"column\">\n\t\t\t<div class=\"elementor-widget-wrap elementor-element-populated\">\n\t\t\t\t\t\t<div class=\"elementor-element elementor-element-283c967f elementor-widget elementor-widget-gallery\" data-id=\"283c967f\" data-element_type=\"widget\" data-settings=\"{&quot;gallery_layout&quot;:&quot;justified&quot;,&quot;ideal_row_height&quot;:{&quot;unit&quot;:&quot;px&quot;,&quot;size&quot;:272,&quot;sizes&quot;:[]},&quot;lazyload&quot;:&quot;yes&quot;,&quot;ideal_row_height_tablet&quot;:{&quot;unit&quot;:&quot;px&quot;,&quot;size&quot;:150,&quot;sizes&quot;:[]},&quot;ideal_row_height_mobile&quot;:{&quot;unit&quot;:&quot;px&quot;,&quot;size&quot;:150,&quot;sizes&quot;:[]},&quot;gap&quot;:{&quot;unit&quot;:&quot;px&quot;,&quot;size&quot;:10,&quot;sizes&quot;:[]},&quot;gap_tablet&quot;:{&quot;unit&quot;:&quot;px&quot;,&quot;size&quot;:10,&quot;sizes&quot;:[]},&quot;gap_mobile&quot;:{&quot;unit&quot;:&quot;px&quot;,&quot;size&quot;:10,&quot;sizes&quot;:[]},&quot;show_all_galleries&quot;:&quot;yes&quot;,&quot;content_hover_animation&quot;:&quot;fade-in&quot;}\" data-widget_type=\"gallery.default\">\n\t\t\t\t<div class=\"elementor-widget-container\">\n\t\t\t\t\t\t<div class=\"elementor-gallery__titles-container e--pointer-double-line e--animation-fade\" aria-label=\"Gallery filter\">\n\t\t\t\t\t\t\t\t\t<a class=\"elementor-item elementor-gallery-title\" role=\"button\" tabindex=\"0\" data-gallery-index=\"all\">\n\t\t\t\t\t\t\u00d6sszes\t\t\t\t\t<\/a>\n\t\t\t\t\n\t\t\t\t\t\t\t\t\t<a class=\"elementor-item elementor-gallery-title\" role=\"button\" tabindex=\"0\" data-gallery-index=\"0\">\n\t\t\t\t\t\tBackyard koncertek\t\t\t\t\t<\/a>\n\t\t\t\t\t\t\t\t\t\t<a class=\"elementor-item elementor-gallery-title\" role=\"button\" tabindex=\"0\" data-gallery-index=\"1\">\n\t\t\t\t\t\tEsem\u00e9nyek kertben \/ parkokban\t\t\t\t\t<\/a>\n\t\t\t\t\t\t\t\t\t\t<a class=\"elementor-item elementor-gallery-title\" role=\"button\" tabindex=\"0\" data-gallery-index=\"2\">\n\t\t\t\t\t\tRendezv\u00e9nyek a v\u00e1ros felett\t\t\t\t\t<\/a>\n\t\t\t\t\t\t\t\t\t\t<a class=\"elementor-item elementor-gallery-title\" role=\"button\" tabindex=\"0\" data-gallery-index=\"3\">\n\t\t\t\t\t\t\u00daj szabadt\u00e9ri esem\u00e9nyek\t\t\t\t\t<\/a>\n\t\t\t\t\t\t\t\t\t\t<a class=\"elementor-item elementor-gallery-title\" role=\"button\" tabindex=\"0\" data-gallery-index=\"4\">\n\t\t\t\t\t\tVilla \/ kast\u00e9ly rendezv\u00e9nyek \t\t\t\t\t<\/a>\n\t\t\t\t\t\t\t\t\t\t<a class=\"elementor-item elementor-gallery-title\" role=\"button\" tabindex=\"0\" data-gallery-index=\"5\">\n\t\t\t\t\t\tV\u00edzparti esem\u00e9nyek\t\t\t\t\t<\/a>\n\t\t\t\t\t\t\t\t<\/div>\n\t\t\t\t\t<div class=\"elementor-gallery__container\">\n\t\t\t\t\t\t\t<div class=\"e-gallery-item elementor-gallery-item elementor-animated-content\" data-e-gallery-tags=\"0\">\n\t\t\t\t\t<div class=\"e-gallery-image elementor-gallery-item__image\" data-thumbnail=\"https:\/\/meetsafe.hu\/wp-content\/uploads\/2020\/08\/outdoor_5.png\" data-width=\"600\" data-height=\"900\" aria-label=\"\" role=\"img\" ><\/div>\n\t\t\t\t\t\t\t\t\t\t\t\t\t\t<\/div>\n\t\t\t\t\t\t\t<div class=\"e-gallery-item elementor-gallery-item elementor-animated-content\" data-e-gallery-tags=\"1\">\n\t\t\t\t\t<div class=\"e-gallery-image elementor-gallery-item__image\" data-thumbnail=\"https:\/\/meetsafe.hu\/wp-content\/uploads\/2020\/08\/outdoor_6.png\" data-width=\"600\" data-height=\"900\" aria-label=\"\" role=\"img\" ><\/div>\n\t\t\t\t\t\t\t\t\t\t\t\t\t\t<\/div>\n\t\t\t\t\t\t\t<div class=\"e-gallery-item elementor-gallery-item elementor-animated-content\" data-e-gallery-tags=\"1\">\n\t\t\t\t\t<div class=\"e-gallery-image elementor-gallery-item__image\" data-thumbnail=\"https:\/\/meetsafe.hu\/wp-content\/uploads\/2020\/08\/outdoor_7.png\" data-width=\"600\" data-height=\"900\" aria-label=\"\" role=\"img\" ><\/div>\n\t\t\t\t\t\t\t\t\t\t\t\t\t\t<\/div>\n\t\t\t\t\t\t\t<div class=\"e-gallery-item elementor-gallery-item elementor-animated-content\" data-e-gallery-tags=\"1\">\n\t\t\t\t\t<div class=\"e-gallery-image elementor-gallery-item__image\" data-thumbnail=\"https:\/\/meetsafe.hu\/wp-content\/uploads\/2020\/08\/outdoor_13.png\" data-width=\"600\" data-height=\"900\" aria-label=\"\" role=\"img\" ><\/div>\n\t\t\t\t\t\t\t\t\t\t\t\t\t\t<\/div>\n\t\t\t\t\t\t\t<div class=\"e-gallery-item elementor-gallery-item elementor-animated-content\" data-e-gallery-tags=\"2\">\n\t\t\t\t\t<div class=\"e-gallery-image elementor-gallery-item__image\" data-thumbnail=\"https:\/\/meetsafe.hu\/wp-content\/uploads\/2020\/08\/outdoor_10.png\" data-width=\"900\" data-height=\"600\" aria-label=\"\" role=\"img\" ><\/div>\n\t\t\t\t\t\t\t\t\t\t\t\t\t\t<\/div>\n\t\t\t\t\t\t\t<div class=\"e-gallery-item elementor-gallery-item elementor-animated-content\" data-e-gallery-tags=\"2\">\n\t\t\t\t\t<div class=\"e-gallery-image elementor-gallery-item__image\" data-thumbnail=\"https:\/\/meetsafe.hu\/wp-content\/uploads\/2020\/08\/outdoor_11.png\" data-width=\"680\" data-height=\"600\" aria-label=\"\" role=\"img\" ><\/div>\n\t\t\t\t\t\t\t\t\t\t\t\t\t\t<\/div>\n\t\t\t\t\t\t\t<div class=\"e-gallery-item elementor-gallery-item elementor-animated-content\" data-e-gallery-tags=\"2\">\n\t\t\t\t\t<div class=\"e-gallery-image elementor-gallery-item__image\" data-thumbnail=\"https:\/\/meetsafe.hu\/wp-content\/uploads\/2020\/08\/outdoor_12.png\" data-width=\"600\" data-height=\"900\" aria-label=\"\" role=\"img\" ><\/div>\n\t\t\t\t\t\t\t\t\t\t\t\t\t\t<\/div>\n\t\t\t\t\t\t\t<div class=\"e-gallery-item elementor-gallery-item elementor-animated-content\" data-e-gallery-tags=\"3\">\n\t\t\t\t\t<div class=\"e-gallery-image elementor-gallery-item__image\" data-thumbnail=\"https:\/\/meetsafe.hu\/wp-content\/uploads\/2020\/08\/outdoor_8.png\" data-width=\"600\" data-height=\"900\" aria-label=\"\" role=\"img\" ><\/div>\n\t\t\t\t\t\t\t\t\t\t\t\t\t\t<\/div>\n\t\t\t\t\t\t\t<div class=\"e-gallery-item elementor-gallery-item elementor-animated-content\" data-e-gallery-tags=\"3\">\n\t\t\t\t\t<div class=\"e-gallery-image elementor-gallery-item__image\" data-thumbnail=\"https:\/\/meetsafe.hu\/wp-content\/uploads\/2020\/08\/outdoor_9.png\" data-width=\"900\" data-height=\"600\" aria-label=\"\" role=\"img\" ><\/div>\n\t\t\t\t\t\t\t\t\t\t\t\t\t\t<\/div>\n\t\t\t\t\t\t\t<div class=\"e-gallery-item elementor-gallery-item elementor-animated-content\" data-e-gallery-tags=\"3\">\n\t\t\t\t\t<div class=\"e-gallery-image elementor-gallery-item__image\" data-thumbnail=\"https:\/\/meetsafe.hu\/wp-content\/uploads\/2020\/12\/20200910_POLE_SzepmuveszetiMuzeum_26-scaled.jpg\" data-width=\"2560\" data-height=\"1709\" aria-label=\"\" role=\"img\" ><\/div>\n\t\t\t\t\t\t\t\t\t\t\t\t\t\t<\/div>\n\t\t\t\t\t\t\t<div class=\"e-gallery-item elementor-gallery-item elementor-animated-content\" data-e-gallery-tags=\"3\">\n\t\t\t\t\t<div class=\"e-gallery-image elementor-gallery-item__image\" data-thumbnail=\"https:\/\/meetsafe.hu\/wp-content\/uploads\/2020\/12\/20201002_Szepmu_Udvar_Setup_1_02.jpg\" data-width=\"1280\" data-height=\"720\" aria-label=\"\" role=\"img\" ><\/div>\n\t\t\t\t\t\t\t\t\t\t\t\t\t\t<\/div>\n\t\t\t\t\t\t\t<div class=\"e-gallery-item elementor-gallery-item elementor-animated-content\" data-e-gallery-tags=\"3\">\n\t\t\t\t\t<div class=\"e-gallery-image elementor-gallery-item__image\" data-thumbnail=\"https:\/\/meetsafe.hu\/wp-content\/uploads\/2020\/12\/20201002_Szepmu_Udvar_Setup_2_04.jpg\" data-width=\"1280\" data-height=\"720\" aria-label=\"\" role=\"img\" ><\/div>\n\t\t\t\t\t\t\t\t\t\t\t\t\t\t<\/div>\n\t\t\t\t\t\t\t<div class=\"e-gallery-item elementor-gallery-item elementor-animated-content\" data-e-gallery-tags=\"3\">\n\t\t\t\t\t<div class=\"e-gallery-image elementor-gallery-item__image\" data-thumbnail=\"https:\/\/meetsafe.hu\/wp-content\/uploads\/2020\/12\/Szepmu_terv_fotel-1.jpg\" data-width=\"1280\" data-height=\"720\" aria-label=\"\" role=\"img\" ><\/div>\n\t\t\t\t\t\t\t\t\t\t\t\t\t\t<\/div>\n\t\t\t\t\t\t\t<div class=\"e-gallery-item elementor-gallery-item elementor-animated-content\" data-e-gallery-tags=\"4\">\n\t\t\t\t\t<div class=\"e-gallery-image elementor-gallery-item__image\" data-thumbnail=\"https:\/\/meetsafe.hu\/wp-content\/uploads\/2020\/08\/outdoor_3.png\" data-width=\"900\" data-height=\"600\" aria-label=\"\" role=\"img\" ><\/div>\n\t\t\t\t\t\t\t\t\t\t\t\t\t\t<\/div>\n\t\t\t\t\t\t\t<div class=\"e-gallery-item elementor-gallery-item elementor-animated-content\" data-e-gallery-tags=\"4\">\n\t\t\t\t\t<div class=\"e-gallery-image elementor-gallery-item__image\" data-thumbnail=\"https:\/\/meetsafe.hu\/wp-content\/uploads\/2020\/08\/outdoor_4.png\" data-width=\"900\" data-height=\"600\" aria-label=\"\" role=\"img\" ><\/div>\n\t\t\t\t\t\t\t\t\t\t\t\t\t\t<\/div>\n\t\t\t\t\t\t\t<div class=\"e-gallery-item elementor-gallery-item elementor-animated-content\" data-e-gallery-tags=\"5\">\n\t\t\t\t\t<div class=\"e-gallery-image elementor-gallery-item__image\" data-thumbnail=\"https:\/\/meetsafe.hu\/wp-content\/uploads\/2020\/08\/outdoor_1.png\" data-width=\"900\" data-height=\"600\" aria-label=\"\" role=\"img\" ><\/div>\n\t\t\t\t\t\t\t\t\t\t\t\t\t\t<\/div>\n\t\t\t\t\t\t\t<div class=\"e-gallery-item elementor-gallery-item elementor-animated-content\" data-e-gallery-tags=\"5\">\n\t\t\t\t\t<div class=\"e-gallery-image elementor-gallery-item__image\" data-thumbnail=\"https:\/\/meetsafe.hu\/wp-content\/uploads\/2020\/08\/outdoor_2.png\" data-width=\"600\" data-height=\"900\" aria-label=\"\" role=\"img\" ><\/div>\n\t\t\t\t\t\t\t\t\t\t\t\t\t\t<\/div>\n\t\t\t\t\t<\/div>\n\t\t\t<\/div>\n\t\t\t\t<\/div>\n\t\t\t\t\t<\/div>\n\t\t<\/div>\n\t\t\t\t\t<\/div>\n\t\t<\/section>\n\t\t\t\t<section class=\"elementor-section elementor-top-section elementor-element elementor-element-4d3aba01 elementor-section-content-middle elementor-section-full_width elementor-section-height-default elementor-section-height-default\" data-id=\"4d3aba01\" data-element_type=\"section\" data-settings=\"{&quot;background_background&quot;:&quot;classic&quot;}\">\n\t\t\t\t\t\t<div class=\"elementor-container elementor-column-gap-no\">\n\t\t\t\t\t<div class=\"elementor-column elementor-col-100 elementor-top-column elementor-element elementor-element-66350f85\" data-id=\"66350f85\" data-element_type=\"column\">\n\t\t\t<div class=\"elementor-widget-wrap elementor-element-populated\">\n\t\t\t\t\t\t<div class=\"elementor-element elementor-element-6fe45544 elementor-widget elementor-widget-heading\" data-id=\"6fe45544\" data-element_type=\"widget\" data-widget_type=\"heading.default\">\n\t\t\t\t<div class=\"elementor-widget-container\">\n\t\t\t<div class=\"elementor-heading-title elementor-size-default\">\u00a9 SPECIAL EFFECTS ZRT. <br>kraftwerk design &amp; production llc.<br>MINDEN JOG FENNTARTVA. 2020<\/div>\t\t<\/div>\n\t\t\t\t<\/div>\n\t\t\t\t\t<\/div>\n\t\t<\/div>\n\t\t\t\t\t<\/div>\n\t\t<\/section>\n\t\t\t\t<\/div>\n\t\t","protected":false},"excerpt":{"rendered":"<p>\u00faj \u00e9l\u0151 rendezv\u00e9nyform\u00e1k \u00daj szabadt\u00e9ri rendezv\u00e9nyek A k\u00fcl\u00f6nleges term\u00e9szeti adotts\u00e1gokkal rendelkez\u0151 helysz\u00ednek \u00f6nmagukban is leny\u0171g\u00f6z\u0151 alaphangulatot var\u00e1zsolnak, r\u00e1ad\u00e1sul a v\u00edrussal szemben is sokkal nagyobb biztons\u00e1got ny\u00fajt most a term\u00e9szet, mindemellett a fert\u0151tlen\u00edt\u00e9sre sem kell annyi energi\u00e1t ford\u00edtani, mint egy z\u00e1rt t\u00e9rben. Miut\u00e1n az emberek m\u00e1r nagyon v\u00e1gynak t\u00e1rsas\u00e1gba, az \u00fajragondolt szabadt\u00e9ri esem\u00e9nyekkel m\u00e9g ink\u00e1bb ki [&hellip;]<\/p>\n","protected":false},"author":1,"featured_media":0,"parent":483,"menu_order":0,"comment_status":"closed","ping_status":"closed","template":"","meta":{"footnotes":""},"class_list":["post-487","page","type-page","status-publish","hentry"],"yoast_head":"<!-- This site is optimized with the Yoast SEO plugin v23.6 - https:\/\/yoast.com\/wordpress\/plugins\/seo\/ -->\n<title>\u00daj Szabadt\u00e9ri Rendezv\u00e9nyek - Meet Safe<\/title>\n<meta name=\"robots\" content=\"index, follow, max-snippet:-1, max-image-preview:large, max-video-preview:-1\" \/>\n<link rel=\"canonical\" href=\"https:\/\/meetsafe.hu\/hu\/uj-elo-rendezvenyformak\/uj-szabadteri-rendezvenyek\/\" \/>\n<meta property=\"og:locale\" content=\"hu_HU\" \/>\n<meta property=\"og:type\" content=\"article\" \/>\n<meta property=\"og:title\" content=\"\u00daj Szabadt\u00e9ri Rendezv\u00e9nyek - Meet Safe\" \/>\n<meta property=\"og:description\" content=\"\u00faj \u00e9l\u0151 rendezv\u00e9nyform\u00e1k \u00daj szabadt\u00e9ri rendezv\u00e9nyek A k\u00fcl\u00f6nleges term\u00e9szeti adotts\u00e1gokkal rendelkez\u0151 helysz\u00ednek \u00f6nmagukban is leny\u0171g\u00f6z\u0151 alaphangulatot var\u00e1zsolnak, r\u00e1ad\u00e1sul a v\u00edrussal szemben is sokkal nagyobb biztons\u00e1got ny\u00fajt most a term\u00e9szet, mindemellett a fert\u0151tlen\u00edt\u00e9sre sem kell annyi energi\u00e1t ford\u00edtani, mint egy z\u00e1rt t\u00e9rben. Miut\u00e1n az emberek m\u00e1r nagyon v\u00e1gynak t\u00e1rsas\u00e1gba, az \u00fajragondolt szabadt\u00e9ri esem\u00e9nyekkel m\u00e9g ink\u00e1bb ki [&hellip;]\" \/>\n<meta property=\"og:url\" content=\"https:\/\/meetsafe.hu\/hu\/uj-elo-rendezvenyformak\/uj-szabadteri-rendezvenyek\/\" \/>\n<meta property=\"og:site_name\" content=\"Meet Safe\" \/>\n<meta property=\"article:publisher\" content=\"https:\/\/www.facebook.com\/meetsafe.speceffects\" \/>\n<meta property=\"article:modified_time\" content=\"2020-12-18T14:46:31+00:00\" \/>\n<meta name=\"twitter:card\" content=\"summary_large_image\" \/>\n<meta name=\"twitter:label1\" content=\"Becs\u00fclt olvas\u00e1si id\u0151\" \/>\n\t<meta name=\"twitter:data1\" content=\"2 perc\" \/>\n<script type=\"application\/ld+json\" class=\"yoast-schema-graph\">{\"@context\":\"https:\/\/schema.org\",\"@graph\":[{\"@type\":\"WebPage\",\"@id\":\"https:\/\/meetsafe.hu\/uj-elo-rendezvenyformak\/uj-szabadteri-rendezvenyek\/\",\"url\":\"https:\/\/meetsafe.hu\/uj-elo-rendezvenyformak\/uj-szabadteri-rendezvenyek\/\",\"name\":\"\u00daj Szabadt\u00e9ri Rendezv\u00e9nyek - Meet Safe\",\"isPartOf\":{\"@id\":\"https:\/\/meetsafe.hu\/hu\/#website\"},\"datePublished\":\"2020-07-30T10:13:26+00:00\",\"dateModified\":\"2020-12-18T14:46:31+00:00\",\"breadcrumb\":{\"@id\":\"https:\/\/meetsafe.hu\/uj-elo-rendezvenyformak\/uj-szabadteri-rendezvenyek\/#breadcrumb\"},\"inLanguage\":\"hu\",\"potentialAction\":[{\"@type\":\"ReadAction\",\"target\":[\"https:\/\/meetsafe.hu\/uj-elo-rendezvenyformak\/uj-szabadteri-rendezvenyek\/\"]}]},{\"@type\":\"BreadcrumbList\",\"@id\":\"https:\/\/meetsafe.hu\/uj-elo-rendezvenyformak\/uj-szabadteri-rendezvenyek\/#breadcrumb\",\"itemListElement\":[{\"@type\":\"ListItem\",\"position\":1,\"name\":\"Home\",\"item\":\"https:\/\/meetsafe.hu\/hu\/\"},{\"@type\":\"ListItem\",\"position\":2,\"name\":\"\u00daj \u00c9l\u0151 Rendezv\u00e9nyform\u00e1k\",\"item\":\"https:\/\/meetsafe.hu\/uj-elo-rendezvenyformak\/\"},{\"@type\":\"ListItem\",\"position\":3,\"name\":\"\u00daj Szabadt\u00e9ri Rendezv\u00e9nyek\"}]},{\"@type\":\"WebSite\",\"@id\":\"https:\/\/meetsafe.hu\/hu\/#website\",\"url\":\"https:\/\/meetsafe.hu\/hu\/\",\"name\":\"Meet Safe\",\"description\":\"SE\",\"potentialAction\":[{\"@type\":\"SearchAction\",\"target\":{\"@type\":\"EntryPoint\",\"urlTemplate\":\"https:\/\/meetsafe.hu\/hu\/?s={search_term_string}\"},\"query-input\":{\"@type\":\"PropertyValueSpecification\",\"valueRequired\":true,\"valueName\":\"search_term_string\"}}],\"inLanguage\":\"hu\"}]}<\/script>\n<!-- \/ Yoast SEO plugin. -->","yoast_head_json":{"title":"\u00daj Szabadt\u00e9ri Rendezv\u00e9nyek - Meet Safe","robots":{"index":"index","follow":"follow","max-snippet":"max-snippet:-1","max-image-preview":"max-image-preview:large","max-video-preview":"max-video-preview:-1"},"canonical":"https:\/\/meetsafe.hu\/hu\/uj-elo-rendezvenyformak\/uj-szabadteri-rendezvenyek\/","og_locale":"hu_HU","og_type":"article","og_title":"\u00daj Szabadt\u00e9ri Rendezv\u00e9nyek - Meet Safe","og_description":"\u00faj \u00e9l\u0151 rendezv\u00e9nyform\u00e1k \u00daj szabadt\u00e9ri rendezv\u00e9nyek A k\u00fcl\u00f6nleges term\u00e9szeti adotts\u00e1gokkal rendelkez\u0151 helysz\u00ednek \u00f6nmagukban is leny\u0171g\u00f6z\u0151 alaphangulatot var\u00e1zsolnak, r\u00e1ad\u00e1sul a v\u00edrussal szemben is sokkal nagyobb biztons\u00e1got ny\u00fajt most a term\u00e9szet, mindemellett a fert\u0151tlen\u00edt\u00e9sre sem kell annyi energi\u00e1t ford\u00edtani, mint egy z\u00e1rt t\u00e9rben. Miut\u00e1n az emberek m\u00e1r nagyon v\u00e1gynak t\u00e1rsas\u00e1gba, az \u00fajragondolt szabadt\u00e9ri esem\u00e9nyekkel m\u00e9g ink\u00e1bb ki [&hellip;]","og_url":"https:\/\/meetsafe.hu\/hu\/uj-elo-rendezvenyformak\/uj-szabadteri-rendezvenyek\/","og_site_name":"Meet Safe","article_publisher":"https:\/\/www.facebook.com\/meetsafe.speceffects","article_modified_time":"2020-12-18T14:46:31+00:00","twitter_card":"summary_large_image","twitter_misc":{"Becs\u00fclt olvas\u00e1si id\u0151":"2 perc"},"schema":{"@context":"https:\/\/schema.org","@graph":[{"@type":"WebPage","@id":"https:\/\/meetsafe.hu\/uj-elo-rendezvenyformak\/uj-szabadteri-rendezvenyek\/","url":"https:\/\/meetsafe.hu\/uj-elo-rendezvenyformak\/uj-szabadteri-rendezvenyek\/","name":"\u00daj Szabadt\u00e9ri Rendezv\u00e9nyek - Meet Safe","isPartOf":{"@id":"https:\/\/meetsafe.hu\/hu\/#website"},"datePublished":"2020-07-30T10:13:26+00:00","dateModified":"2020-12-18T14:46:31+00:00","breadcrumb":{"@id":"https:\/\/meetsafe.hu\/uj-elo-rendezvenyformak\/uj-szabadteri-rendezvenyek\/#breadcrumb"},"inLanguage":"hu","potentialAction":[{"@type":"ReadAction","target":["https:\/\/meetsafe.hu\/uj-elo-rendezvenyformak\/uj-szabadteri-rendezvenyek\/"]}]},{"@type":"BreadcrumbList","@id":"https:\/\/meetsafe.hu\/uj-elo-rendezvenyformak\/uj-szabadteri-rendezvenyek\/#breadcrumb","itemListElement":[{"@type":"ListItem","position":1,"name":"Home","item":"https:\/\/meetsafe.hu\/hu\/"},{"@type":"ListItem","position":2,"name":"\u00daj \u00c9l\u0151 Rendezv\u00e9nyform\u00e1k","item":"https:\/\/meetsafe.hu\/uj-elo-rendezvenyformak\/"},{"@type":"ListItem","position":3,"name":"\u00daj Szabadt\u00e9ri Rendezv\u00e9nyek"}]},{"@type":"WebSite","@id":"https:\/\/meetsafe.hu\/hu\/#website","url":"https:\/\/meetsafe.hu\/hu\/","name":"Meet Safe","description":"SE","potentialAction":[{"@type":"SearchAction","target":{"@type":"EntryPoint","urlTemplate":"https:\/\/meetsafe.hu\/hu\/?s={search_term_string}"},"query-input":{"@type":"PropertyValueSpecification","valueRequired":true,"valueName":"search_term_string"}}],"inLanguage":"hu"}]}},"_links":{"self":[{"href":"https:\/\/meetsafe.hu\/hu\/wp-json\/wp\/v2\/pages\/487"}],"collection":[{"href":"https:\/\/meetsafe.hu\/hu\/wp-json\/wp\/v2\/pages"}],"about":[{"href":"https:\/\/meetsafe.hu\/hu\/wp-json\/wp\/v2\/types\/page"}],"author":[{"embeddable":true,"href":"https:\/\/meetsafe.hu\/hu\/wp-json\/wp\/v2\/users\/1"}],"replies":[{"embeddable":true,"href":"https:\/\/meetsafe.hu\/hu\/wp-json\/wp\/v2\/comments?post=487"}],"version-history":[{"count":22,"href":"https:\/\/meetsafe.hu\/hu\/wp-json\/wp\/v2\/pages\/487\/revisions"}],"predecessor-version":[{"id":2857,"href":"https:\/\/meetsafe.hu\/hu\/wp-json\/wp\/v2\/pages\/487\/revisions\/2857"}],"up":[{"embeddable":true,"href":"https:\/\/meetsafe.hu\/hu\/wp-json\/wp\/v2\/pages\/483"}],"wp:attachment":[{"href":"https:\/\/meetsafe.hu\/hu\/wp-json\/wp\/v2\/media?parent=487"}],"curies":[{"name":"wp","href":"https:\/\/api.w.org\/{rel}","templated":true}]}}